{"id":4569,"date":"2024-02-14T03:50:43","date_gmt":"2024-02-14T01:50:43","guid":{"rendered":"https:\/\/secupohl.com\/?page_id=4569"},"modified":"2024-02-14T03:50:43","modified_gmt":"2024-02-14T01:50:43","slug":"kontakt-international","status":"publish","type":"page","link":"https:\/\/secupohl.com\/pl\/kontakt-international\/","title":{"rendered":"kontakt-mi\u0119dzynarodowy"},"content":{"rendered":"<div data-elementor-type=\"wp-page\" data-elementor-id=\"4569\" class=\"elementor elementor-4569\" data-elementor-settings=\"{&quot;element_pack_global_tooltip_width&quot;:{&quot;unit&quot;:&quot;px&quot;,&quot;size&quot;:&quot;&quot;,&quot;sizes&quot;:[]},&quot;element_pack_global_tooltip_width_tablet&quot;:{&quot;unit&quot;:&quot;px&quot;,&quot;size&quot;:&quot;&quot;,&quot;sizes&quot;:[]},&quot;element_pack_global_tooltip_width_mobile&quot;:{&quot;unit&quot;:&quot;px&quot;,&quot;size&quot;:&quot;&quot;,&quot;sizes&quot;:[]},&quot;element_pack_global_tooltip_padding&quot;:{&quot;unit&quot;:&quot;px&quot;,&quot;top&quot;:&quot;&quot;,&quot;right&quot;:&quot;&quot;,&quot;bottom&quot;:&quot;&quot;,&quot;left&quot;:&quot;&quot;,&quot;isLinked&quot;:true},&quot;element_pack_global_tooltip_padding_tablet&quot;:{&quot;unit&quot;:&quot;px&quot;,&quot;top&quot;:&quot;&quot;,&quot;right&quot;:&quot;&quot;,&quot;bottom&quot;:&quot;&quot;,&quot;left&quot;:&quot;&quot;,&quot;isLinked&quot;:true},&quot;element_pack_global_tooltip_padding_mobile&quot;:{&quot;unit&quot;:&quot;px&quot;,&quot;top&quot;:&quot;&quot;,&quot;right&quot;:&quot;&quot;,&quot;bottom&quot;:&quot;&quot;,&quot;left&quot;:&quot;&quot;,&quot;isLinked&quot;:true},&quot;element_pack_global_tooltip_border_radius&quot;:{&quot;unit&quot;:&quot;px&quot;,&quot;top&quot;:&quot;&quot;,&quot;right&quot;:&quot;&quot;,&quot;bottom&quot;:&quot;&quot;,&quot;left&quot;:&quot;&quot;,&quot;isLinked&quot;:true},&quot;element_pack_global_tooltip_border_radius_tablet&quot;:{&quot;unit&quot;:&quot;px&quot;,&quot;top&quot;:&quot;&quot;,&quot;right&quot;:&quot;&quot;,&quot;bottom&quot;:&quot;&quot;,&quot;left&quot;:&quot;&quot;,&quot;isLinked&quot;:true},&quot;element_pack_global_tooltip_border_radius_mobile&quot;:{&quot;unit&quot;:&quot;px&quot;,&quot;top&quot;:&quot;&quot;,&quot;right&quot;:&quot;&quot;,&quot;bottom&quot;:&quot;&quot;,&quot;left&quot;:&quot;&quot;,&quot;isLinked&quot;:true}}\" data-elementor-post-type=\"page\">\n\t\t\t\t\t\t<section class=\"elementor-section elementor-top-section elementor-element elementor-element-8336f99 elementor-section-full_width elementor-section-stretched elementor-section-height-default elementor-section-height-default\" data-id=\"8336f99\" data-element_type=\"section\" data-e-type=\"section\" data-settings=\"{&quot;stretch_section&quot;:&quot;section-stretched&quot;}\">\n\t\t\t\t\t\t<div class=\"elementor-container elementor-column-gap-default\">\n\t\t\t\t\t<div class=\"aux-parallax-section elementor-column elementor-col-100 elementor-top-column elementor-element elementor-element-2ef4377\" data-id=\"2ef4377\" data-element_type=\"column\" data-e-type=\"column\">\n\t\t\t<div class=\"elementor-widget-wrap\">\n\t\t\t\t\t\t\t<\/div>\n\t\t<\/div>\n\t\t\t\t\t<\/div>\n\t\t<\/section>\n\t\t\t\t<\/div>","protected":false},"excerpt":{"rendered":"<p>Name Adresse Betreff Nachricht Vorname Nachname Firma E-Mail Telefon VorherigeN\u00e4chsteAdresseAdresszeile 1 Adresszeile 2 Stadt Postleitzahl Land AfghanistanAlbanienAlgerienAmerikanisch-SamoaAmerikanische JungferninselnAndorraAngolaAnguillaAntarktikaAntigua und BarbudaArgentinienArmenienArubaAserbaidschanAustralienBahamasBahrainBangladeschBarbadosBelauBelgienBelizeBeninBermudaBhutanBolivienBonaire, Saint Eustatius and SabaBosnien und HerzegowinaBotswanaBouvet IslandBrasilienBritische JungferninselnBritisches Territorium im Indischen OzeanBruneiBulgarienBurkina FasoBurundiChileChinaCookinselnCosta RicaCura&Ccedil;aoDeutschlandDominicaDominikanische RepublikDschibutiD\u00e4nemarkEcuadorEl SalvadorElfenbeink\u00fcsteEritreaEstlandFalklandinselnFidschiFinnlandFrankreichFranz\u00f6sisch-GuayanaFranz\u00f6sisch-PolynesienFranz\u00f6sische S\u00fcd- und AntarktisgebieteF\u00e4r\u00f6erGabunGambiaGeorgienGhanaGibraltarGrenadaGriechenlandGr\u00f6nlandGuadeloupeGuamGuatemalaGuernseyGuineaGuinea-BissauGuyanaHaitiHeard und McDonaldinselnHondurasHong KongIndienIndonesienIrakIranIrlandIslandIsle of ManIsraelItalienJamaikaJapanJemenJerseyJordanienKaimaninselnKambodschaKamerunKanadaKap VerdeKasachstanKatarKeniaKirgisistanKiribatiKokosinselnKolumbienKomorenKongo (Brazzaville)Kongo (Kinshasa)KosovoKroatienKubaKuwaitLaosLesothoLettlandLibanonLiberiaLibyenLiechtensteinLitauenLuxemburgMacao, ChinaMadagaskarMalawiMalaysiaMaledivenMaliMaltaMarokkoMarshallinselnMartiniqueMauretanienMauritiusMayotteMazedonienMexikoMikronesienMoldawienMonacoMongoleiMontenegroMontserratMosambikMyanmarNamibiaNauruNepalNeukaledonienNeuseelandNicaraguaNiederlandeNigerNigeriaNiueNordkoreaNorfolkinselNorwegenN\u00f6rdliche MarianenOmanPakistanPal\u00e4stinensisches TerritoriumPanamaPapua-NeuguineaParaguayPeruPhilippinenPitcairnPolenPortugalPuerto RicoRuandaRum\u00e4nienRusslandR\u00e9unionS&atilde;o Tom&eacute; and Pr&iacute;ncipeSaint Barth&eacute;lemySaint-Pierre [&hellip;]<\/p>\n","protected":false},"author":1,"featured_media":0,"parent":0,"menu_order":0,"comment_status":"closed","ping_status":"closed","template":"","meta":{"footnotes":""},"seiten_kategorie":[],"class_list":["post-4569","page","type-page","status-publish","hentry"],"_links":{"self":[{"href":"https:\/\/secupohl.com\/pl\/wp-json\/wp\/v2\/pages\/4569","targetHints":{"allow":["GET"]}}],"collection":[{"href":"https:\/\/secupohl.com\/pl\/wp-json\/wp\/v2\/pages"}],"about":[{"href":"https:\/\/secupohl.com\/pl\/wp-json\/wp\/v2\/types\/page"}],"author":[{"embeddable":true,"href":"https:\/\/secupohl.com\/pl\/wp-json\/wp\/v2\/users\/1"}],"replies":[{"embeddable":true,"href":"https:\/\/secupohl.com\/pl\/wp-json\/wp\/v2\/comments?post=4569"}],"version-history":[{"count":4,"href":"https:\/\/secupohl.com\/pl\/wp-json\/wp\/v2\/pages\/4569\/revisions"}],"predecessor-version":[{"id":4573,"href":"https:\/\/secupohl.com\/pl\/wp-json\/wp\/v2\/pages\/4569\/revisions\/4573"}],"wp:attachment":[{"href":"https:\/\/secupohl.com\/pl\/wp-json\/wp\/v2\/media?parent=4569"}],"wp:term":[{"taxonomy":"seiten_kategorie","embeddable":true,"href":"https:\/\/secupohl.com\/pl\/wp-json\/wp\/v2\/seiten_kategorie?post=4569"}],"curies":[{"name":"wp","href":"https:\/\/api.w.org\/{rel}","templated":true}]}}