{"id":4058,"date":"2021-11-01T05:05:15","date_gmt":"2021-11-01T05:05:15","guid":{"rendered":"https:\/\/secupohl.com\/?page_id=4058"},"modified":"2024-03-01T17:50:03","modified_gmt":"2024-03-01T15:50:03","slug":"din-en-795","status":"publish","type":"page","link":"https:\/\/secupohl.com\/pl\/wissen\/din-en-795\/","title":{"rendered":"DIN EN 795 \u201eWymagania w prosty spos\u00f3b wyja\u015bnione\u201d"},"content":{"rendered":"<div data-elementor-type=\"wp-page\" data-elementor-id=\"4058\" class=\"elementor elementor-4058\" data-elementor-settings=\"{&quot;element_pack_global_tooltip_width&quot;:{&quot;unit&quot;:&quot;px&quot;,&quot;size&quot;:&quot;&quot;,&quot;sizes&quot;:[]},&quot;element_pack_global_tooltip_width_tablet&quot;:{&quot;unit&quot;:&quot;px&quot;,&quot;size&quot;:&quot;&quot;,&quot;sizes&quot;:[]},&quot;element_pack_global_tooltip_width_mobile&quot;:{&quot;unit&quot;:&quot;px&quot;,&quot;size&quot;:&quot;&quot;,&quot;sizes&quot;:[]},&quot;element_pack_global_tooltip_padding&quot;:{&quot;unit&quot;:&quot;px&quot;,&quot;top&quot;:&quot;&quot;,&quot;right&quot;:&quot;&quot;,&quot;bottom&quot;:&quot;&quot;,&quot;left&quot;:&quot;&quot;,&quot;isLinked&quot;:true},&quot;element_pack_global_tooltip_padding_tablet&quot;:{&quot;unit&quot;:&quot;px&quot;,&quot;top&quot;:&quot;&quot;,&quot;right&quot;:&quot;&quot;,&quot;bottom&quot;:&quot;&quot;,&quot;left&quot;:&quot;&quot;,&quot;isLinked&quot;:true},&quot;element_pack_global_tooltip_padding_mobile&quot;:{&quot;unit&quot;:&quot;px&quot;,&quot;top&quot;:&quot;&quot;,&quot;right&quot;:&quot;&quot;,&quot;bottom&quot;:&quot;&quot;,&quot;left&quot;:&quot;&quot;,&quot;isLinked&quot;:true},&quot;element_pack_global_tooltip_border_radius&quot;:{&quot;unit&quot;:&quot;px&quot;,&quot;top&quot;:&quot;&quot;,&quot;right&quot;:&quot;&quot;,&quot;bottom&quot;:&quot;&quot;,&quot;left&quot;:&quot;&quot;,&quot;isLinked&quot;:true},&quot;element_pack_global_tooltip_border_radius_tablet&quot;:{&quot;unit&quot;:&quot;px&quot;,&quot;top&quot;:&quot;&quot;,&quot;right&quot;:&quot;&quot;,&quot;bottom&quot;:&quot;&quot;,&quot;left&quot;:&quot;&quot;,&quot;isLinked&quot;:true},&quot;element_pack_global_tooltip_border_radius_mobile&quot;:{&quot;unit&quot;:&quot;px&quot;,&quot;top&quot;:&quot;&quot;,&quot;right&quot;:&quot;&quot;,&quot;bottom&quot;:&quot;&quot;,&quot;left&quot;:&quot;&quot;,&quot;isLinked&quot;:true}}\" data-elementor-post-type=\"page\">\n\t\t\t\t<div class=\"aux-parallax-section elementor-element elementor-element-2192d88 e-flex e-con-boxed e-con e-parent\" data-id=\"2192d88\" data-element_type=\"container\" data-e-type=\"container\">\n\t\t\t\t\t<div class=\"e-con-inner\">\n\t\t\t\t<div class=\"elementor-element elementor-element-c493b84 elementor-widget elementor-widget-heading\" data-id=\"c493b84\" data-element_type=\"widget\" data-e-type=\"widget\" data-widget_type=\"heading.default\">\n\t\t\t\t<div class=\"elementor-widget-container\">\n\t\t\t\t\t<h2 class=\"elementor-heading-title elementor-size-default\">zasady i normy<\/h2>\t\t\t\t<\/div>\n\t\t\t\t<\/div>\n\t\t\t\t<div class=\"elementor-element elementor-element-b566d6a elementor-widget elementor-widget-heading\" data-id=\"b566d6a\" data-element_type=\"widget\" data-e-type=\"widget\" data-widget_type=\"heading.default\">\n\t\t\t\t<div class=\"elementor-widget-container\">\n\t\t\t\t\t<h1 class=\"elementor-heading-title elementor-size-default\">EN 795<\/h1>\t\t\t\t<\/div>\n\t\t\t\t<\/div>\n\t\t\t\t<div class=\"elementor-element elementor-element-a8f371b elementor-widget__width-initial elementor-widget elementor-widget-text-editor\" data-id=\"a8f371b\" data-element_type=\"widget\" data-e-type=\"widget\" data-widget_type=\"text-editor.default\">\n\t\t\t\t<div class=\"elementor-widget-container\">\n\t\t\t\t\t\t\t\t\t<p>DIN EN 795 Norma europejska EN 795 dotycz\u0105ca \u201eOsobistego wyposa\u017cenia ochronnego \u2013 Urz\u0105dzenia kotwicz\u0105ce\u201d okre\u015bla wymagania i kryteria bada\u0144 dla urz\u0105dze\u0144 kotwicz\u0105cych.<\/p>\t\t\t\t\t\t\t\t<\/div>\n\t\t\t\t<\/div>\n\t\t\t\t\t<\/div>\n\t\t\t\t<\/div>\n\t\t\t\t<section class=\"elementor-section elementor-top-section elementor-element elementor-element-6fa45897 elementor-reverse-mobile elementor-section-boxed elementor-section-height-default elementor-section-height-default\" data-id=\"6fa45897\" data-element_type=\"section\" data-e-type=\"section\" id=\"first\" data-settings=\"{&quot;background_background&quot;:&quot;classic&quot;}\">\n\t\t\t\t\t\t<div class=\"elementor-container elementor-column-gap-default\">\n\t\t\t\t\t<div class=\"aux-parallax-section elementor-column elementor-col-100 elementor-top-column elementor-element elementor-element-76a396df\" data-id=\"76a396df\" data-element_type=\"column\" data-e-type=\"column\">\n\t\t\t<div class=\"elementor-widget-wrap elementor-element-populated\">\n\t\t\t\t\t\t<div class=\"elementor-element elementor-element-102dd3de aux-appear-watch-animation aux-fade-in-up elementor-widget elementor-widget-accordion\" data-id=\"102dd3de\" data-element_type=\"widget\" data-e-type=\"widget\" data-widget_type=\"accordion.default\">\n\t\t\t\t<div class=\"elementor-widget-container\">\n\t\t\t\t\t\t\t<div class=\"elementor-accordion\">\n\t\t\t\t\t\t\t<div class=\"elementor-accordion-item\">\n\t\t\t\t\t<h3 id=\"elementor-tab-title-2711\" class=\"elementor-tab-title\" data-tab=\"1\" role=\"button\" aria-controls=\"elementor-tab-content-2711\" aria-expanded=\"false\">\n\t\t\t\t\t\t\t\t\t\t\t\t\t<span class=\"elementor-accordion-icon elementor-accordion-icon-right\" aria-hidden=\"true\">\n\t\t\t\t\t\t\t\t\t\t\t\t\t\t\t<span class=\"elementor-accordion-icon-closed\"><svg class=\"e-font-icon-svg e-fas-plus\" viewbox=\"0 0 448 512\" xmlns=\"http:\/\/www.w3.org\/2000\/svg\"><path d=\"M416 208H272V64c0-17.67-14.33-32-32-32h-32c-17.67 0-32 14.33-32 32v144H32c-17.67 0-32 14.33-32 32v32c0 17.67 14.33 32 32 32h144v144c0 17.67 14.33 32 32 32h32c17.67 0 32-14.33 32-32V304h144c17.67 0 32-14.33 32-32v-32c0-17.67-14.33-32-32-32z\"><\/path><\/svg><\/span>\n\t\t\t\t\t\t\t\t<span class=\"elementor-accordion-icon-opened\"><svg class=\"e-font-icon-svg e-fas-minus\" viewbox=\"0 0 448 512\" xmlns=\"http:\/\/www.w3.org\/2000\/svg\"><path d=\"M416 208H32c-17.67 0-32 14.33-32 32v32c0 17.67 14.33 32 32 32h384c17.67 0 32-14.33 32-32v-32c0-17.67-14.33-32-32-32z\"><\/path><\/svg><\/span>\n\t\t\t\t\t\t\t\t\t\t\t\t\t\t<\/span>\n\t\t\t\t\t\t\t\t\t\t\t\t<a class=\"elementor-accordion-title\" tabindex=\"0\">Co to jest DIN EN 795?<\/a>\n\t\t\t\t\t<\/h3>\n\t\t\t\t\t<div id=\"elementor-tab-content-2711\" class=\"elementor-tab-content elementor-clearfix\" data-tab=\"1\" role=\"region\" aria-labelledby=\"elementor-tab-title-2711\"><p>Je\u015bli chodzi o normy DIN, wa\u017cne jest przede wszystkim, aby wiedzie\u0107, czym s\u0105 normy DIN i do czego s\u0105 u\u017cywane. Poniewa\u017c nowe normy s\u0105 teraz natychmiast przyjmowane na poziomie europejskim, skr\u00f3t EN jest dodawany do wszystkich nowych norm.<\/p><ul><li>DIN oznacza \u201eNiemiecki Instytut Normalizacyjny\u201d. Instytut ustala kryteria, wed\u0142ug kt\u00f3rych ustalane s\u0105 normy przy wytwarzaniu r\u00f3\u017cnych produkt\u00f3w. Tutaj eksperci z r\u00f3\u017cnych dziedzin pracuj\u0105 nad zdefiniowaniem tych kryteri\u00f3w, bior\u0105c pod uwag\u0119 aktualny stan wiedzy i aspekty naukowe przy podejmowaniu decyzji. W ten spos\u00f3b ustalane s\u0105 zasady, kt\u00f3re w idealnym przypadku powinny mie\u0107 zastosowanie do wszystkich produkt\u00f3w w danym obszarze.<\/li><\/ul><p>Ale wa\u017cne jest r\u00f3wnie\u017c, aby wiedzie\u0107, \u017ce r\u00f3\u017cni producenci nie musz\u0105 przestrzega\u0107 norm DIN. Ma to zastosowanie tylko wtedy, gdy zosta\u0142o to uzgodnione w umowie. Je\u015bli jednak u\u017cywasz produkt\u00f3w w obszarach, kt\u00f3re s\u0105 prawnie zobowi\u0105zane do u\u017cywania produkt\u00f3w wyprodukowanych zgodnie z norm\u0105 DIN, ocena wed\u0142ug normy DIN jest zdecydowanie warta dla wszystkich producent\u00f3w.<\/p><ul><li>EN oznacza norm\u0119 europejsk\u0105. Poniewa\u017c wsp\u00f3\u0142praca w Europie staje si\u0119 coraz bli\u017csza, standardy r\u00f3wnie\u017c si\u0119 do niej dostosowa\u0142y. W UE czynione s\u0105 starania, aby zapewni\u0107 jednolity standard, dlatego w\u0142a\u015bnie normy s\u0105 publikowane w spos\u00f3b jednolity. Normy EN s\u0105 zatem znormalizowane dla wszystkich organizacji normalizacyjnych w UE. Ale nie tylko wszystkim nowym normom mo\u017cna nada\u0107 oznaczenie EN. Mo\u017cna r\u00f3wnie\u017c zaproponowa\u0107 wszystkie istniej\u0105ce normy DIN, a nast\u0119pnie przenie\u015b\u0107 je do katalogu normalizacyjnego UE. O tym, kt\u00f3re normy zostan\u0105 uwzgl\u0119dnione, decyduj\u0105 3 komisje europejskie.<\/li><\/ul><p>Kiedy wi\u0119c pojawiaj\u0105 si\u0119 normy DIN EN, normy te s\u0105 dawnymi normami DIN, kt\u00f3re zosta\u0142y znormalizowane w procesie na poziomie UE i teraz pojawiaj\u0105 si\u0119 jako te w katalogu normalizacyjnym UE. Og\u00f3lnie rzecz bior\u0105c, wszystkie organizacje normalizacyjne mog\u0105 zaproponowa\u0107 norm\u0119 dla normy EN, a nast\u0119pnie zleci\u0107 jej sprawdzenie przez 3 organy, zanim zostanie w\u0142\u0105czona do katalogu normalizacyjnego.<\/p><p>Poniewa\u017c zapotrzebowanie ro\u015bnie, a produkcja zgodnie z normami DIN EN jest tak du\u017ca, istnieje obecnie 24 000 norm DIN. Testowanie zgodnie z norm\u0105 DIN zapewnia standard jako\u015bci, kt\u00f3ry jest wa\u017cny dla wi\u0119kszo\u015bci konsument\u00f3w. Dlatego wi\u0119kszo\u015b\u0107 producent\u00f3w dzia\u0142a r\u00f3wnie\u017c zgodnie ze specyfikacjami normy DIN, zapewniaj\u0105c w ten spos\u00f3b, \u017ce ich produkty s\u0105 certyfikowane.<\/p><p>Norma DIN DIN EN 795 jest zatem norm\u0105 DIN, kt\u00f3ra zosta\u0142a uwzgl\u0119dniona w katalogu normalizacyjnym UE i dlatego otrzyma\u0142a dodatek DIN EN.<\/p><p>Ale co oznacza ta liczba? Co dok\u0142adnie reguluje norma DIN EN 795? Numer normy DIN opisuje dok\u0142adny obszar, do kt\u00f3rego odnosi si\u0119 norma. Reguluje si\u0119 r\u00f3wnie\u017c, kt\u00f3re produkty s\u0105 obj\u0119te odpowiednim numerem normy DIN. Gwarantuje to, \u017ce mo\u017cliwe jest dok\u0142adne okre\u015blenie i jakiego rodzaju produkty s\u0105 obj\u0119te.<\/p><\/div>\n\t\t\t\t<\/div>\n\t\t\t\t\t\t\t<div class=\"elementor-accordion-item\">\n\t\t\t\t\t<h3 id=\"elementor-tab-title-2712\" class=\"elementor-tab-title\" data-tab=\"2\" role=\"button\" aria-controls=\"elementor-tab-content-2712\" aria-expanded=\"false\">\n\t\t\t\t\t\t\t\t\t\t\t\t\t<span class=\"elementor-accordion-icon elementor-accordion-icon-right\" aria-hidden=\"true\">\n\t\t\t\t\t\t\t\t\t\t\t\t\t\t\t<span class=\"elementor-accordion-icon-closed\"><svg class=\"e-font-icon-svg e-fas-plus\" viewbox=\"0 0 448 512\" xmlns=\"http:\/\/www.w3.org\/2000\/svg\"><path d=\"M416 208H272V64c0-17.67-14.33-32-32-32h-32c-17.67 0-32 14.33-32 32v144H32c-17.67 0-32 14.33-32 32v32c0 17.67 14.33 32 32 32h144v144c0 17.67 14.33 32 32 32h32c17.67 0 32-14.33 32-32V304h144c17.67 0 32-14.33 32-32v-32c0-17.67-14.33-32-32-32z\"><\/path><\/svg><\/span>\n\t\t\t\t\t\t\t\t<span class=\"elementor-accordion-icon-opened\"><svg class=\"e-font-icon-svg e-fas-minus\" viewbox=\"0 0 448 512\" xmlns=\"http:\/\/www.w3.org\/2000\/svg\"><path d=\"M416 208H32c-17.67 0-32 14.33-32 32v32c0 17.67 14.33 32 32 32h384c17.67 0 32-14.33 32-32v-32c0-17.67-14.33-32-32-32z\"><\/path><\/svg><\/span>\n\t\t\t\t\t\t\t\t\t\t\t\t\t\t<\/span>\n\t\t\t\t\t\t\t\t\t\t\t\t<a class=\"elementor-accordion-title\" tabindex=\"0\">Jakie specyfikacje reguluje norma DIN EN 795?<\/a>\n\t\t\t\t\t<\/h3>\n\t\t\t\t\t<div id=\"elementor-tab-content-2712\" class=\"elementor-tab-content elementor-clearfix\" data-tab=\"2\" role=\"region\" aria-labelledby=\"elementor-tab-title-2712\"><p>W zwi\u0105zku z tym norma DIN EN 795 reguluje wymagania, kt\u00f3re musz\u0105 by\u0107 spe\u0142nione technicznie dla wszystkich osobistych urz\u0105dze\u0144 chroni\u0105cych przed upadkiem z wysoko\u015bci i urz\u0105dze\u0144 kotwicz\u0105cych. DIN EN 795 okre\u015bla r\u00f3\u017cne normy, kt\u00f3re musz\u0105 spe\u0142nia\u0107 indywidualne urz\u0105dzenia zabezpieczaj\u0105ce przed upadkiem z wysoko\u015bci lub urz\u0105dzenia kotwicz\u0105ce. Obejmuje to przede wszystkim obci\u0105\u017cenia, kt\u00f3re nale\u017cy wytrzyma\u0107 i jak du\u017ce musz\u0105 by\u0107 si\u0142y, kt\u00f3re musz\u0105 zosta\u0107 przeniesione na konstrukcj\u0119, aby zapewni\u0107 wysoki poziom bezpiecze\u0144stwa.<\/p><p>Jednak rozwi\u0105zania techniczne, kt\u00f3re mog\u0105 i powinny by\u0107 stosowane, s\u0105 r\u00f3wnie\u017c uregulowane w normie DIN EN 795. W ten spos\u00f3b okre\u015blane s\u0105 normy, kt\u00f3re s\u0105 technicznie bezpieczne i oferuj\u0105 najlepsze rozwi\u0105zania.<\/p><p>Ponadto okre\u015bla si\u0119, w jaki spos\u00f3b te wymagania s\u0105 sprawdzane i co jest konieczne do uzyskania certyfikacji zgodnie z norm\u0105 DIN EN 795.<\/p><p>Osobista ochrona przed upadkiem lub urz\u0105dzenie kotwicz\u0105ce mog\u0105 by\u0107 certyfikowane zgodnie z norm\u0105 DIN EN 795 dopiero po spe\u0142nieniu wszystkich tych znormalizowanych kryteri\u00f3w.<\/p><p>DIN EN 795 rozr\u00f3\u017cnia 5 r\u00f3\u017cnych rodzaj\u00f3w ochrony przed upadkiem:<\/p><ul><li>Typ A: Indywidualne punkty mocowania mocno po\u0142\u0105czone z pod\u0142o\u017cem, sta\u0142e indywidualne punkty mocowania.<\/li><li>Typ B: Tymczasowe punkty kotwiczenia, kt\u00f3re mo\u017cna ca\u0142kowicie usun\u0105\u0107 po u\u017cyciu, tj. ruchome punkty kotwiczenia.<\/li><li>Typ C: Systemy linowe.<\/li><li>Typ D: Kolejowe systemy bezpiecze\u0144stwa.<\/li><li>Typ E: Urz\u0105dzenia kotwicz\u0105ce utrzymywane pod w\u0142asnym ci\u0119\u017carem.<\/li><\/ul><p>Ze wzgl\u0119du na dok\u0142adne zbadanie norm EN konieczna jest dodatkowa klasyfikacja typ\u00f3w A, C i D. Poniewa\u017c s\u0105 one nie tylko cz\u0119\u015bci\u0105 osobistej ochrony przed upadkiem, ale tak\u017ce mocno po\u0142\u0105czone z budynkiem, konstrukcj\u0105. Z tego powodu norma DIN EN 795 nie mo\u017ce by\u0107 stosowana jako wystarczaj\u0105ca norma dla tych konstrukcji i wymaga dodatkowych bada\u0144. Dlatego w przypadku tych typ\u00f3w wymagana jest og\u00f3lna aprobata nadzoru budowlanego Niemieckiego Instytutu Techniki Budowlanej lub aprobata Pa\u0144stwowego Urz\u0119du Budowlanego.<\/p><\/div>\n\t\t\t\t<\/div>\n\t\t\t\t\t\t\t<div class=\"elementor-accordion-item\">\n\t\t\t\t\t<h3 id=\"elementor-tab-title-2713\" class=\"elementor-tab-title\" data-tab=\"3\" role=\"button\" aria-controls=\"elementor-tab-content-2713\" aria-expanded=\"false\">\n\t\t\t\t\t\t\t\t\t\t\t\t\t<span class=\"elementor-accordion-icon elementor-accordion-icon-right\" aria-hidden=\"true\">\n\t\t\t\t\t\t\t\t\t\t\t\t\t\t\t<span class=\"elementor-accordion-icon-closed\"><svg class=\"e-font-icon-svg e-fas-plus\" viewbox=\"0 0 448 512\" xmlns=\"http:\/\/www.w3.org\/2000\/svg\"><path d=\"M416 208H272V64c0-17.67-14.33-32-32-32h-32c-17.67 0-32 14.33-32 32v144H32c-17.67 0-32 14.33-32 32v32c0 17.67 14.33 32 32 32h144v144c0 17.67 14.33 32 32 32h32c17.67 0 32-14.33 32-32V304h144c17.67 0 32-14.33 32-32v-32c0-17.67-14.33-32-32-32z\"><\/path><\/svg><\/span>\n\t\t\t\t\t\t\t\t<span class=\"elementor-accordion-icon-opened\"><svg class=\"e-font-icon-svg e-fas-minus\" viewbox=\"0 0 448 512\" xmlns=\"http:\/\/www.w3.org\/2000\/svg\"><path d=\"M416 208H32c-17.67 0-32 14.33-32 32v32c0 17.67 14.33 32 32 32h384c17.67 0 32-14.33 32-32v-32c0-17.67-14.33-32-32-32z\"><\/path><\/svg><\/span>\n\t\t\t\t\t\t\t\t\t\t\t\t\t\t<\/span>\n\t\t\t\t\t\t\t\t\t\t\t\t<a class=\"elementor-accordion-title\" tabindex=\"0\">Jakie s\u0105 zalety normy DIN EN 795?<\/a>\n\t\t\t\t\t<\/h3>\n\t\t\t\t\t<div id=\"elementor-tab-content-2713\" class=\"elementor-tab-content elementor-clearfix\" data-tab=\"3\" role=\"region\" aria-labelledby=\"elementor-tab-title-2713\"><p>Normy DIN EN maj\u0105 t\u0119 wielk\u0105 zalet\u0119, \u017ce tworz\u0105 jednolit\u0105 norm\u0119 w UE. Gwarantuje to jako\u015b\u0107 i bezpiecze\u0144stwo, a produkty certyfikowane zgodnie z tymi normami s\u0105 standaryzowane. Oznacza to, \u017ce jako konsument masz t\u0119 przewag\u0119, \u017ce wiesz, \u017ce kupujesz wysokiej jako\u015bci produkt lub us\u0142ug\u0119, kt\u00f3ra jest wytwarzana zgodnie ze standardami technicznymi i wszystkimi aspektami naukowymi. Cecha wysokiej jako\u015bci i bezpiecze\u0144stwa, kt\u00f3ra budzi zaufanie.<\/p><p>Na tym w\u0142a\u015bnie czerpi\u0105 korzy\u015bci producenci lub us\u0142ugodawcy, poniewa\u017c certyfikacja zgodnie z norm\u0105 DIN EN w\u0142a\u015bnie to wzbudza zaufanie do klient\u00f3w, kt\u00f3rzy nast\u0119pnie inwestuj\u0105 i wracaj\u0105. Chocia\u017c certyfikacja pocz\u0105tkowo kosztuje, nadal jest przekonuj\u0105ca, poniewa\u017c pozwala klientom budowa\u0107 bezpiecze\u0144stwo i reklamowa\u0107 firm\u0119.<\/p><\/div>\n\t\t\t\t<\/div>\n\t\t\t\t\t\t\t<div class=\"elementor-accordion-item\">\n\t\t\t\t\t<h3 id=\"elementor-tab-title-2714\" class=\"elementor-tab-title\" data-tab=\"4\" role=\"button\" aria-controls=\"elementor-tab-content-2714\" aria-expanded=\"false\">\n\t\t\t\t\t\t\t\t\t\t\t\t\t<span class=\"elementor-accordion-icon elementor-accordion-icon-right\" aria-hidden=\"true\">\n\t\t\t\t\t\t\t\t\t\t\t\t\t\t\t<span class=\"elementor-accordion-icon-closed\"><svg class=\"e-font-icon-svg e-fas-plus\" viewbox=\"0 0 448 512\" xmlns=\"http:\/\/www.w3.org\/2000\/svg\"><path d=\"M416 208H272V64c0-17.67-14.33-32-32-32h-32c-17.67 0-32 14.33-32 32v144H32c-17.67 0-32 14.33-32 32v32c0 17.67 14.33 32 32 32h144v144c0 17.67 14.33 32 32 32h32c17.67 0 32-14.33 32-32V304h144c17.67 0 32-14.33 32-32v-32c0-17.67-14.33-32-32-32z\"><\/path><\/svg><\/span>\n\t\t\t\t\t\t\t\t<span class=\"elementor-accordion-icon-opened\"><svg class=\"e-font-icon-svg e-fas-minus\" viewbox=\"0 0 448 512\" xmlns=\"http:\/\/www.w3.org\/2000\/svg\"><path d=\"M416 208H32c-17.67 0-32 14.33-32 32v32c0 17.67 14.33 32 32 32h384c17.67 0 32-14.33 32-32v-32c0-17.67-14.33-32-32-32z\"><\/path><\/svg><\/span>\n\t\t\t\t\t\t\t\t\t\t\t\t\t\t<\/span>\n\t\t\t\t\t\t\t\t\t\t\t\t<a class=\"elementor-accordion-title\" tabindex=\"0\">Dlaczego norma DIN EN 795 jest tak wa\u017cna?<\/a>\n\t\t\t\t\t<\/h3>\n\t\t\t\t\t<div id=\"elementor-tab-content-2714\" class=\"elementor-tab-content elementor-clearfix\" data-tab=\"4\" role=\"region\" aria-labelledby=\"elementor-tab-title-2714\"><p>Du\u017ce znaczenie z punktu widzenia bezpiecze\u0144stwa ma norma DIN EN 795. Chodzi o elementy ochrony przed upadkiem, kt\u00f3re s\u0105 niezwykle wa\u017cne dla zapewnienia bezpiecze\u0144stwa pracy, a tym samym zapewnienia bezpiecze\u0144stwa podczas pracy na wysoko\u015bci. To jedyny spos\u00f3b na zapewnienie dobrej ochrony przed upadkiem.<\/p><\/div>\n\t\t\t\t<\/div>\n\t\t\t\t\t\t\t\t<\/div>\n\t\t\t\t\t\t<\/div>\n\t\t\t\t<\/div>\n\t\t\t\t\t<\/div>\n\t\t<\/div>\n\t\t\t\t\t<\/div>\n\t\t<\/section>\n\t\t\t\t<\/div>","protected":false},"excerpt":{"rendered":"<p>Regeln und Normen DIN EN 795 DIN EN 795 Die europ\u00e4ische Norm EN 795 f\u00fcr \u201ePers\u00f6nliche Schutzausr\u00fcstung \u2013 Anschlageinrichtungen\u201c bestimmt die Anforderungen und Pr\u00fcfkriterien f\u00fcr Anschlageinrichtungen. Was ist die DIN EN 795? Wenn es um DIN-Normen geht, ist es zun\u00e4chst einmal wichtig zu wissen, was die DIN-Normen sind und wof\u00fcr diese eingesetzt werden. Da in [&hellip;]<\/p>\n","protected":false},"author":1,"featured_media":3683,"parent":1797,"menu_order":0,"comment_status":"closed","ping_status":"closed","template":"","meta":{"footnotes":""},"seiten_kategorie":[133],"class_list":["post-4058","page","type-page","status-publish","has-post-thumbnail","hentry","seiten_kategorie-wissen"],"_links":{"self":[{"href":"https:\/\/secupohl.com\/pl\/wp-json\/wp\/v2\/pages\/4058","targetHints":{"allow":["GET"]}}],"collection":[{"href":"https:\/\/secupohl.com\/pl\/wp-json\/wp\/v2\/pages"}],"about":[{"href":"https:\/\/secupohl.com\/pl\/wp-json\/wp\/v2\/types\/page"}],"author":[{"embeddable":true,"href":"https:\/\/secupohl.com\/pl\/wp-json\/wp\/v2\/users\/1"}],"replies":[{"embeddable":true,"href":"https:\/\/secupohl.com\/pl\/wp-json\/wp\/v2\/comments?post=4058"}],"version-history":[{"count":26,"href":"https:\/\/secupohl.com\/pl\/wp-json\/wp\/v2\/pages\/4058\/revisions"}],"predecessor-version":[{"id":5426,"href":"https:\/\/secupohl.com\/pl\/wp-json\/wp\/v2\/pages\/4058\/revisions\/5426"}],"up":[{"embeddable":true,"href":"https:\/\/secupohl.com\/pl\/wp-json\/wp\/v2\/pages\/1797"}],"wp:featuredmedia":[{"embeddable":true,"href":"https:\/\/secupohl.com\/pl\/wp-json\/wp\/v2\/media\/3683"}],"wp:attachment":[{"href":"https:\/\/secupohl.com\/pl\/wp-json\/wp\/v2\/media?parent=4058"}],"wp:term":[{"taxonomy":"seiten_kategorie","embeddable":true,"href":"https:\/\/secupohl.com\/pl\/wp-json\/wp\/v2\/seiten_kategorie?post=4058"}],"curies":[{"name":"wp","href":"https:\/\/api.w.org\/{rel}","templated":true}]}}