{"id":1833,"date":"2021-08-30T03:58:24","date_gmt":"2021-08-30T03:58:24","guid":{"rendered":"https:\/\/secupohl.com\/?page_id=1833"},"modified":"2024-10-29T16:00:23","modified_gmt":"2024-10-29T14:00:23","slug":"sekurant","status":"publish","type":"page","link":"https:\/\/secupohl.com\/pl\/wissen\/sekurant\/","title":{"rendered":"Zabezpieczenia certyfikowane i oryginalne 1973"},"content":{"rendered":"<p><a tabindex=\"0\">Co to jest zabezpieczenie?<\/a><\/p>\n<p>Zawiesie to punkt kotwicz\u0105cy s\u0142u\u017c\u0105cy do prac na wysoko\u015bci jako punkt mocowania system\u00f3w ochrony osobistej. S\u0105 to produkty mocno zwi\u0105zane z budynkiem. Zazwyczaj zaczepiasz si\u0119 za pomoc\u0105 oczka, linek i system\u00f3w zabezpieczaj\u0105cych. W ten spos\u00f3b powstaj\u0105 systemy ochrony osobistej dla pracownik\u00f3w, kt\u00f3rzy musz\u0105 wykonywa\u0107 specjalne prace na wysoko\u015bciach na dachach.<\/p>\n<p><a href=\"https:\/\/www.skylotec.com\/eu_de\/glossar\/sekurant\/\" target=\"_blank\" rel=\"noopener\">zabezpieczenia<\/a> to punkty kotwicz\u0105ce, kt\u00f3re w zale\u017cno\u015bci od materia\u0142u i rodzaju pod\u0142\u0105czonego systemu bezpiecze\u0144stwa s\u0142u\u017c\u0105 jako punkty kotwicz\u0105ce i \u0142\u0105cz\u0105 zabezpieczenie przed upadkiem z budynkiem i konstrukcj\u0105. Urz\u0105dzenie zabezpieczaj\u0105ce musi by\u0107 wykonane z towar\u00f3w wysokiej jako\u015bci, czyli szczeg\u00f3lnie stabilnych materia\u0142\u00f3w, i musi zosta\u0107 profesjonalnie zamontowane. Tylko w ten spos\u00f3b mo\u017cna utrzyma\u0107 niezb\u0119dn\u0105 si\u0142\u0119 i przenie\u015b\u0107 j\u0105 na konstrukcj\u0119.<\/p>\n<p>W celu zapewnienia niezb\u0119dnego bezpiecze\u0144stwa ka\u017cde zabezpieczenie poddawane jest specjalnym testom bezpiecze\u0144stwa. Do ochrony przed upadkiem z wysoko\u015bci mo\u017cna u\u017cywa\u0107 wy\u0142\u0105cznie certyfikowanych lin asekuracyjnych. Zawiesie musi by\u0107 optymalnie dobrane do danego materia\u0142u, a tak\u017ce by\u0107 w stanie przenie\u015b\u0107 co najmniej 6 kiloniuton\u00f3w si\u0142y na konstrukcj\u0119 no\u015bn\u0105.<\/p>\n<p><a tabindex=\"0\">Do czego s\u0142u\u017c\u0105 zabezpieczenia?<\/a><\/p>\n<p>S\u0142upki s\u0142u\u017c\u0105 jako punkty mocowania do osobistej ochrony przed upadkiem. Przede wszystkim chroni\u0105 one grupy zawodowe, takie jak stra\u017cacy, dekarze, wspinacze przemys\u0142owi lub wszyscy inni pracownicy na wysoko\u015bci przed upadkiem. Poniewa\u017c ochrona przed upadkiem jest wymagana przez prawo do pracy z wysoko\u015bci 1 metra w r\u00f3\u017cnych obszarach.<\/p>\n<ul>\n<li>Podczas prac na wodzie i nad wod\u0105 nale\u017cy zawsze stosowa\u0107 zabezpieczenie przed upadkiem. Tutaj wysoko\u015b\u0107 nie ma znaczenia.<\/li>\n<li>W przypadku prac na ci\u0105gach komunikacyjnych ochrona przed upadkiem jest obowi\u0105zkowa z wysoko\u015bci roboczej 1 metra.<\/li>\n<li>W przypadku wszystkich innych prac zabezpieczenie przed upadkiem nale\u017cy stosowa\u0107 z wysoko\u015bci 2 metr\u00f3w.<\/li>\n<\/ul>\n<p><a tabindex=\"0\">Gdzie jest u\u017cywany zabezpieczenie?<\/a><\/p>\n<p>Prac\u0119 na r\u00f3\u017cnych wysoko\u015bciach mo\u017cna znale\u017a\u0107 w wielu dziedzinach. Zabezpieczenia stosuje si\u0119 g\u0142\u00f3wnie na dachach, dachach p\u0142askich lub r\u00f3\u017cnych maszynach i konstrukcjach. Pozwala to na zainstalowanie r\u00f3\u017cnych rodzaj\u00f3w osobistych zabezpiecze\u0144 przed upadkiem, zapewniaj\u0105c bezpiecze\u0144stwo podczas pracy na wysoko\u015bci.<\/p>\n<p>W ko\u0144cu bezpiecze\u0144stwo odgrywa wa\u017cn\u0105 rol\u0119, zw\u0142aszcza na du\u017cych wysoko\u015bciach. Zabezpieczenia oferuj\u0105 r\u00f3\u017cne opcje i warianty ochrony przed upadkiem na dachach, dachach p\u0142askich, maszynach, na otwartych klatkach schodowych lub innych otworach \u015bciennych.<\/p>\n<p><a tabindex=\"0\">Jakie s\u0105 rodzaje Sekuranta?<\/a><\/p>\n<p>W zale\u017cno\u015bci od rodzaju konstrukcji, budynku i rodzaju zastosowanego systemu bezpiecze\u0144stwa, istniej\u0105 r\u00f3\u017cne punkty kotwiczenia, zwane r\u00f3wnie\u017c punktami kotwiczenia.<\/p>\n<p>Kotwy mog\u0105 by\u0107 u\u017cywane jako indywidualne punkty kotwiczenia, w takim przypadku poszczeg\u00f3lne kotwy maj\u0105 oczko, kt\u00f3re nast\u0119pnie s\u0142u\u017cy jako smycz do osobistego systemu bezpiecze\u0144stwa i linki.<\/p>\n<p>Jednak kotwy mog\u0105 by\u0107 r\u00f3wnie\u017c u\u017cywane jako punkty mocowania system\u00f3w kablowych lub szynowych. Lina stalowa jest uk\u0142adana na r\u00f3\u017cnych zabezpieczeniach. Pracownicy \u0142\u0105cz\u0105 system ochrony osobistej, dzi\u0119ki czemu mog\u0105 dzia\u0142a\u0107 bardziej elastycznie i mie\u0107 szerszy zakres ruchu. Dotyczy to r\u00f3wnie\u017c system\u00f3w szynowych, w kt\u00f3rych montowany jest tzw. szybowiec, kt\u00f3ry zapewnia wi\u0119kszy promie\u0144 ruchu. S\u0142upki i odpowiedni system mo\u017cna r\u00f3wnie\u017c montowa\u0107 nad g\u0142ow\u0105, zapewniaj\u0105c w ten spos\u00f3b jeszcze wi\u0119ksz\u0105 swobod\u0119 ruchu.<\/p>\n<p>W zale\u017cno\u015bci od pod\u0142o\u017ca i materia\u0142u budynku, konstrukcji, kotwy musz\u0105 by\u0107 dobrane, poniewa\u017c niezb\u0119dna si\u0142a mo\u017ce zosta\u0107 przej\u0119ta tylko wtedy, gdy s\u0105 one dopasowane do odpowiedniego materia\u0142u pod\u0142o\u017ca.<\/p>\n<p><a tabindex=\"0\">Kt\u00f3re zabezpieczenia najlepiej nadaj\u0105 si\u0119 gdzie?<\/a><\/p>\n<p>Os\u0142ony ochronne s\u0105 zawsze u\u017cywane, gdy maj\u0105 zosta\u0107 zainstalowane osobiste systemy ochrony przed upadkiem. Osobiste systemy ochrony przed upadkiem to systemy bezpiecze\u0144stwa zaprojektowane w celu ochrony os\u00f3b przed upadkiem lub zatrzymania upadku.<\/p>\n<p>W zale\u017cno\u015bci od pracy oraz charakteru i struktury powierzchni roboczej odpowiednie s\u0105 r\u00f3\u017cne zabezpieczenia. Przede wszystkim nale\u017cy tu dokona\u0107 rozr\u00f3\u017cnienia mi\u0119dzy sta\u0142ymi i tymczasowymi zabezpieczeniami.<\/p>\n<ul>\n<li>Zabezpieczenia sta\u0142e s\u0105 instalowane g\u0142\u00f3wnie na dachach i maszynach, kt\u00f3re wymagaj\u0105 regularnej konserwacji lub czyszczenia. W ten spos\u00f3b bezpiecze\u0144stwo jest gwarantowane przez d\u0142ugi czas, a koszt zabezpieczenia na wysoko\u015bci jest znacznie ni\u017cszy.<\/li>\n<li>Tymczasowe zabezpieczenia mo\u017cna wielokrotnie instalowa\u0107 i ponownie zak\u0142ada\u0107 po u\u017cyciu. Tutaj r\u00f3wnie\u017c wyst\u0119puj\u0105 r\u00f3\u017cne warianty, tr\u00f3jnogi, zaciski i kotwy, kt\u00f3re pracuj\u0105 z w\u0142asnym ci\u0119\u017carem nale\u017c\u0105 do tymczasowych kotew. S\u0105 one u\u017cywane g\u0142\u00f3wnie przez stra\u017cak\u00f3w lub dekarzy. Zapewnia to dobr\u0105 ochron\u0119 przed upadkiem nawet na wysoko\u015bciach, na kt\u00f3rych nikt inny nie pracuje.<\/li>\n<\/ul>\n<p>W przeciwnym razie kotwy musz\u0105 by\u0107 dostosowane do pod\u0142o\u017ca i materia\u0142u, na kt\u00f3ry zostan\u0105 zastosowane. Ponadto istniej\u0105 r\u00f3\u017cne kotwy do odpowiednich system\u00f3w linowych i szynowych, kt\u00f3re idealnie zapewniaj\u0105 wi\u0119ksz\u0105 swobod\u0119 ruch\u00f3w podczas pracy.<\/p>\n<p><a tabindex=\"0\">Jakie s\u0105 wymagania prawne dla zabezpieczenia?<\/a><\/p>\n<p>Os\u0142ony ochronne s\u0105 zawsze obowi\u0105zkowe, gdy poszczeg\u00f3lne osoby musz\u0105 by\u0107 chronione przed upadkiem z okre\u015blonej wysoko\u015bci.<\/p>\n<p>Same zabezpieczenia musz\u0105 by\u0107 zgodne z normami DIN, aby m\u00f3c zagwarantowa\u0107 niezb\u0119dn\u0105 odporno\u015b\u0107, a tym samym bezpiecze\u0144stwo.<\/p>\n<p>Systemy bezpiecze\u0144stwa, takie jak linowe systemy bezpiecze\u0144stwa i systemy bezpiecze\u0144stwa szyn, a tak\u017ce sta\u0142e indywidualne punkty mocowania s\u0105 trwale po\u0142\u0105czone z budynkiem i dlatego podlegaj\u0105 og\u00f3lnym aprobatom nadzoru budowlanego. Musz\u0105 one zosta\u0107 sprawdzone i zatwierdzone.<\/p>\n<p>Z drugiej strony tymczasowe zabezpieczenia podlegaj\u0105 normie DIN EN 795 i musz\u0105 by\u0107 testowane i certyfikowane zgodnie z wymogami normy. Zapewnia to bezpiecze\u0144stwo.<\/p>\n<p><a tabindex=\"0\">Jak cz\u0119sto nale\u017cy sprawdza\u0107 zabezpieczenie?<\/a><\/p>\n<p>Ale nie tylko certyfikacja bezpiecze\u0144stwa jest wa\u017cna, poniewa\u017c po zainstalowaniu wiele czynnik\u00f3w ma wp\u0142yw na bezpiecze\u0144stwo, kt\u00f3re mog\u0105 wp\u0142yn\u0105\u0107 na bezpiecze\u0144stwo w d\u0142u\u017cszej perspektywie. Obejmuje to obci\u0105\u017cenia, si\u0142y podczas u\u017cytkowania, zu\u017cycie materia\u0142u, zu\u017cycie pod\u0142o\u017ca i materia\u0142u mocuj\u0105cego oraz warunki atmosferyczne na zewn\u0105trz.<\/p>\n<p>Aby zapewni\u0107 bezpiecze\u0144stwo przez ca\u0142y czas, obowi\u0105zuj\u0105 specjalne przepisy okre\u015blaj\u0105ce odst\u0119py mi\u0119dzy kontrolami personelu ochrony.<\/p>\n<ul>\n<li>Zabezpieczenia nale\u017cy sprawdza\u0107 raz w roku. Wszystkie inne osobiste systemy ochrony przed upadkiem r\u00f3wnie\u017c musz\u0105 by\u0107 sprawdzane raz w roku.<\/li>\n<li>Kontrol\u0119 mo\u017ce przeprowadzi\u0107 wy\u0142\u0105cznie specjalnie przeszkolony rzeczoznawca z niemieckiego ustawowego ubezpieczenia wypadkowego.<\/li>\n<\/ul>\n<p>Pe\u0142n\u0105 funkcjonalno\u015b\u0107 i bezpiecze\u0144stwo mo\u017cna zagwarantowa\u0107 tylko poprzez coroczny przegl\u0105d. Ponadto w przypadku upadku pracodawca jest odpowiedzialny za udowodnienie, \u017ce wszystkie kontrole s\u0105 przeprowadzane prawid\u0142owo. W przypadku roszczenia ubezpieczeniowego jest to skrupulatnie sprawdzane. Tylko w ten spos\u00f3b mo\u017cna zapewni\u0107 niezawodne zabezpieczenie prac na wysoko\u015bci.<\/p>","protected":false},"excerpt":{"rendered":"<p>Was ist ein Sekurant? Ein Sekurant ist ein Anschlagspunkt, der f\u00fcr die Arbeiten in H\u00f6hen als Sicherungspunkt f\u00fcr pers\u00f6nliche Sicherungssysteme eingesetzt wird. Es handelt sich um Produkte, die fest mit dem Geb\u00e4ude verbunden sind. Meist hakt man sich mittels einer \u00d6se, Haltegurte und Sicherungssysteme ein. So entstehen pers\u00f6nliche Sicherungssysteme f\u00fcr Arbeiter, die in H\u00f6hen auf [&hellip;]<\/p>\n","protected":false},"author":1,"featured_media":2360,"parent":1797,"menu_order":0,"comment_status":"closed","ping_status":"closed","template":"","meta":{"footnotes":""},"seiten_kategorie":[133],"class_list":["post-1833","page","type-page","status-publish","has-post-thumbnail","hentry","seiten_kategorie-wissen"],"_links":{"self":[{"href":"https:\/\/secupohl.com\/pl\/wp-json\/wp\/v2\/pages\/1833","targetHints":{"allow":["GET"]}}],"collection":[{"href":"https:\/\/secupohl.com\/pl\/wp-json\/wp\/v2\/pages"}],"about":[{"href":"https:\/\/secupohl.com\/pl\/wp-json\/wp\/v2\/types\/page"}],"author":[{"embeddable":true,"href":"https:\/\/secupohl.com\/pl\/wp-json\/wp\/v2\/users\/1"}],"replies":[{"embeddable":true,"href":"https:\/\/secupohl.com\/pl\/wp-json\/wp\/v2\/comments?post=1833"}],"version-history":[{"count":35,"href":"https:\/\/secupohl.com\/pl\/wp-json\/wp\/v2\/pages\/1833\/revisions"}],"predecessor-version":[{"id":5490,"href":"https:\/\/secupohl.com\/pl\/wp-json\/wp\/v2\/pages\/1833\/revisions\/5490"}],"up":[{"embeddable":true,"href":"https:\/\/secupohl.com\/pl\/wp-json\/wp\/v2\/pages\/1797"}],"wp:featuredmedia":[{"embeddable":true,"href":"https:\/\/secupohl.com\/pl\/wp-json\/wp\/v2\/media\/2360"}],"wp:attachment":[{"href":"https:\/\/secupohl.com\/pl\/wp-json\/wp\/v2\/media?parent=1833"}],"wp:term":[{"taxonomy":"seiten_kategorie","embeddable":true,"href":"https:\/\/secupohl.com\/pl\/wp-json\/wp\/v2\/seiten_kategorie?post=1833"}],"curies":[{"name":"wp","href":"https:\/\/api.w.org\/{rel}","templated":true}]}}