{"id":1818,"date":"2021-08-30T03:28:03","date_gmt":"2021-08-30T03:28:03","guid":{"rendered":"https:\/\/secupohl.com\/?page_id=1818"},"modified":"2024-10-29T16:02:58","modified_gmt":"2024-10-29T14:02:58","slug":"flachdach-absturzsicherungen","status":"publish","type":"page","link":"https:\/\/secupohl.com\/pl\/wissen\/flachdach-absturzsicherungen\/","title":{"rendered":"Ochrona przed upadkiem z p\u0142askiego dachu"},"content":{"rendered":"<div data-elementor-type=\"wp-page\" data-elementor-id=\"1818\" class=\"elementor elementor-1818\" data-elementor-settings=\"{&quot;element_pack_global_tooltip_width&quot;:{&quot;unit&quot;:&quot;px&quot;,&quot;size&quot;:&quot;&quot;,&quot;sizes&quot;:[]},&quot;element_pack_global_tooltip_width_tablet&quot;:{&quot;unit&quot;:&quot;px&quot;,&quot;size&quot;:&quot;&quot;,&quot;sizes&quot;:[]},&quot;element_pack_global_tooltip_width_mobile&quot;:{&quot;unit&quot;:&quot;px&quot;,&quot;size&quot;:&quot;&quot;,&quot;sizes&quot;:[]},&quot;element_pack_global_tooltip_padding&quot;:{&quot;unit&quot;:&quot;px&quot;,&quot;top&quot;:&quot;&quot;,&quot;right&quot;:&quot;&quot;,&quot;bottom&quot;:&quot;&quot;,&quot;left&quot;:&quot;&quot;,&quot;isLinked&quot;:true},&quot;element_pack_global_tooltip_padding_tablet&quot;:{&quot;unit&quot;:&quot;px&quot;,&quot;top&quot;:&quot;&quot;,&quot;right&quot;:&quot;&quot;,&quot;bottom&quot;:&quot;&quot;,&quot;left&quot;:&quot;&quot;,&quot;isLinked&quot;:true},&quot;element_pack_global_tooltip_padding_mobile&quot;:{&quot;unit&quot;:&quot;px&quot;,&quot;top&quot;:&quot;&quot;,&quot;right&quot;:&quot;&quot;,&quot;bottom&quot;:&quot;&quot;,&quot;left&quot;:&quot;&quot;,&quot;isLinked&quot;:true},&quot;element_pack_global_tooltip_border_radius&quot;:{&quot;unit&quot;:&quot;px&quot;,&quot;top&quot;:&quot;&quot;,&quot;right&quot;:&quot;&quot;,&quot;bottom&quot;:&quot;&quot;,&quot;left&quot;:&quot;&quot;,&quot;isLinked&quot;:true},&quot;element_pack_global_tooltip_border_radius_tablet&quot;:{&quot;unit&quot;:&quot;px&quot;,&quot;top&quot;:&quot;&quot;,&quot;right&quot;:&quot;&quot;,&quot;bottom&quot;:&quot;&quot;,&quot;left&quot;:&quot;&quot;,&quot;isLinked&quot;:true},&quot;element_pack_global_tooltip_border_radius_mobile&quot;:{&quot;unit&quot;:&quot;px&quot;,&quot;top&quot;:&quot;&quot;,&quot;right&quot;:&quot;&quot;,&quot;bottom&quot;:&quot;&quot;,&quot;left&quot;:&quot;&quot;,&quot;isLinked&quot;:true}}\" data-elementor-post-type=\"page\">\n\t\t\t\t<div class=\"aux-parallax-section elementor-element elementor-element-4a9800f e-flex e-con-boxed e-con e-parent\" data-id=\"4a9800f\" data-element_type=\"container\" data-e-type=\"container\">\n\t\t\t\t\t<div class=\"e-con-inner\">\n\t\t\t\t<div class=\"elementor-element elementor-element-e053295 elementor-widget elementor-widget-heading\" data-id=\"e053295\" data-element_type=\"widget\" data-e-type=\"widget\" data-widget_type=\"heading.default\">\n\t\t\t\t<div class=\"elementor-widget-container\">\n\t\t\t\t\t<h2 class=\"elementor-heading-title elementor-size-default\"> wszystko co trzeba wiedzie\u0107<\/h2>\t\t\t\t<\/div>\n\t\t\t\t<\/div>\n\t\t\t\t<div class=\"elementor-element elementor-element-e95e488 elementor-widget elementor-widget-heading\" data-id=\"e95e488\" data-element_type=\"widget\" data-e-type=\"widget\" data-widget_type=\"heading.default\">\n\t\t\t\t<div class=\"elementor-widget-container\">\n\t\t\t\t\t<h1 class=\"elementor-heading-title elementor-size-default\">Ochrona przed upadkiem z p\u0142askiego dachu<\/h1>\t\t\t\t<\/div>\n\t\t\t\t<\/div>\n\t\t\t\t<div class=\"elementor-element elementor-element-af4856d elementor-widget__width-initial elementor-widget elementor-widget-text-editor\" data-id=\"af4856d\" data-element_type=\"widget\" data-e-type=\"widget\" data-widget_type=\"text-editor.default\">\n\t\t\t\t<div class=\"elementor-widget-container\">\n\t\t\t\t\t\t\t\t\t<p>Ochrona przed upadkiem z dach\u00f3w p\u0142askich jest cz\u0119\u015bci\u0105 bezpiecze\u0144stwa pracy, kt\u00f3ra podlega wymogom prawnym i mo\u017ce by\u0107 realizowana na wiele r\u00f3\u017cnych sposob\u00f3w. Co si\u0119 za tym kryje i co warto wiedzie\u0107, wyja\u015bnimy tutaj.<\/p>\t\t\t\t\t\t\t\t<\/div>\n\t\t\t\t<\/div>\n\t\t\t\t\t<\/div>\n\t\t\t\t<\/div>\n\t\t\t\t<section class=\"elementor-section elementor-top-section elementor-element elementor-element-3ac144e4 elementor-reverse-mobile elementor-section-boxed elementor-section-height-default elementor-section-height-default\" data-id=\"3ac144e4\" data-element_type=\"section\" data-e-type=\"section\" id=\"first\" data-settings=\"{&quot;background_background&quot;:&quot;classic&quot;}\">\n\t\t\t\t\t\t<div class=\"elementor-container elementor-column-gap-default\">\n\t\t\t\t\t<div class=\"aux-parallax-section elementor-column elementor-col-100 elementor-top-column elementor-element elementor-element-9f96f52\" data-id=\"9f96f52\" data-element_type=\"column\" data-e-type=\"column\">\n\t\t\t<div class=\"elementor-widget-wrap elementor-element-populated\">\n\t\t\t\t\t\t<div class=\"elementor-element elementor-element-73a8921f aux-appear-watch-animation aux-fade-in-up elementor-widget elementor-widget-accordion\" data-id=\"73a8921f\" data-element_type=\"widget\" data-e-type=\"widget\" data-widget_type=\"accordion.default\">\n\t\t\t\t<div class=\"elementor-widget-container\">\n\t\t\t\t\t\t\t<div class=\"elementor-accordion\">\n\t\t\t\t\t\t\t<div class=\"elementor-accordion-item\">\n\t\t\t\t\t<h3 id=\"elementor-tab-title-1941\" class=\"elementor-tab-title\" data-tab=\"1\" role=\"button\" aria-controls=\"elementor-tab-content-1941\" aria-expanded=\"false\">\n\t\t\t\t\t\t\t\t\t\t\t\t\t<span class=\"elementor-accordion-icon elementor-accordion-icon-right\" aria-hidden=\"true\">\n\t\t\t\t\t\t\t\t\t\t\t\t\t\t\t<span class=\"elementor-accordion-icon-closed\"><svg class=\"e-font-icon-svg e-fas-plus\" viewbox=\"0 0 448 512\" xmlns=\"http:\/\/www.w3.org\/2000\/svg\"><path d=\"M416 208H272V64c0-17.67-14.33-32-32-32h-32c-17.67 0-32 14.33-32 32v144H32c-17.67 0-32 14.33-32 32v32c0 17.67 14.33 32 32 32h144v144c0 17.67 14.33 32 32 32h32c17.67 0 32-14.33 32-32V304h144c17.67 0 32-14.33 32-32v-32c0-17.67-14.33-32-32-32z\"><\/path><\/svg><\/span>\n\t\t\t\t\t\t\t\t<span class=\"elementor-accordion-icon-opened\"><svg class=\"e-font-icon-svg e-fas-minus\" viewbox=\"0 0 448 512\" xmlns=\"http:\/\/www.w3.org\/2000\/svg\"><path d=\"M416 208H32c-17.67 0-32 14.33-32 32v32c0 17.67 14.33 32 32 32h384c17.67 0 32-14.33 32-32v-32c0-17.67-14.33-32-32-32z\"><\/path><\/svg><\/span>\n\t\t\t\t\t\t\t\t\t\t\t\t\t\t<\/span>\n\t\t\t\t\t\t\t\t\t\t\t\t<a class=\"elementor-accordion-title\" tabindex=\"0\">Czym s\u0105 systemy zabezpieczaj\u0105ce przed upadkiem z dachu p\u0142askiego?<\/a>\n\t\t\t\t\t<\/h3>\n\t\t\t\t\t<div id=\"elementor-tab-content-1941\" class=\"elementor-tab-content elementor-clearfix\" data-tab=\"1\" role=\"region\" aria-labelledby=\"elementor-tab-title-1941\"><p>Stra\u017cacy, konserwatorzy lub pracownicy budowlani, hydraulicy lub dekarze cz\u0119sto pracuj\u0105 w miejscach na dachu, gdzie ryzyko upadku jest szczeg\u00f3lnie wysokie. To w\u0142a\u015bnie w tych obszarach instalowane s\u0105 urz\u0105dzenia, kt\u00f3re maj\u0105 zapobiega\u0107 upadkowi lub je przechwytywa\u0107. To znacznie zwi\u0119ksza bezpiecze\u0144stwo pracy.<\/p><p>Ochrona przed upadkiem z dachu p\u0142askiego zwykle obejmuje r\u00f3\u017cne rodzaje zabezpiecze\u0144, kt\u00f3re s\u0105 instalowane jako por\u0119cze przed strefami niebezpiecznymi lub indywidualne systemy bezpiecze\u0144stwa, kt\u00f3re ludzie nosz\u0105 i kt\u00f3re s\u0105 po\u0142\u0105czone z dachem p\u0142askim.<\/p><p>Systemy ochrony przed upadkiem z dach\u00f3w p\u0142askich dziel\u0105 si\u0119 na te dwie grupy. Pierwotne zabezpieczenie przed upadkiem, takie jak balustrady, i wt\u00f3rne zabezpieczenie przed upadkiem, takie jak osobiste systemy bezpiecze\u0144stwa.<\/p><\/div>\n\t\t\t\t<\/div>\n\t\t\t\t\t\t\t<div class=\"elementor-accordion-item\">\n\t\t\t\t\t<h3 id=\"elementor-tab-title-1942\" class=\"elementor-tab-title\" data-tab=\"2\" role=\"button\" aria-controls=\"elementor-tab-content-1942\" aria-expanded=\"false\">\n\t\t\t\t\t\t\t\t\t\t\t\t\t<span class=\"elementor-accordion-icon elementor-accordion-icon-right\" aria-hidden=\"true\">\n\t\t\t\t\t\t\t\t\t\t\t\t\t\t\t<span class=\"elementor-accordion-icon-closed\"><svg class=\"e-font-icon-svg e-fas-plus\" viewbox=\"0 0 448 512\" xmlns=\"http:\/\/www.w3.org\/2000\/svg\"><path d=\"M416 208H272V64c0-17.67-14.33-32-32-32h-32c-17.67 0-32 14.33-32 32v144H32c-17.67 0-32 14.33-32 32v32c0 17.67 14.33 32 32 32h144v144c0 17.67 14.33 32 32 32h32c17.67 0 32-14.33 32-32V304h144c17.67 0 32-14.33 32-32v-32c0-17.67-14.33-32-32-32z\"><\/path><\/svg><\/span>\n\t\t\t\t\t\t\t\t<span class=\"elementor-accordion-icon-opened\"><svg class=\"e-font-icon-svg e-fas-minus\" viewbox=\"0 0 448 512\" xmlns=\"http:\/\/www.w3.org\/2000\/svg\"><path d=\"M416 208H32c-17.67 0-32 14.33-32 32v32c0 17.67 14.33 32 32 32h384c17.67 0 32-14.33 32-32v-32c0-17.67-14.33-32-32-32z\"><\/path><\/svg><\/span>\n\t\t\t\t\t\t\t\t\t\t\t\t\t\t<\/span>\n\t\t\t\t\t\t\t\t\t\t\t\t<a class=\"elementor-accordion-title\" tabindex=\"0\">Z jakiej wysoko\u015bci wymagane s\u0105 zabezpieczenia przeciwupadkowe dach\u00f3w p\u0142askich?<\/a>\n\t\t\t\t\t<\/h3>\n\t\t\t\t\t<div id=\"elementor-tab-content-1942\" class=\"elementor-tab-content elementor-clearfix\" data-tab=\"2\" role=\"region\" aria-labelledby=\"elementor-tab-title-1942\"><p>Istniej\u0105 specyfikacje okre\u015blaj\u0105ce wysoko\u015b\u0107, z jakiej wymagane jest zabezpieczenie dachu p\u0142askiego. Wa\u017cne jest, aby wzi\u0105\u0107 pod uwag\u0119 r\u00f3\u017cne obszary i czynniki. Wymogi prawne zale\u017c\u0105 r\u00f3wnie\u017c od warunk\u00f3w lokalnych.<\/p><ul><li>Prace, kt\u00f3re maj\u0105 miejsce na p\u0142askim dachu nad lub w pobli\u017cu wody, nale\u017cy zawsze wykonywa\u0107 przy u\u017cyciu urz\u0105dzenia zabezpieczaj\u0105cego przed upadkiem z p\u0142askiego dachu. W tej pracy wysoko\u015b\u0107 nie ma znaczenia. Inne p\u0142ynne substancje, w kt\u00f3rych mo\u017cna zaton\u0105\u0107, r\u00f3wnie\u017c podlegaj\u0105 tym specyfikacjom.<\/li><li>Je\u017celi prace s\u0105 prowadzone na otwartej klatce schodowej lub innych otworach w \u015bcianach, nale\u017cy zastosowa\u0107 zabezpieczenie przed upadkiem z wysoko\u015bci 1 metra.<\/li><li>W przypadku wszystkich innych prac w ci\u0105gach komunikacyjnych na dachach obowi\u0105zuje wysoko\u015b\u0107 3 metr\u00f3w, od tej wysoko\u015bci nale\u017cy zastosowa\u0107 zabezpieczenie przed upadkiem z dachu p\u0142askiego. Ta zasada dotyczy wi\u0119kszo\u015bci prac na dachach p\u0142askich.<\/li><li>Ochrona przed upadkiem musi by\u0107 stosowana do wszystkich innych prac z wysoko\u015bci 2 metr\u00f3w.<\/li><\/ul><\/div>\n\t\t\t\t<\/div>\n\t\t\t\t\t\t\t<div class=\"elementor-accordion-item\">\n\t\t\t\t\t<h3 id=\"elementor-tab-title-1943\" class=\"elementor-tab-title\" data-tab=\"3\" role=\"button\" aria-controls=\"elementor-tab-content-1943\" aria-expanded=\"false\">\n\t\t\t\t\t\t\t\t\t\t\t\t\t<span class=\"elementor-accordion-icon elementor-accordion-icon-right\" aria-hidden=\"true\">\n\t\t\t\t\t\t\t\t\t\t\t\t\t\t\t<span class=\"elementor-accordion-icon-closed\"><svg class=\"e-font-icon-svg e-fas-plus\" viewbox=\"0 0 448 512\" xmlns=\"http:\/\/www.w3.org\/2000\/svg\"><path d=\"M416 208H272V64c0-17.67-14.33-32-32-32h-32c-17.67 0-32 14.33-32 32v144H32c-17.67 0-32 14.33-32 32v32c0 17.67 14.33 32 32 32h144v144c0 17.67 14.33 32 32 32h32c17.67 0 32-14.33 32-32V304h144c17.67 0 32-14.33 32-32v-32c0-17.67-14.33-32-32-32z\"><\/path><\/svg><\/span>\n\t\t\t\t\t\t\t\t<span class=\"elementor-accordion-icon-opened\"><svg class=\"e-font-icon-svg e-fas-minus\" viewbox=\"0 0 448 512\" xmlns=\"http:\/\/www.w3.org\/2000\/svg\"><path d=\"M416 208H32c-17.67 0-32 14.33-32 32v32c0 17.67 14.33 32 32 32h384c17.67 0 32-14.33 32-32v-32c0-17.67-14.33-32-32-32z\"><\/path><\/svg><\/span>\n\t\t\t\t\t\t\t\t\t\t\t\t\t\t<\/span>\n\t\t\t\t\t\t\t\t\t\t\t\t<a class=\"elementor-accordion-title\" tabindex=\"0\">Jakie s\u0105 rodzaje zabezpiecze\u0144 dach\u00f3w p\u0142askich?<\/a>\n\t\t\t\t\t<\/h3>\n\t\t\t\t\t<div id=\"elementor-tab-content-1943\" class=\"elementor-tab-content elementor-clearfix\" data-tab=\"3\" role=\"region\" aria-labelledby=\"elementor-tab-title-1943\"><p>Dost\u0119pne s\u0105 r\u00f3\u017cne systemy ochrony dach\u00f3w p\u0142askich. To, kt\u00f3ry bezpiecznik jest w\u0142a\u015bciwy, zwykle zale\u017cy od stanu dachu i rodzaju pracy. Og\u00f3lnie rzecz bior\u0105c, r\u00f3\u017cne systemy ochrony przed upadkiem z dach\u00f3w p\u0142askich mo\u017cna wyr\u00f3\u017cni\u0107 w nast\u0119puj\u0105cy spos\u00f3b:<\/p><ul><li><strong> Punkty kotwiczenia i zabezpieczenia<\/strong><\/li><\/ul><p>S\u0105 to zamocowane na sta\u0142e wsporniki, w kt\u00f3rych mo\u017cna zatrzasn\u0105\u0107 link\u0119 zabezpieczaj\u0105c\u0105. Dzi\u0119ki temu pracownik jest zabezpieczony i mo\u017ce by\u0107 zabezpieczony w przypadku upadku. Jednak w tym wariancie mobilno\u015b\u0107 pracy jest ukierunkowana na punkty mocowania. W ten spos\u00f3b mo\u017cna pokry\u0107 ca\u0142y dach i jednocze\u015bnie mo\u017ce pracowa\u0107 kilka os\u00f3b.<\/p><ul><li><strong> systemy kablowe<\/strong><\/li><\/ul><p>W tym wariancie system linowy jest zainstalowany na dachu, pracownicy mog\u0105 si\u0119 przypi\u0105\u0107 za pomoc\u0105 indywidualnych pas\u00f3w bezpiecze\u0144stwa i w ten spos\u00f3b s\u0105 zabezpieczeni. W zale\u017cno\u015bci od sposobu zamocowania systemu kablowego mo\u017ce to odbywa\u0107 si\u0119 r\u00f3wnie\u017c nad g\u0142ow\u0105, co umo\u017cliwia r\u00f3wnie\u017c prac\u0119 w poziomie.<\/p><ul><li><strong> systemy terenowe<\/strong><\/li><\/ul><p>Najlepszym sposobem ochrony kraw\u0119dzi klifu jest u\u017cycie balustrad, aby uniemo\u017cliwi\u0107 ludziom zbli\u017cenie si\u0119 do niebezpiecznych obszar\u00f3w.<\/p><\/div>\n\t\t\t\t<\/div>\n\t\t\t\t\t\t\t<div class=\"elementor-accordion-item\">\n\t\t\t\t\t<h3 id=\"elementor-tab-title-1944\" class=\"elementor-tab-title\" data-tab=\"4\" role=\"button\" aria-controls=\"elementor-tab-content-1944\" aria-expanded=\"false\">\n\t\t\t\t\t\t\t\t\t\t\t\t\t<span class=\"elementor-accordion-icon elementor-accordion-icon-right\" aria-hidden=\"true\">\n\t\t\t\t\t\t\t\t\t\t\t\t\t\t\t<span class=\"elementor-accordion-icon-closed\"><svg class=\"e-font-icon-svg e-fas-plus\" viewbox=\"0 0 448 512\" xmlns=\"http:\/\/www.w3.org\/2000\/svg\"><path d=\"M416 208H272V64c0-17.67-14.33-32-32-32h-32c-17.67 0-32 14.33-32 32v144H32c-17.67 0-32 14.33-32 32v32c0 17.67 14.33 32 32 32h144v144c0 17.67 14.33 32 32 32h32c17.67 0 32-14.33 32-32V304h144c17.67 0 32-14.33 32-32v-32c0-17.67-14.33-32-32-32z\"><\/path><\/svg><\/span>\n\t\t\t\t\t\t\t\t<span class=\"elementor-accordion-icon-opened\"><svg class=\"e-font-icon-svg e-fas-minus\" viewbox=\"0 0 448 512\" xmlns=\"http:\/\/www.w3.org\/2000\/svg\"><path d=\"M416 208H32c-17.67 0-32 14.33-32 32v32c0 17.67 14.33 32 32 32h384c17.67 0 32-14.33 32-32v-32c0-17.67-14.33-32-32-32z\"><\/path><\/svg><\/span>\n\t\t\t\t\t\t\t\t\t\t\t\t\t\t<\/span>\n\t\t\t\t\t\t\t\t\t\t\t\t<a class=\"elementor-accordion-title\" tabindex=\"0\">Jak \u0142atwo jest zmodernizowa\u0107 zabezpieczenie przed upadkiem z dachu p\u0142askiego?<\/a>\n\t\t\t\t\t<\/h3>\n\t\t\t\t\t<div id=\"elementor-tab-content-1944\" class=\"elementor-tab-content elementor-clearfix\" data-tab=\"4\" role=\"region\" aria-labelledby=\"elementor-tab-title-1944\"><p>Doposa\u017cenie w zabezpieczenie przed upadkiem p\u0142askiego dachu jest zawsze mo\u017cliwe. To, jaki wysi\u0142ek jest w to zaanga\u017cowany, zale\u017cy od okoliczno\u015bci i stanu p\u0142askiego dachu.<\/p><p>Og\u00f3lnie rzecz bior\u0105c, zabezpieczenie przed upadkiem musi by\u0107 na swoim miejscu, niezale\u017cnie od wysoko\u015bci, je\u015bli:<\/p><ul><li>Praca odbywa si\u0119 na i nad wod\u0105.<\/li><li>Praca odbywa si\u0119 na i nad innymi p\u0142ynnymi substancjami.<\/li><\/ul><p>Ponadto przepisy okre\u015blaj\u0105 informacje dotycz\u0105ce wysoko\u015bci, takie jak:<\/p><ul><li>Przy otworach w \u015bcianach lub otwartych klatkach schodowych z wysoko\u015bci 1 metra.<\/li><li>We wszystkich innych obszarach z wysoko\u015bci roboczej 2 metr\u00f3w.<\/li><\/ul><p>Jak ju\u017c wspomniano, przepisy dotycz\u0105ce wysoko\u015bci nie s\u0105 sta\u0142e, ale mog\u0105 na nie wp\u0142ywa\u0107 r\u00f3wnie\u017c inne czynniki. Czynniki, kt\u00f3re mog\u0105 wp\u0142yn\u0105\u0107 na potrzeb\u0119 ochrony przed upadkiem, obejmuj\u0105:<\/p><ul><li>r\u00f3\u017cnica wysoko\u015bci<\/li><li>odleg\u0142o\u015b\u0107 do kraw\u0119dzi zderzenia<\/li><li>charakter pod\u0142o\u017ca<\/li><li>ile os\u00f3b ma by\u0107 chronionych<\/li><li>ziemia pod kraw\u0119dzi\u0105<\/li><\/ul><\/div>\n\t\t\t\t<\/div>\n\t\t\t\t\t\t\t\t<\/div>\n\t\t\t\t\t\t<\/div>\n\t\t\t\t<\/div>\n\t\t\t\t\t<\/div>\n\t\t<\/div>\n\t\t\t\t\t<\/div>\n\t\t<\/section>\n\t\t\t\t<\/div>","protected":false},"excerpt":{"rendered":"<p>alles, was es zu wissen gibt Flachdach Absturzsicherungen Flachdach Absturzsicherungen geh\u00f6ren zum Arbeitsschutz, der gesetzlichen Vorgaben unterliegt und auf viele verschiedene Weisen umsetzbar ist. Was steckt dahinter und was gilt es zu wissen, das kl\u00e4ren wir hier. Was sind Flachdach Absturzsicherungen? Feuerwehrleute, Mitarbeiter der Wartung oder der Bauindustrie, Installateure oder Dachdecker arbeiten oft in Bereichen [&hellip;]<\/p>\n","protected":false},"author":1,"featured_media":3683,"parent":1797,"menu_order":0,"comment_status":"closed","ping_status":"closed","template":"","meta":{"footnotes":""},"seiten_kategorie":[133],"class_list":["post-1818","page","type-page","status-publish","has-post-thumbnail","hentry","seiten_kategorie-wissen"],"_links":{"self":[{"href":"https:\/\/secupohl.com\/pl\/wp-json\/wp\/v2\/pages\/1818","targetHints":{"allow":["GET"]}}],"collection":[{"href":"https:\/\/secupohl.com\/pl\/wp-json\/wp\/v2\/pages"}],"about":[{"href":"https:\/\/secupohl.com\/pl\/wp-json\/wp\/v2\/types\/page"}],"author":[{"embeddable":true,"href":"https:\/\/secupohl.com\/pl\/wp-json\/wp\/v2\/users\/1"}],"replies":[{"embeddable":true,"href":"https:\/\/secupohl.com\/pl\/wp-json\/wp\/v2\/comments?post=1818"}],"version-history":[{"count":36,"href":"https:\/\/secupohl.com\/pl\/wp-json\/wp\/v2\/pages\/1818\/revisions"}],"predecessor-version":[{"id":5497,"href":"https:\/\/secupohl.com\/pl\/wp-json\/wp\/v2\/pages\/1818\/revisions\/5497"}],"up":[{"embeddable":true,"href":"https:\/\/secupohl.com\/pl\/wp-json\/wp\/v2\/pages\/1797"}],"wp:featuredmedia":[{"embeddable":true,"href":"https:\/\/secupohl.com\/pl\/wp-json\/wp\/v2\/media\/3683"}],"wp:attachment":[{"href":"https:\/\/secupohl.com\/pl\/wp-json\/wp\/v2\/media?parent=1818"}],"wp:term":[{"taxonomy":"seiten_kategorie","embeddable":true,"href":"https:\/\/secupohl.com\/pl\/wp-json\/wp\/v2\/seiten_kategorie?post=1818"}],"curies":[{"name":"wp","href":"https:\/\/api.w.org\/{rel}","templated":true}]}}