{"id":1812,"date":"2021-08-30T03:26:04","date_gmt":"2021-08-30T03:26:04","guid":{"rendered":"https:\/\/secupohl.com\/?page_id=1812"},"modified":"2024-03-01T17:50:05","modified_gmt":"2024-03-01T15:50:05","slug":"absturzsicherungen-dach","status":"publish","type":"page","link":"https:\/\/secupohl.com\/pl\/wissen\/absturzsicherungen-dach\/","title":{"rendered":"Bezpieczny dach chroni\u0105cy przed upadkiem"},"content":{"rendered":"<div data-elementor-type=\"wp-page\" data-elementor-id=\"1812\" class=\"elementor elementor-1812\" data-elementor-settings=\"{&quot;element_pack_global_tooltip_width&quot;:{&quot;unit&quot;:&quot;px&quot;,&quot;size&quot;:&quot;&quot;,&quot;sizes&quot;:[]},&quot;element_pack_global_tooltip_width_tablet&quot;:{&quot;unit&quot;:&quot;px&quot;,&quot;size&quot;:&quot;&quot;,&quot;sizes&quot;:[]},&quot;element_pack_global_tooltip_width_mobile&quot;:{&quot;unit&quot;:&quot;px&quot;,&quot;size&quot;:&quot;&quot;,&quot;sizes&quot;:[]},&quot;element_pack_global_tooltip_padding&quot;:{&quot;unit&quot;:&quot;px&quot;,&quot;top&quot;:&quot;&quot;,&quot;right&quot;:&quot;&quot;,&quot;bottom&quot;:&quot;&quot;,&quot;left&quot;:&quot;&quot;,&quot;isLinked&quot;:true},&quot;element_pack_global_tooltip_padding_tablet&quot;:{&quot;unit&quot;:&quot;px&quot;,&quot;top&quot;:&quot;&quot;,&quot;right&quot;:&quot;&quot;,&quot;bottom&quot;:&quot;&quot;,&quot;left&quot;:&quot;&quot;,&quot;isLinked&quot;:true},&quot;element_pack_global_tooltip_padding_mobile&quot;:{&quot;unit&quot;:&quot;px&quot;,&quot;top&quot;:&quot;&quot;,&quot;right&quot;:&quot;&quot;,&quot;bottom&quot;:&quot;&quot;,&quot;left&quot;:&quot;&quot;,&quot;isLinked&quot;:true},&quot;element_pack_global_tooltip_border_radius&quot;:{&quot;unit&quot;:&quot;px&quot;,&quot;top&quot;:&quot;&quot;,&quot;right&quot;:&quot;&quot;,&quot;bottom&quot;:&quot;&quot;,&quot;left&quot;:&quot;&quot;,&quot;isLinked&quot;:true},&quot;element_pack_global_tooltip_border_radius_tablet&quot;:{&quot;unit&quot;:&quot;px&quot;,&quot;top&quot;:&quot;&quot;,&quot;right&quot;:&quot;&quot;,&quot;bottom&quot;:&quot;&quot;,&quot;left&quot;:&quot;&quot;,&quot;isLinked&quot;:true},&quot;element_pack_global_tooltip_border_radius_mobile&quot;:{&quot;unit&quot;:&quot;px&quot;,&quot;top&quot;:&quot;&quot;,&quot;right&quot;:&quot;&quot;,&quot;bottom&quot;:&quot;&quot;,&quot;left&quot;:&quot;&quot;,&quot;isLinked&quot;:true}}\" data-elementor-post-type=\"page\">\n\t\t\t\t<div class=\"aux-parallax-section elementor-element elementor-element-2f3a60c e-flex e-con-boxed e-con e-parent\" data-id=\"2f3a60c\" data-element_type=\"container\" data-e-type=\"container\">\n\t\t\t\t\t<div class=\"e-con-inner\">\n\t\t\t\t<div class=\"elementor-element elementor-element-f3544c2 elementor-widget elementor-widget-heading\" data-id=\"f3544c2\" data-element_type=\"widget\" data-e-type=\"widget\" data-widget_type=\"heading.default\">\n\t\t\t\t<div class=\"elementor-widget-container\">\n\t\t\t\t\t<h2 class=\"elementor-heading-title elementor-size-default\">Bezpiecznie na dachu<\/h2>\t\t\t\t<\/div>\n\t\t\t\t<\/div>\n\t\t\t\t<div class=\"elementor-element elementor-element-ba1416c elementor-widget elementor-widget-heading\" data-id=\"ba1416c\" data-element_type=\"widget\" data-e-type=\"widget\" data-widget_type=\"heading.default\">\n\t\t\t\t<div class=\"elementor-widget-container\">\n\t\t\t\t\t<h1 class=\"elementor-heading-title elementor-size-default\">Ochrona przed upadkiem dachu<\/h1>\t\t\t\t<\/div>\n\t\t\t\t<\/div>\n\t\t\t\t<div class=\"elementor-element elementor-element-b8d707e elementor-widget__width-initial elementor-widget elementor-widget-text-editor\" data-id=\"b8d707e\" data-element_type=\"widget\" data-e-type=\"widget\" data-widget_type=\"text-editor.default\">\n\t\t\t\t<div class=\"elementor-widget-container\">\n\t\t\t\t\t\t\t\t\t<p>Bezpiecze\u0144stwo w pracy jest wa\u017cne, a ochrona przed upadkiem z dachu odgrywa w tym bardzo wa\u017cn\u0105 rol\u0119. Dlaczego tak jest i na co nale\u017cy zwr\u00f3ci\u0107 uwag\u0119, wyja\u015bniamy tutaj wszystkie wa\u017cne pytania.<\/p>\t\t\t\t\t\t\t\t<\/div>\n\t\t\t\t<\/div>\n\t\t\t\t\t<\/div>\n\t\t\t\t<\/div>\n\t\t\t\t<section class=\"elementor-section elementor-top-section elementor-element elementor-element-4a20a85f elementor-reverse-mobile elementor-section-boxed elementor-section-height-default elementor-section-height-default\" data-id=\"4a20a85f\" data-element_type=\"section\" data-e-type=\"section\" data-settings=\"{&quot;background_background&quot;:&quot;classic&quot;}\">\n\t\t\t\t\t\t<div class=\"elementor-container elementor-column-gap-default\">\n\t\t\t\t\t<div class=\"aux-parallax-section elementor-column elementor-col-100 elementor-top-column elementor-element elementor-element-7ec61d3e\" data-id=\"7ec61d3e\" data-element_type=\"column\" data-e-type=\"column\">\n\t\t\t<div class=\"elementor-widget-wrap elementor-element-populated\">\n\t\t\t\t\t\t<div class=\"elementor-element elementor-element-5c9eb14d aux-appear-watch-animation aux-fade-in-up elementor-widget elementor-widget-accordion\" data-id=\"5c9eb14d\" data-element_type=\"widget\" data-e-type=\"widget\" data-widget_type=\"accordion.default\">\n\t\t\t\t<div class=\"elementor-widget-container\">\n\t\t\t\t\t\t\t<div class=\"elementor-accordion\">\n\t\t\t\t\t\t\t<div class=\"elementor-accordion-item\">\n\t\t\t\t\t<h3 id=\"elementor-tab-title-1551\" class=\"elementor-tab-title\" data-tab=\"1\" role=\"button\" aria-controls=\"elementor-tab-content-1551\" aria-expanded=\"false\">\n\t\t\t\t\t\t\t\t\t\t\t\t\t<span class=\"elementor-accordion-icon elementor-accordion-icon-right\" aria-hidden=\"true\">\n\t\t\t\t\t\t\t\t\t\t\t\t\t\t\t<span class=\"elementor-accordion-icon-closed\"><svg class=\"e-font-icon-svg e-fas-plus\" viewbox=\"0 0 448 512\" xmlns=\"http:\/\/www.w3.org\/2000\/svg\"><path d=\"M416 208H272V64c0-17.67-14.33-32-32-32h-32c-17.67 0-32 14.33-32 32v144H32c-17.67 0-32 14.33-32 32v32c0 17.67 14.33 32 32 32h144v144c0 17.67 14.33 32 32 32h32c17.67 0 32-14.33 32-32V304h144c17.67 0 32-14.33 32-32v-32c0-17.67-14.33-32-32-32z\"><\/path><\/svg><\/span>\n\t\t\t\t\t\t\t\t<span class=\"elementor-accordion-icon-opened\"><svg class=\"e-font-icon-svg e-fas-minus\" viewbox=\"0 0 448 512\" xmlns=\"http:\/\/www.w3.org\/2000\/svg\"><path d=\"M416 208H32c-17.67 0-32 14.33-32 32v32c0 17.67 14.33 32 32 32h384c17.67 0 32-14.33 32-32v-32c0-17.67-14.33-32-32-32z\"><\/path><\/svg><\/span>\n\t\t\t\t\t\t\t\t\t\t\t\t\t\t<\/span>\n\t\t\t\t\t\t\t\t\t\t\t\t<a class=\"elementor-accordion-title\" tabindex=\"0\">Co to jest ochrona przed upadkiem dachu?<\/a>\n\t\t\t\t\t<\/h3>\n\t\t\t\t\t<div id=\"elementor-tab-content-1551\" class=\"elementor-tab-content elementor-clearfix\" data-tab=\"1\" role=\"region\" aria-labelledby=\"elementor-tab-title-1551\"><p>Urz\u0105dzenie zatrzymuj\u0105ce upadki to urz\u0105dzenie zaprojektowane do zapobiegania upadkom lub powstrzymywania upadk\u00f3w z wysokich obszar\u00f3w roboczych. Te formy ochrony odgrywaj\u0105 wa\u017cn\u0105 rol\u0119 w bezpiecze\u0144stwie pracy. Ochrona przed upadkiem jest szczeg\u00f3lnie wa\u017cna podczas pracy na dachu. Istniej\u0105 2 rodzaje ochrony przed upadkiem:<\/p><ul><li><strong> Podstawowy dach zabezpieczaj\u0105cy przed upadkiem<\/strong><\/li><\/ul><p>S\u0105 to urz\u0105dzenia, takie jak balustrady, kt\u00f3re s\u0105 umieszczane, aby zapobiec upadkowi z g\u00f3ry. Dzi\u0119ki tego rodzaju zabezpieczeniom mo\u017cna stworzy\u0107 ochron\u0119 zbiorow\u0105 dla wielu os\u00f3b.<\/p><ul><li><strong> Wt\u00f3rny dach zabezpieczaj\u0105cy przed upadkiem<\/strong><\/li><\/ul><p>Ten rodzaj asekuracji to spos\u00f3b na zatrzymanie lub zatrzymanie upadku lub upadku. W wi\u0119kszo\u015bci przypadk\u00f3w chodzi o ochron\u0119 jednostek.<\/p><p>W zale\u017cno\u015bci od stanu i rodzaju dachu dost\u0119pne s\u0105 r\u00f3\u017cne dachy zabezpieczaj\u0105ce przed upadkiem. Poniewa\u017c wymagania okre\u015blaj\u0105 mo\u017cliwo\u015bci zabezpieczenia i okre\u015blaj\u0105 rodzaj dachu chroni\u0105cego przed upadkiem. Ju\u017c na etapie planowania warto sprowadzi\u0107 ekspert\u00f3w, aby zapewni\u0107 optymalne bezpiecze\u0144stwo.<\/p><\/div>\n\t\t\t\t<\/div>\n\t\t\t\t\t\t\t<div class=\"elementor-accordion-item\">\n\t\t\t\t\t<h3 id=\"elementor-tab-title-1552\" class=\"elementor-tab-title\" data-tab=\"2\" role=\"button\" aria-controls=\"elementor-tab-content-1552\" aria-expanded=\"false\">\n\t\t\t\t\t\t\t\t\t\t\t\t\t<span class=\"elementor-accordion-icon elementor-accordion-icon-right\" aria-hidden=\"true\">\n\t\t\t\t\t\t\t\t\t\t\t\t\t\t\t<span class=\"elementor-accordion-icon-closed\"><svg class=\"e-font-icon-svg e-fas-plus\" viewbox=\"0 0 448 512\" xmlns=\"http:\/\/www.w3.org\/2000\/svg\"><path d=\"M416 208H272V64c0-17.67-14.33-32-32-32h-32c-17.67 0-32 14.33-32 32v144H32c-17.67 0-32 14.33-32 32v32c0 17.67 14.33 32 32 32h144v144c0 17.67 14.33 32 32 32h32c17.67 0 32-14.33 32-32V304h144c17.67 0 32-14.33 32-32v-32c0-17.67-14.33-32-32-32z\"><\/path><\/svg><\/span>\n\t\t\t\t\t\t\t\t<span class=\"elementor-accordion-icon-opened\"><svg class=\"e-font-icon-svg e-fas-minus\" viewbox=\"0 0 448 512\" xmlns=\"http:\/\/www.w3.org\/2000\/svg\"><path d=\"M416 208H32c-17.67 0-32 14.33-32 32v32c0 17.67 14.33 32 32 32h384c17.67 0 32-14.33 32-32v-32c0-17.67-14.33-32-32-32z\"><\/path><\/svg><\/span>\n\t\t\t\t\t\t\t\t\t\t\t\t\t\t<\/span>\n\t\t\t\t\t\t\t\t\t\t\t\t<a class=\"elementor-accordion-title\" tabindex=\"0\">Kiedy konieczne jest zabezpieczenie dachu przed upadkiem?<\/a>\n\t\t\t\t\t<\/h3>\n\t\t\t\t\t<div id=\"elementor-tab-content-1552\" class=\"elementor-tab-content elementor-clearfix\" data-tab=\"2\" role=\"region\" aria-labelledby=\"elementor-tab-title-1552\"><p>Przepisy okre\u015blaj\u0105 r\u00f3wnie\u017c r\u00f3\u017cne specyfikacje wysoko\u015bci dla r\u00f3\u017cnych obszar\u00f3w roboczych. Opr\u00f3cz informacji o wysoko\u015bci istniej\u0105 inne czynniki, kt\u00f3re sprawiaj\u0105, \u017ce dach zabezpieczaj\u0105cy przed upadkiem jest konieczny.<\/p><ul><li>W przypadku prac, kt\u00f3re maj\u0105 miejsce nad lub na wodzie, przepisy zawsze okre\u015blaj\u0105 dach zabezpieczaj\u0105cy przed upadkiem, niezale\u017cnie od wysoko\u015bci.<\/li><li>Ochrona przed upadkiem jest zwykle okre\u015blana na dachach z wysoko\u015bci 3 metr\u00f3w.<\/li><\/ul><\/div>\n\t\t\t\t<\/div>\n\t\t\t\t\t\t\t<div class=\"elementor-accordion-item\">\n\t\t\t\t\t<h3 id=\"elementor-tab-title-1553\" class=\"elementor-tab-title\" data-tab=\"3\" role=\"button\" aria-controls=\"elementor-tab-content-1553\" aria-expanded=\"false\">\n\t\t\t\t\t\t\t\t\t\t\t\t\t<span class=\"elementor-accordion-icon elementor-accordion-icon-right\" aria-hidden=\"true\">\n\t\t\t\t\t\t\t\t\t\t\t\t\t\t\t<span class=\"elementor-accordion-icon-closed\"><svg class=\"e-font-icon-svg e-fas-plus\" viewbox=\"0 0 448 512\" xmlns=\"http:\/\/www.w3.org\/2000\/svg\"><path d=\"M416 208H272V64c0-17.67-14.33-32-32-32h-32c-17.67 0-32 14.33-32 32v144H32c-17.67 0-32 14.33-32 32v32c0 17.67 14.33 32 32 32h144v144c0 17.67 14.33 32 32 32h32c17.67 0 32-14.33 32-32V304h144c17.67 0 32-14.33 32-32v-32c0-17.67-14.33-32-32-32z\"><\/path><\/svg><\/span>\n\t\t\t\t\t\t\t\t<span class=\"elementor-accordion-icon-opened\"><svg class=\"e-font-icon-svg e-fas-minus\" viewbox=\"0 0 448 512\" xmlns=\"http:\/\/www.w3.org\/2000\/svg\"><path d=\"M416 208H32c-17.67 0-32 14.33-32 32v32c0 17.67 14.33 32 32 32h384c17.67 0 32-14.33 32-32v-32c0-17.67-14.33-32-32-32z\"><\/path><\/svg><\/span>\n\t\t\t\t\t\t\t\t\t\t\t\t\t\t<\/span>\n\t\t\t\t\t\t\t\t\t\t\t\t<a class=\"elementor-accordion-title\" tabindex=\"0\">Kt\u00f3re dachy wymagaj\u0105 zabezpieczenia przed upadkiem?<\/a>\n\t\t\t\t\t<\/h3>\n\t\t\t\t\t<div id=\"elementor-tab-content-1553\" class=\"elementor-tab-content elementor-clearfix\" data-tab=\"3\" role=\"region\" aria-labelledby=\"elementor-tab-title-1553\"><p>Og\u00f3lnie rzecz bior\u0105c, zgodnie z przepisami istnieje potrzeba zabezpieczenia dachu przed upadkiem z wysoko\u015bci 3 metr\u00f3w. Rodzaj dachu nie ma znaczenia. Ze wzgl\u0119du na r\u00f3\u017cne opcje, dachy zabezpieczaj\u0105ce przed upadkiem mog\u0105 by\u0107 mocowane do wszystkich dach\u00f3w.<\/p><p>Og\u00f3lnie mo\u017cna powiedzie\u0107, \u017ce opcje dla dach\u00f3w p\u0142askich s\u0105 bardziej rozbudowane, ale s\u0105 te\u017c r\u00f3\u017cne opcje zabezpieczania dach\u00f3w spadzistych, kt\u00f3re nast\u0119pnie zapewniaj\u0105 zwi\u0119kszon\u0105 ochron\u0119 pracownik\u00f3w.<\/p><p>W przypadku wszystkich prac na dachach o wysoko\u015bci powy\u017cej 3 metr\u00f3w dach zabezpieczaj\u0105cy przed upadkiem jest niezb\u0119dny i dlatego zalecany.<\/p><\/div>\n\t\t\t\t<\/div>\n\t\t\t\t\t\t\t<div class=\"elementor-accordion-item\">\n\t\t\t\t\t<h3 id=\"elementor-tab-title-1554\" class=\"elementor-tab-title\" data-tab=\"4\" role=\"button\" aria-controls=\"elementor-tab-content-1554\" aria-expanded=\"false\">\n\t\t\t\t\t\t\t\t\t\t\t\t\t<span class=\"elementor-accordion-icon elementor-accordion-icon-right\" aria-hidden=\"true\">\n\t\t\t\t\t\t\t\t\t\t\t\t\t\t\t<span class=\"elementor-accordion-icon-closed\"><svg class=\"e-font-icon-svg e-fas-plus\" viewbox=\"0 0 448 512\" xmlns=\"http:\/\/www.w3.org\/2000\/svg\"><path d=\"M416 208H272V64c0-17.67-14.33-32-32-32h-32c-17.67 0-32 14.33-32 32v144H32c-17.67 0-32 14.33-32 32v32c0 17.67 14.33 32 32 32h144v144c0 17.67 14.33 32 32 32h32c17.67 0 32-14.33 32-32V304h144c17.67 0 32-14.33 32-32v-32c0-17.67-14.33-32-32-32z\"><\/path><\/svg><\/span>\n\t\t\t\t\t\t\t\t<span class=\"elementor-accordion-icon-opened\"><svg class=\"e-font-icon-svg e-fas-minus\" viewbox=\"0 0 448 512\" xmlns=\"http:\/\/www.w3.org\/2000\/svg\"><path d=\"M416 208H32c-17.67 0-32 14.33-32 32v32c0 17.67 14.33 32 32 32h384c17.67 0 32-14.33 32-32v-32c0-17.67-14.33-32-32-32z\"><\/path><\/svg><\/span>\n\t\t\t\t\t\t\t\t\t\t\t\t\t\t<\/span>\n\t\t\t\t\t\t\t\t\t\t\t\t<a class=\"elementor-accordion-title\" tabindex=\"0\">Dlaczego potrzebny jest dach zabezpieczaj\u0105cy przed upadkiem?<\/a>\n\t\t\t\t\t<\/h3>\n\t\t\t\t\t<div id=\"elementor-tab-content-1554\" class=\"elementor-tab-content elementor-clearfix\" data-tab=\"4\" role=\"region\" aria-labelledby=\"elementor-tab-title-1554\"><p>Dachy chroni\u0105ce przed upadkiem s\u0105 wa\u017cne nie tylko w najgorszym przypadku upadku. Do bezpiecznej i skoncentrowanej pracy r\u00f3wnie przydatne s\u0105 urz\u0105dzenia zabezpieczaj\u0105ce. Poniewa\u017c je\u015bli pracownicy czuj\u0105 si\u0119 bezpiecznie, praca mo\u017ce odbywa\u0107 si\u0119 r\u00f3wnie\u017c w najlepszej koncentracji. Je\u015bli boisz si\u0119 wysoko\u015bci lub na du\u017cych wysoko\u015bciach, poczucie bezpiecze\u0144stwa odgrywa niezwykle wa\u017cn\u0105 rol\u0119, poniewa\u017c tylko w ten spos\u00f3b mo\u017cesz skoncentrowa\u0107 si\u0119 na pracy i wykona\u0107 j\u0105 z nale\u017cyt\u0105 staranno\u015bci\u0105. Ochrona przed upadkiem na dachu jest nie tylko wymagana przez prawo, ale jest r\u00f3wnie\u017c niezwykle wa\u017cna dla zdrowia pracownik\u00f3w.<\/p><\/div>\n\t\t\t\t<\/div>\n\t\t\t\t\t\t\t<div class=\"elementor-accordion-item\">\n\t\t\t\t\t<h3 id=\"elementor-tab-title-1555\" class=\"elementor-tab-title\" data-tab=\"5\" role=\"button\" aria-controls=\"elementor-tab-content-1555\" aria-expanded=\"false\">\n\t\t\t\t\t\t\t\t\t\t\t\t\t<span class=\"elementor-accordion-icon elementor-accordion-icon-right\" aria-hidden=\"true\">\n\t\t\t\t\t\t\t\t\t\t\t\t\t\t\t<span class=\"elementor-accordion-icon-closed\"><svg class=\"e-font-icon-svg e-fas-plus\" viewbox=\"0 0 448 512\" xmlns=\"http:\/\/www.w3.org\/2000\/svg\"><path d=\"M416 208H272V64c0-17.67-14.33-32-32-32h-32c-17.67 0-32 14.33-32 32v144H32c-17.67 0-32 14.33-32 32v32c0 17.67 14.33 32 32 32h144v144c0 17.67 14.33 32 32 32h32c17.67 0 32-14.33 32-32V304h144c17.67 0 32-14.33 32-32v-32c0-17.67-14.33-32-32-32z\"><\/path><\/svg><\/span>\n\t\t\t\t\t\t\t\t<span class=\"elementor-accordion-icon-opened\"><svg class=\"e-font-icon-svg e-fas-minus\" viewbox=\"0 0 448 512\" xmlns=\"http:\/\/www.w3.org\/2000\/svg\"><path d=\"M416 208H32c-17.67 0-32 14.33-32 32v32c0 17.67 14.33 32 32 32h384c17.67 0 32-14.33 32-32v-32c0-17.67-14.33-32-32-32z\"><\/path><\/svg><\/span>\n\t\t\t\t\t\t\t\t\t\t\t\t\t\t<\/span>\n\t\t\t\t\t\t\t\t\t\t\t\t<a class=\"elementor-accordion-title\" tabindex=\"0\">Czy systemy zabezpieczaj\u0105ce przed upadkiem mo\u017cna r\u00f3wnie\u017c doposa\u017cy\u0107?<\/a>\n\t\t\t\t\t<\/h3>\n\t\t\t\t\t<div id=\"elementor-tab-content-1555\" class=\"elementor-tab-content elementor-clearfix\" data-tab=\"5\" role=\"region\" aria-labelledby=\"elementor-tab-title-1555\"><p>Zw\u0142aszcza dachy p\u0142askie mo\u017cna zawsze wyposa\u017cy\u0107 w zabezpieczenie przed upadkiem. To, jaki wysi\u0142ek jest w to zaanga\u017cowany, zale\u017cy w du\u017cej mierze od stanu i stanu p\u0142askiego dachu. Jednak doposa\u017cenie jest generalnie zawsze mo\u017cliwe, r\u00f3\u017cni si\u0119 tylko nak\u0142ad pracy i mo\u017ce wi\u0105za\u0107 si\u0119 ze znacznie wi\u0119kszym nak\u0142adem w przypadku s\u0142abego stada. Zakres, w jakim zakres i prace wymagane do modernizacji s\u0105 zawsze zale\u017cne od indywidualnych warunk\u00f3w dachu.<\/p><\/div>\n\t\t\t\t<\/div>\n\t\t\t\t\t\t\t\t<\/div>\n\t\t\t\t\t\t<\/div>\n\t\t\t\t<\/div>\n\t\t\t\t\t<\/div>\n\t\t<\/div>\n\t\t\t\t\t<\/div>\n\t\t<\/section>\n\t\t\t\t<\/div>","protected":false},"excerpt":{"rendered":"<p>Sicher Am Dach Absturzsicherungen f\u00fcr das Dach Arbeitssicherheit ist wichtig und Absturzsicherung am Dach tr\u00e4gt dazu einen sehr wichtigen Teil bei. Warum das so ist und worauf es zu achten gilt, alle wichtigen Fragen kl\u00e4ren wir hier. Was ist eine Absturzsicherung am Dach? Eine Absturzsicherung ist eine Vorrichtung, die St\u00fcrze aus hohen Arbeitsbereichen verhindert oder [&hellip;]<\/p>\n","protected":false},"author":1,"featured_media":3683,"parent":1797,"menu_order":0,"comment_status":"closed","ping_status":"closed","template":"","meta":{"footnotes":""},"seiten_kategorie":[133],"class_list":["post-1812","page","type-page","status-publish","has-post-thumbnail","hentry","seiten_kategorie-wissen"],"_links":{"self":[{"href":"https:\/\/secupohl.com\/pl\/wp-json\/wp\/v2\/pages\/1812","targetHints":{"allow":["GET"]}}],"collection":[{"href":"https:\/\/secupohl.com\/pl\/wp-json\/wp\/v2\/pages"}],"about":[{"href":"https:\/\/secupohl.com\/pl\/wp-json\/wp\/v2\/types\/page"}],"author":[{"embeddable":true,"href":"https:\/\/secupohl.com\/pl\/wp-json\/wp\/v2\/users\/1"}],"replies":[{"embeddable":true,"href":"https:\/\/secupohl.com\/pl\/wp-json\/wp\/v2\/comments?post=1812"}],"version-history":[{"count":35,"href":"https:\/\/secupohl.com\/pl\/wp-json\/wp\/v2\/pages\/1812\/revisions"}],"predecessor-version":[{"id":5408,"href":"https:\/\/secupohl.com\/pl\/wp-json\/wp\/v2\/pages\/1812\/revisions\/5408"}],"up":[{"embeddable":true,"href":"https:\/\/secupohl.com\/pl\/wp-json\/wp\/v2\/pages\/1797"}],"wp:featuredmedia":[{"embeddable":true,"href":"https:\/\/secupohl.com\/pl\/wp-json\/wp\/v2\/media\/3683"}],"wp:attachment":[{"href":"https:\/\/secupohl.com\/pl\/wp-json\/wp\/v2\/media?parent=1812"}],"wp:term":[{"taxonomy":"seiten_kategorie","embeddable":true,"href":"https:\/\/secupohl.com\/pl\/wp-json\/wp\/v2\/seiten_kategorie?post=1812"}],"curies":[{"name":"wp","href":"https:\/\/api.w.org\/{rel}","templated":true}]}}