{"id":4058,"date":"2021-11-01T05:05:15","date_gmt":"2021-11-01T05:05:15","guid":{"rendered":"https:\/\/secupohl.com\/?page_id=4058"},"modified":"2024-03-01T17:50:03","modified_gmt":"2024-03-01T15:50:03","slug":"din-en-795","status":"publish","type":"page","link":"https:\/\/secupohl.com\/nl\/wissen\/din-en-795\/","title":{"rendered":"DIN EN 795 Vereisten eenvoudig uitgelegd"},"content":{"rendered":"<div data-elementor-type=\"wp-page\" data-elementor-id=\"4058\" class=\"elementor elementor-4058\" data-elementor-settings=\"{&quot;element_pack_global_tooltip_width&quot;:{&quot;unit&quot;:&quot;px&quot;,&quot;size&quot;:&quot;&quot;,&quot;sizes&quot;:[]},&quot;element_pack_global_tooltip_width_tablet&quot;:{&quot;unit&quot;:&quot;px&quot;,&quot;size&quot;:&quot;&quot;,&quot;sizes&quot;:[]},&quot;element_pack_global_tooltip_width_mobile&quot;:{&quot;unit&quot;:&quot;px&quot;,&quot;size&quot;:&quot;&quot;,&quot;sizes&quot;:[]},&quot;element_pack_global_tooltip_padding&quot;:{&quot;unit&quot;:&quot;px&quot;,&quot;top&quot;:&quot;&quot;,&quot;right&quot;:&quot;&quot;,&quot;bottom&quot;:&quot;&quot;,&quot;left&quot;:&quot;&quot;,&quot;isLinked&quot;:true},&quot;element_pack_global_tooltip_padding_tablet&quot;:{&quot;unit&quot;:&quot;px&quot;,&quot;top&quot;:&quot;&quot;,&quot;right&quot;:&quot;&quot;,&quot;bottom&quot;:&quot;&quot;,&quot;left&quot;:&quot;&quot;,&quot;isLinked&quot;:true},&quot;element_pack_global_tooltip_padding_mobile&quot;:{&quot;unit&quot;:&quot;px&quot;,&quot;top&quot;:&quot;&quot;,&quot;right&quot;:&quot;&quot;,&quot;bottom&quot;:&quot;&quot;,&quot;left&quot;:&quot;&quot;,&quot;isLinked&quot;:true},&quot;element_pack_global_tooltip_border_radius&quot;:{&quot;unit&quot;:&quot;px&quot;,&quot;top&quot;:&quot;&quot;,&quot;right&quot;:&quot;&quot;,&quot;bottom&quot;:&quot;&quot;,&quot;left&quot;:&quot;&quot;,&quot;isLinked&quot;:true},&quot;element_pack_global_tooltip_border_radius_tablet&quot;:{&quot;unit&quot;:&quot;px&quot;,&quot;top&quot;:&quot;&quot;,&quot;right&quot;:&quot;&quot;,&quot;bottom&quot;:&quot;&quot;,&quot;left&quot;:&quot;&quot;,&quot;isLinked&quot;:true},&quot;element_pack_global_tooltip_border_radius_mobile&quot;:{&quot;unit&quot;:&quot;px&quot;,&quot;top&quot;:&quot;&quot;,&quot;right&quot;:&quot;&quot;,&quot;bottom&quot;:&quot;&quot;,&quot;left&quot;:&quot;&quot;,&quot;isLinked&quot;:true}}\" data-elementor-post-type=\"page\">\n\t\t\t\t<div class=\"aux-parallax-section elementor-element elementor-element-2192d88 e-flex e-con-boxed e-con e-parent\" data-id=\"2192d88\" data-element_type=\"container\" data-e-type=\"container\">\n\t\t\t\t\t<div class=\"e-con-inner\">\n\t\t\t\t<div class=\"elementor-element elementor-element-c493b84 elementor-widget elementor-widget-heading\" data-id=\"c493b84\" data-element_type=\"widget\" data-e-type=\"widget\" data-widget_type=\"heading.default\">\n\t\t\t\t<div class=\"elementor-widget-container\">\n\t\t\t\t\t<h2 class=\"elementor-heading-title elementor-size-default\">Regels en normen<\/h2>\t\t\t\t<\/div>\n\t\t\t\t<\/div>\n\t\t\t\t<div class=\"elementor-element elementor-element-b566d6a elementor-widget elementor-widget-heading\" data-id=\"b566d6a\" data-element_type=\"widget\" data-e-type=\"widget\" data-widget_type=\"heading.default\">\n\t\t\t\t<div class=\"elementor-widget-container\">\n\t\t\t\t\t<h1 class=\"elementor-heading-title elementor-size-default\">DIN EN 795<\/h1>\t\t\t\t<\/div>\n\t\t\t\t<\/div>\n\t\t\t\t<div class=\"elementor-element elementor-element-a8f371b elementor-widget__width-initial elementor-widget elementor-widget-text-editor\" data-id=\"a8f371b\" data-element_type=\"widget\" data-e-type=\"widget\" data-widget_type=\"text-editor.default\">\n\t\t\t\t<div class=\"elementor-widget-container\">\n\t\t\t\t\t\t\t\t\t<p>DIN EN 795 De Europese norm EN 795 voor &quot;Persoonlijke beschermingsmiddelen - verankeringsinrichtingen&quot; definieert de eisen en testcriteria voor verankeringsinrichtingen.<\/p>\t\t\t\t\t\t\t\t<\/div>\n\t\t\t\t<\/div>\n\t\t\t\t\t<\/div>\n\t\t\t\t<\/div>\n\t\t\t\t<section class=\"elementor-section elementor-top-section elementor-element elementor-element-6fa45897 elementor-reverse-mobile elementor-section-boxed elementor-section-height-default elementor-section-height-default\" data-id=\"6fa45897\" data-element_type=\"section\" data-e-type=\"section\" id=\"first\" data-settings=\"{&quot;background_background&quot;:&quot;classic&quot;}\">\n\t\t\t\t\t\t<div class=\"elementor-container elementor-column-gap-default\">\n\t\t\t\t\t<div class=\"aux-parallax-section elementor-column elementor-col-100 elementor-top-column elementor-element elementor-element-76a396df\" data-id=\"76a396df\" data-element_type=\"column\" data-e-type=\"column\">\n\t\t\t<div class=\"elementor-widget-wrap elementor-element-populated\">\n\t\t\t\t\t\t<div class=\"elementor-element elementor-element-102dd3de aux-appear-watch-animation aux-fade-in-up elementor-widget elementor-widget-accordion\" data-id=\"102dd3de\" data-element_type=\"widget\" data-e-type=\"widget\" data-widget_type=\"accordion.default\">\n\t\t\t\t<div class=\"elementor-widget-container\">\n\t\t\t\t\t\t\t<div class=\"elementor-accordion\">\n\t\t\t\t\t\t\t<div class=\"elementor-accordion-item\">\n\t\t\t\t\t<h3 id=\"elementor-tab-title-2711\" class=\"elementor-tab-title\" data-tab=\"1\" role=\"button\" aria-controls=\"elementor-tab-content-2711\" aria-expanded=\"false\">\n\t\t\t\t\t\t\t\t\t\t\t\t\t<span class=\"elementor-accordion-icon elementor-accordion-icon-right\" aria-hidden=\"true\">\n\t\t\t\t\t\t\t\t\t\t\t\t\t\t\t<span class=\"elementor-accordion-icon-closed\"><svg class=\"e-font-icon-svg e-fas-plus\" viewbox=\"0 0 448 512\" xmlns=\"http:\/\/www.w3.org\/2000\/svg\"><path d=\"M416 208H272V64c0-17.67-14.33-32-32-32h-32c-17.67 0-32 14.33-32 32v144H32c-17.67 0-32 14.33-32 32v32c0 17.67 14.33 32 32 32h144v144c0 17.67 14.33 32 32 32h32c17.67 0 32-14.33 32-32V304h144c17.67 0 32-14.33 32-32v-32c0-17.67-14.33-32-32-32z\"><\/path><\/svg><\/span>\n\t\t\t\t\t\t\t\t<span class=\"elementor-accordion-icon-opened\"><svg class=\"e-font-icon-svg e-fas-minus\" viewbox=\"0 0 448 512\" xmlns=\"http:\/\/www.w3.org\/2000\/svg\"><path d=\"M416 208H32c-17.67 0-32 14.33-32 32v32c0 17.67 14.33 32 32 32h384c17.67 0 32-14.33 32-32v-32c0-17.67-14.33-32-32-32z\"><\/path><\/svg><\/span>\n\t\t\t\t\t\t\t\t\t\t\t\t\t\t<\/span>\n\t\t\t\t\t\t\t\t\t\t\t\t<a class=\"elementor-accordion-title\" tabindex=\"0\">Wat is DIN EN 795?<\/a>\n\t\t\t\t\t<\/h3>\n\t\t\t\t\t<div id=\"elementor-tab-content-2711\" class=\"elementor-tab-content elementor-clearfix\" data-tab=\"1\" role=\"region\" aria-labelledby=\"elementor-tab-title-2711\"><p>Als het gaat om DIN-normen, is het allereerst belangrijk om te weten wat de DIN-normen zijn en waarvoor ze worden gebruikt. Aangezien de nieuwe normen onmiddellijk op Europees niveau worden aangenomen, wordt de afkorting EN toegevoegd aan alle nieuwe normen.<\/p><ul><li>De DIN staat voor het &quot;Duitse Instituut voor Normalisatie&quot;. Het instituut definieert de criteria op basis waarvan de normen voor de vervaardiging van de verschillende producten worden vastgesteld. Hier werken experts uit de verschillende domeinen aan het defini\u00ebren van deze criteria, rekening houdend met de huidige stand van de techniek en wetenschappelijke aspecten in de beslissingen. Op deze manier worden de regels opgesteld die dan idealiter voor alle producten in het betreffende gebied moeten gelden.<\/li><\/ul><p>Maar het is ook belangrijk om te weten dat de verschillende fabrikanten zich niet aan de DIN-normen hoeven te houden. Dit geldt alleen als dit contractueel is overeengekomen. Als u echter producten gebruikt in gebieden die wettelijk verplicht zijn om producten te gebruiken die volgens de DIN-norm zijn vervaardigd, is een beoordeling volgens de DIN-norm voor alle fabrikanten zeker de moeite waard.<\/p><ul><li>De EN staat voor de Europese norm. Omdat de samenwerking binnen Europa steeds hechter wordt, zijn ook de standaarden hierop aangepast. De EU streeft naar een uniforme norm en daarom worden de normen uniform gepubliceerd. De EN-normen zijn daarom gestandaardiseerd voor alle normalisatieorganisaties in de EU. Maar niet alleen alle nieuwe normen kunnen het predikaat EN krijgen. Alle bestaande DIN-normen kunnen ook worden voorgesteld en vervolgens worden overgebracht naar de EU-normeringscatalogus. Welke normen zijn opgenomen, is vastgesteld door 3 Europese instanties.<\/li><\/ul><p>Dus als DIN EN-normen verschijnen, zijn deze normen voormalige DIN-normen die via een proces op EU-niveau zijn gestandaardiseerd en nu als deze in de EU-standaardisatiecatalogus verschijnen. In het algemeen kunnen alle normalisatie-organisaties een norm voor de EN-norm voorstellen en deze vervolgens laten controleren door de 3 commissies voordat deze wordt opgenomen in de normeringcatalogus.<\/p><p>Omdat de vraag groeit en de productie volgens de DIN EN-normen zo groot is, zijn er nu 24.000 DIN-normen. Testen volgens de DIN-norm zorgt voor een kwaliteitsnorm die voor de meeste consumenten belangrijk is. Daarom werken de meeste fabrikanten volgens de eisen van de DIN-norm en zorgen ze er zo voor dat hun producten gecertificeerd zijn.<\/p><p>De DIN-norm DIN EN 795 is dan ook een DIN-norm die is opgenomen in de normeringcatalogus van de EU en de toevoeging DIN EN heeft gekregen.<\/p><p>Maar hoe zit het met het aantal? Wat regelt DIN EN 795 precies? Het nummer van een DIN-norm beschrijft precies op welk gebied een norm betrekking heeft. Ook is geregeld welke producten onder het betreffende nummer van de DIN-norm vallen. Dit zorgt ervoor dat een exacte bepaling mogelijk is en om wat voor soort producten het gaat.<\/p><\/div>\n\t\t\t\t<\/div>\n\t\t\t\t\t\t\t<div class=\"elementor-accordion-item\">\n\t\t\t\t\t<h3 id=\"elementor-tab-title-2712\" class=\"elementor-tab-title\" data-tab=\"2\" role=\"button\" aria-controls=\"elementor-tab-content-2712\" aria-expanded=\"false\">\n\t\t\t\t\t\t\t\t\t\t\t\t\t<span class=\"elementor-accordion-icon elementor-accordion-icon-right\" aria-hidden=\"true\">\n\t\t\t\t\t\t\t\t\t\t\t\t\t\t\t<span class=\"elementor-accordion-icon-closed\"><svg class=\"e-font-icon-svg e-fas-plus\" viewbox=\"0 0 448 512\" xmlns=\"http:\/\/www.w3.org\/2000\/svg\"><path d=\"M416 208H272V64c0-17.67-14.33-32-32-32h-32c-17.67 0-32 14.33-32 32v144H32c-17.67 0-32 14.33-32 32v32c0 17.67 14.33 32 32 32h144v144c0 17.67 14.33 32 32 32h32c17.67 0 32-14.33 32-32V304h144c17.67 0 32-14.33 32-32v-32c0-17.67-14.33-32-32-32z\"><\/path><\/svg><\/span>\n\t\t\t\t\t\t\t\t<span class=\"elementor-accordion-icon-opened\"><svg class=\"e-font-icon-svg e-fas-minus\" viewbox=\"0 0 448 512\" xmlns=\"http:\/\/www.w3.org\/2000\/svg\"><path d=\"M416 208H32c-17.67 0-32 14.33-32 32v32c0 17.67 14.33 32 32 32h384c17.67 0 32-14.33 32-32v-32c0-17.67-14.33-32-32-32z\"><\/path><\/svg><\/span>\n\t\t\t\t\t\t\t\t\t\t\t\t\t\t<\/span>\n\t\t\t\t\t\t\t\t\t\t\t\t<a class=\"elementor-accordion-title\" tabindex=\"0\">Welke eisen worden door DIN EN 795 geregeld?<\/a>\n\t\t\t\t\t<\/h3>\n\t\t\t\t\t<div id=\"elementor-tab-content-2712\" class=\"elementor-tab-content elementor-clearfix\" data-tab=\"2\" role=\"region\" aria-labelledby=\"elementor-tab-title-2712\"><p>DIN EN 795 regelt daarom de eisen waaraan technisch moet worden voldaan voor alle persoonlijke valuitrustingen en verankeringsinrichtingen. De verschillende normen waaraan een persoonlijke valbeveiliging of een verankeringsinrichting moet voldoen, zijn daarom gedefinieerd in DIN EN 795. Daarbij gaat het vooral om de belastingen die moeten worden weerstaan en hoe hoog de krachten moeten zijn die op de constructie moeten worden overgedragen om een hoog veiligheidsniveau te waarborgen.<\/p><p>Maar ook de technische oplossingen die kunnen en moeten worden gebruikt, zijn geregeld in DIN EN 795. Op deze manier worden de normen gespecificeerd die technisch veilig zijn en de beste oplossingen bieden.<\/p><p>Het specificeert ook hoe deze voorwaarden worden gecontroleerd en wat nodig is om certificering volgens DIN EN 795 te verkrijgen.<\/p><p>Alleen wanneer aan al deze gestandaardiseerde criteria is voldaan, kan een persoonlijk valbeveiligingsapparaat of verankeringsapparaat worden gecertificeerd volgens DIN EN 795.<\/p><p>DIN EN 795 onderscheidt 5 verschillende soorten valbeveiliging:<\/p><ul><li>Type A: Individuele ankerpunten stevig verbonden met de ondergrond, permanente individuele ankerpunten.<\/li><li>Type B: Tijdelijke bevestigingspunten die na gebruik volledig verwijderd kunnen worden, d.w.z. mobiele bevestigingspunten.<\/li><li>Type C: reddingslijnsystemen.<\/li><li>Type D: spoorbeveiligingssystemen.<\/li><li>Type E: verankeringsinrichtingen die door hun eigen gewicht worden vastgehouden.<\/li><\/ul><p>Vanwege het exacte onderzoek van de EN-normen is een aanvullende classificatie van de typen A, C en D noodzakelijk. Want deze zijn niet alleen onderdeel van de persoonlijke valbeveiliging, maar ook stevig verbonden met een gebouw, een constructie. Om deze reden kan DIN EN 795 niet als voldoende norm voor deze constructies worden gebruikt en moeten aanvullende tests worden uitgevoerd. Om deze reden is voor deze typen ofwel een algemene bouwvergunning van het Duitse Instituut voor Bouwtechnologie of een vergunning van de staatsbouwdienst vereist.<\/p><\/div>\n\t\t\t\t<\/div>\n\t\t\t\t\t\t\t<div class=\"elementor-accordion-item\">\n\t\t\t\t\t<h3 id=\"elementor-tab-title-2713\" class=\"elementor-tab-title\" data-tab=\"3\" role=\"button\" aria-controls=\"elementor-tab-content-2713\" aria-expanded=\"false\">\n\t\t\t\t\t\t\t\t\t\t\t\t\t<span class=\"elementor-accordion-icon elementor-accordion-icon-right\" aria-hidden=\"true\">\n\t\t\t\t\t\t\t\t\t\t\t\t\t\t\t<span class=\"elementor-accordion-icon-closed\"><svg class=\"e-font-icon-svg e-fas-plus\" viewbox=\"0 0 448 512\" xmlns=\"http:\/\/www.w3.org\/2000\/svg\"><path d=\"M416 208H272V64c0-17.67-14.33-32-32-32h-32c-17.67 0-32 14.33-32 32v144H32c-17.67 0-32 14.33-32 32v32c0 17.67 14.33 32 32 32h144v144c0 17.67 14.33 32 32 32h32c17.67 0 32-14.33 32-32V304h144c17.67 0 32-14.33 32-32v-32c0-17.67-14.33-32-32-32z\"><\/path><\/svg><\/span>\n\t\t\t\t\t\t\t\t<span class=\"elementor-accordion-icon-opened\"><svg class=\"e-font-icon-svg e-fas-minus\" viewbox=\"0 0 448 512\" xmlns=\"http:\/\/www.w3.org\/2000\/svg\"><path d=\"M416 208H32c-17.67 0-32 14.33-32 32v32c0 17.67 14.33 32 32 32h384c17.67 0 32-14.33 32-32v-32c0-17.67-14.33-32-32-32z\"><\/path><\/svg><\/span>\n\t\t\t\t\t\t\t\t\t\t\t\t\t\t<\/span>\n\t\t\t\t\t\t\t\t\t\t\t\t<a class=\"elementor-accordion-title\" tabindex=\"0\">Wat zijn de voordelen van DIN EN 795?<\/a>\n\t\t\t\t\t<\/h3>\n\t\t\t\t\t<div id=\"elementor-tab-content-2713\" class=\"elementor-tab-content elementor-clearfix\" data-tab=\"3\" role=\"region\" aria-labelledby=\"elementor-tab-title-2713\"><p>De DIN EN-normen bieden het grote voordeel dat ze een uniforme norm cre\u00ebren binnen de EU. Zo zijn de kwaliteit en veiligheid gegarandeerd en worden de producten die gecertificeerd zijn met deze normen als gestandaardiseerd aangemerkt. Dit betekent dat u als consument het voordeel heeft te weten dat u een product van hoge kwaliteit koopt of een dienst ontvangt die is geproduceerd in overeenstemming met de technische normen en alle wetenschappelijke aspecten. Een kenmerk van hoge kwaliteit en veiligheid die zorgt voor vertrouwen.<\/p><p>Ook fabrikanten of dienstverleners profiteren hiervan, want certificering volgens DIN EN-norm wekt precies dat, vertrouwen in klanten, die vervolgens investeren en blijven terugkomen. Hoewel certificering in eerste instantie geld kost, is het overtuigend omdat het klanten in staat stelt beveiliging op te bouwen en reclame te maken voor het bedrijf.<\/p><\/div>\n\t\t\t\t<\/div>\n\t\t\t\t\t\t\t<div class=\"elementor-accordion-item\">\n\t\t\t\t\t<h3 id=\"elementor-tab-title-2714\" class=\"elementor-tab-title\" data-tab=\"4\" role=\"button\" aria-controls=\"elementor-tab-content-2714\" aria-expanded=\"false\">\n\t\t\t\t\t\t\t\t\t\t\t\t\t<span class=\"elementor-accordion-icon elementor-accordion-icon-right\" aria-hidden=\"true\">\n\t\t\t\t\t\t\t\t\t\t\t\t\t\t\t<span class=\"elementor-accordion-icon-closed\"><svg class=\"e-font-icon-svg e-fas-plus\" viewbox=\"0 0 448 512\" xmlns=\"http:\/\/www.w3.org\/2000\/svg\"><path d=\"M416 208H272V64c0-17.67-14.33-32-32-32h-32c-17.67 0-32 14.33-32 32v144H32c-17.67 0-32 14.33-32 32v32c0 17.67 14.33 32 32 32h144v144c0 17.67 14.33 32 32 32h32c17.67 0 32-14.33 32-32V304h144c17.67 0 32-14.33 32-32v-32c0-17.67-14.33-32-32-32z\"><\/path><\/svg><\/span>\n\t\t\t\t\t\t\t\t<span class=\"elementor-accordion-icon-opened\"><svg class=\"e-font-icon-svg e-fas-minus\" viewbox=\"0 0 448 512\" xmlns=\"http:\/\/www.w3.org\/2000\/svg\"><path d=\"M416 208H32c-17.67 0-32 14.33-32 32v32c0 17.67 14.33 32 32 32h384c17.67 0 32-14.33 32-32v-32c0-17.67-14.33-32-32-32z\"><\/path><\/svg><\/span>\n\t\t\t\t\t\t\t\t\t\t\t\t\t\t<\/span>\n\t\t\t\t\t\t\t\t\t\t\t\t<a class=\"elementor-accordion-title\" tabindex=\"0\">Waarom is DIN EN 795 zo belangrijk?<\/a>\n\t\t\t\t\t<\/h3>\n\t\t\t\t\t<div id=\"elementor-tab-content-2714\" class=\"elementor-tab-content elementor-clearfix\" data-tab=\"4\" role=\"region\" aria-labelledby=\"elementor-tab-title-2714\"><p>DIN EN 795 is zeer belangrijk met betrekking tot veiligheid, omdat het gaat over elementen van valbeveiliging, die uiterst belangrijk zijn om de arbeidsveiligheid en dus de veiligheid bij het werken op hoogte te waarborgen. Alleen zo ben je verzekerd van een goede valbeveiliging.<\/p><\/div>\n\t\t\t\t<\/div>\n\t\t\t\t\t\t\t\t<\/div>\n\t\t\t\t\t\t<\/div>\n\t\t\t\t<\/div>\n\t\t\t\t\t<\/div>\n\t\t<\/div>\n\t\t\t\t\t<\/div>\n\t\t<\/section>\n\t\t\t\t<\/div>","protected":false},"excerpt":{"rendered":"<p>Regeln und Normen DIN EN 795 DIN EN 795 Die europ\u00e4ische Norm EN 795 f\u00fcr \u201ePers\u00f6nliche Schutzausr\u00fcstung \u2013 Anschlageinrichtungen\u201c bestimmt die Anforderungen und Pr\u00fcfkriterien f\u00fcr Anschlageinrichtungen. Was ist die DIN EN 795? Wenn es um DIN-Normen geht, ist es zun\u00e4chst einmal wichtig zu wissen, was die DIN-Normen sind und wof\u00fcr diese eingesetzt werden. Da in [&hellip;]<\/p>\n","protected":false},"author":1,"featured_media":3683,"parent":1797,"menu_order":0,"comment_status":"closed","ping_status":"closed","template":"","meta":{"footnotes":""},"seiten_kategorie":[133],"class_list":["post-4058","page","type-page","status-publish","has-post-thumbnail","hentry","seiten_kategorie-wissen"],"_links":{"self":[{"href":"https:\/\/secupohl.com\/nl\/wp-json\/wp\/v2\/pages\/4058","targetHints":{"allow":["GET"]}}],"collection":[{"href":"https:\/\/secupohl.com\/nl\/wp-json\/wp\/v2\/pages"}],"about":[{"href":"https:\/\/secupohl.com\/nl\/wp-json\/wp\/v2\/types\/page"}],"author":[{"embeddable":true,"href":"https:\/\/secupohl.com\/nl\/wp-json\/wp\/v2\/users\/1"}],"replies":[{"embeddable":true,"href":"https:\/\/secupohl.com\/nl\/wp-json\/wp\/v2\/comments?post=4058"}],"version-history":[{"count":26,"href":"https:\/\/secupohl.com\/nl\/wp-json\/wp\/v2\/pages\/4058\/revisions"}],"predecessor-version":[{"id":5426,"href":"https:\/\/secupohl.com\/nl\/wp-json\/wp\/v2\/pages\/4058\/revisions\/5426"}],"up":[{"embeddable":true,"href":"https:\/\/secupohl.com\/nl\/wp-json\/wp\/v2\/pages\/1797"}],"wp:featuredmedia":[{"embeddable":true,"href":"https:\/\/secupohl.com\/nl\/wp-json\/wp\/v2\/media\/3683"}],"wp:attachment":[{"href":"https:\/\/secupohl.com\/nl\/wp-json\/wp\/v2\/media?parent=4058"}],"wp:term":[{"taxonomy":"seiten_kategorie","embeddable":true,"href":"https:\/\/secupohl.com\/nl\/wp-json\/wp\/v2\/seiten_kategorie?post=4058"}],"curies":[{"name":"wp","href":"https:\/\/api.w.org\/{rel}","templated":true}]}}