{"id":4058,"date":"2021-11-01T05:05:15","date_gmt":"2021-11-01T05:05:15","guid":{"rendered":"https:\/\/secupohl.com\/?page_id=4058"},"modified":"2024-03-01T17:50:03","modified_gmt":"2024-03-01T15:50:03","slug":"din-en-795","status":"publish","type":"page","link":"https:\/\/secupohl.com\/it\/wissen\/din-en-795\/","title":{"rendered":"DIN EN 795 \u300bSpiegazione semplice dei requisiti"},"content":{"rendered":"<div data-elementor-type=\"wp-page\" data-elementor-id=\"4058\" class=\"elementor elementor-4058\" data-elementor-settings=\"{&quot;element_pack_global_tooltip_width&quot;:{&quot;unit&quot;:&quot;px&quot;,&quot;size&quot;:&quot;&quot;,&quot;sizes&quot;:[]},&quot;element_pack_global_tooltip_width_tablet&quot;:{&quot;unit&quot;:&quot;px&quot;,&quot;size&quot;:&quot;&quot;,&quot;sizes&quot;:[]},&quot;element_pack_global_tooltip_width_mobile&quot;:{&quot;unit&quot;:&quot;px&quot;,&quot;size&quot;:&quot;&quot;,&quot;sizes&quot;:[]},&quot;element_pack_global_tooltip_padding&quot;:{&quot;unit&quot;:&quot;px&quot;,&quot;top&quot;:&quot;&quot;,&quot;right&quot;:&quot;&quot;,&quot;bottom&quot;:&quot;&quot;,&quot;left&quot;:&quot;&quot;,&quot;isLinked&quot;:true},&quot;element_pack_global_tooltip_padding_tablet&quot;:{&quot;unit&quot;:&quot;px&quot;,&quot;top&quot;:&quot;&quot;,&quot;right&quot;:&quot;&quot;,&quot;bottom&quot;:&quot;&quot;,&quot;left&quot;:&quot;&quot;,&quot;isLinked&quot;:true},&quot;element_pack_global_tooltip_padding_mobile&quot;:{&quot;unit&quot;:&quot;px&quot;,&quot;top&quot;:&quot;&quot;,&quot;right&quot;:&quot;&quot;,&quot;bottom&quot;:&quot;&quot;,&quot;left&quot;:&quot;&quot;,&quot;isLinked&quot;:true},&quot;element_pack_global_tooltip_border_radius&quot;:{&quot;unit&quot;:&quot;px&quot;,&quot;top&quot;:&quot;&quot;,&quot;right&quot;:&quot;&quot;,&quot;bottom&quot;:&quot;&quot;,&quot;left&quot;:&quot;&quot;,&quot;isLinked&quot;:true},&quot;element_pack_global_tooltip_border_radius_tablet&quot;:{&quot;unit&quot;:&quot;px&quot;,&quot;top&quot;:&quot;&quot;,&quot;right&quot;:&quot;&quot;,&quot;bottom&quot;:&quot;&quot;,&quot;left&quot;:&quot;&quot;,&quot;isLinked&quot;:true},&quot;element_pack_global_tooltip_border_radius_mobile&quot;:{&quot;unit&quot;:&quot;px&quot;,&quot;top&quot;:&quot;&quot;,&quot;right&quot;:&quot;&quot;,&quot;bottom&quot;:&quot;&quot;,&quot;left&quot;:&quot;&quot;,&quot;isLinked&quot;:true}}\" data-elementor-post-type=\"page\">\n\t\t\t\t<div class=\"aux-parallax-section elementor-element elementor-element-2192d88 e-flex e-con-boxed e-con e-parent\" data-id=\"2192d88\" data-element_type=\"container\" data-e-type=\"container\">\n\t\t\t\t\t<div class=\"e-con-inner\">\n\t\t\t\t<div class=\"elementor-element elementor-element-c493b84 elementor-widget elementor-widget-heading\" data-id=\"c493b84\" data-element_type=\"widget\" data-e-type=\"widget\" data-widget_type=\"heading.default\">\n\t\t\t\t<div class=\"elementor-widget-container\">\n\t\t\t\t\t<h2 class=\"elementor-heading-title elementor-size-default\">regole e norme<\/h2>\t\t\t\t<\/div>\n\t\t\t\t<\/div>\n\t\t\t\t<div class=\"elementor-element elementor-element-b566d6a elementor-widget elementor-widget-heading\" data-id=\"b566d6a\" data-element_type=\"widget\" data-e-type=\"widget\" data-widget_type=\"heading.default\">\n\t\t\t\t<div class=\"elementor-widget-container\">\n\t\t\t\t\t<h1 class=\"elementor-heading-title elementor-size-default\">EN 795<\/h1>\t\t\t\t<\/div>\n\t\t\t\t<\/div>\n\t\t\t\t<div class=\"elementor-element elementor-element-a8f371b elementor-widget__width-initial elementor-widget elementor-widget-text-editor\" data-id=\"a8f371b\" data-element_type=\"widget\" data-e-type=\"widget\" data-widget_type=\"text-editor.default\">\n\t\t\t\t<div class=\"elementor-widget-container\">\n\t\t\t\t\t\t\t\t\t<p>DIN EN 795 La norma europea EN 795 per &quot;Dispositivi di protezione individuale - Dispositivi di ancoraggio&quot; determina i requisiti ei criteri di prova per i dispositivi di ancoraggio.<\/p>\t\t\t\t\t\t\t\t<\/div>\n\t\t\t\t<\/div>\n\t\t\t\t\t<\/div>\n\t\t\t\t<\/div>\n\t\t\t\t<section class=\"elementor-section elementor-top-section elementor-element elementor-element-6fa45897 elementor-reverse-mobile elementor-section-boxed elementor-section-height-default elementor-section-height-default\" data-id=\"6fa45897\" data-element_type=\"section\" data-e-type=\"section\" id=\"first\" data-settings=\"{&quot;background_background&quot;:&quot;classic&quot;}\">\n\t\t\t\t\t\t<div class=\"elementor-container elementor-column-gap-default\">\n\t\t\t\t\t<div class=\"aux-parallax-section elementor-column elementor-col-100 elementor-top-column elementor-element elementor-element-76a396df\" data-id=\"76a396df\" data-element_type=\"column\" data-e-type=\"column\">\n\t\t\t<div class=\"elementor-widget-wrap elementor-element-populated\">\n\t\t\t\t\t\t<div class=\"elementor-element elementor-element-102dd3de aux-appear-watch-animation aux-fade-in-up elementor-widget elementor-widget-accordion\" data-id=\"102dd3de\" data-element_type=\"widget\" data-e-type=\"widget\" data-widget_type=\"accordion.default\">\n\t\t\t\t<div class=\"elementor-widget-container\">\n\t\t\t\t\t\t\t<div class=\"elementor-accordion\">\n\t\t\t\t\t\t\t<div class=\"elementor-accordion-item\">\n\t\t\t\t\t<h3 id=\"elementor-tab-title-2711\" class=\"elementor-tab-title\" data-tab=\"1\" role=\"button\" aria-controls=\"elementor-tab-content-2711\" aria-expanded=\"false\">\n\t\t\t\t\t\t\t\t\t\t\t\t\t<span class=\"elementor-accordion-icon elementor-accordion-icon-right\" aria-hidden=\"true\">\n\t\t\t\t\t\t\t\t\t\t\t\t\t\t\t<span class=\"elementor-accordion-icon-closed\"><svg class=\"e-font-icon-svg e-fas-plus\" viewbox=\"0 0 448 512\" xmlns=\"http:\/\/www.w3.org\/2000\/svg\"><path d=\"M416 208H272V64c0-17.67-14.33-32-32-32h-32c-17.67 0-32 14.33-32 32v144H32c-17.67 0-32 14.33-32 32v32c0 17.67 14.33 32 32 32h144v144c0 17.67 14.33 32 32 32h32c17.67 0 32-14.33 32-32V304h144c17.67 0 32-14.33 32-32v-32c0-17.67-14.33-32-32-32z\"><\/path><\/svg><\/span>\n\t\t\t\t\t\t\t\t<span class=\"elementor-accordion-icon-opened\"><svg class=\"e-font-icon-svg e-fas-minus\" viewbox=\"0 0 448 512\" xmlns=\"http:\/\/www.w3.org\/2000\/svg\"><path d=\"M416 208H32c-17.67 0-32 14.33-32 32v32c0 17.67 14.33 32 32 32h384c17.67 0 32-14.33 32-32v-32c0-17.67-14.33-32-32-32z\"><\/path><\/svg><\/span>\n\t\t\t\t\t\t\t\t\t\t\t\t\t\t<\/span>\n\t\t\t\t\t\t\t\t\t\t\t\t<a class=\"elementor-accordion-title\" tabindex=\"0\">Che cos&#039;\u00e8 la DIN EN 795?<\/a>\n\t\t\t\t\t<\/h3>\n\t\t\t\t\t<div id=\"elementor-tab-content-2711\" class=\"elementor-tab-content elementor-clearfix\" data-tab=\"1\" role=\"region\" aria-labelledby=\"elementor-tab-title-2711\"><p>Quando si parla di norme DIN, \u00e8 prima di tutto importante sapere cosa sono le norme DIN ea cosa servono. Poich\u00e9 le nuove norme sono ora immediatamente adottate a livello europeo, a tutte le nuove norme viene aggiunta la sigla EN.<\/p><ul><li>DIN sta per &quot;Istituto tedesco per la standardizzazione&quot;. L&#039;istituto stabilisce i criteri in base ai quali vengono fissati gli standard nella fabbricazione dei vari prodotti. Qui, esperti delle diverse aree lavorano per definire questi criteri, tenendo conto dell&#039;attuale stato dell&#039;arte e degli aspetti scientifici nelle decisioni. \u00c8 cos\u00ec che vengono impostate le regole, che dovrebbero quindi applicarsi idealmente a tutti i prodotti nella rispettiva area.<\/li><\/ul><p>Ma \u00e8 anche importante sapere che i vari produttori non devono aderire alle norme DIN. Questo vale solo se questo \u00e8 contrattualmente concordato. Tuttavia, se si utilizzano prodotti in aree legalmente obbligate a utilizzare prodotti fabbricati secondo la norma DIN, vale sicuramente la pena valutare la norma DIN per tutti i produttori.<\/p><ul><li>La EN sta per la norma europea. Poich\u00e9 la cooperazione all&#039;interno dell&#039;Europa sta diventando sempre pi\u00f9 stretta, anche gli standard si sono adattati ad essa. Nell&#039;UE si stanno compiendo sforzi per garantire uno standard uniforme, motivo per cui gli standard sono pubblicati in modo uniforme. Le norme EN sono quindi standardizzate per tutte le organizzazioni di normalizzazione nell&#039;UE. Ma non solo tutti i nuovi standard possono ricevere la designazione EN. Tutte le norme DIN esistenti possono anche essere proposte e poi trasferite al catalogo di normalizzazione UE. Quali standard sono inclusi \u00e8 deciso da 3 comitati europei.<\/li><\/ul><p>Quindi, quando compaiono gli standard DIN EN, questi standard sono precedenti standard DIN che sono stati unificati attraverso un processo a livello dell&#039;UE e ora appaiono come tali nel catalogo di standardizzazione dell&#039;UE. In generale, tutte le organizzazioni di normazione possono proporre una norma per la norma EN e poi farla controllare dai 3 organismi prima che sia inclusa nel catalogo di normazione.<\/p><p>Poich\u00e9 la domanda \u00e8 in aumento e la produzione secondo gli standard DIN EN \u00e8 cos\u00ec grande, ora ci sono 24.000 standard DIN. I test secondo la norma DIN garantiscono uno standard di qualit\u00e0 importante per la maggior parte dei consumatori. Pertanto, la maggior parte dei produttori lavora anche secondo le specifiche della norma DIN e garantisce quindi che i propri prodotti siano certificati.<\/p><p>La norma DIN DIN EN 795 \u00e8 quindi una norma DIN che \u00e8 stata inclusa nel catalogo di normalizzazione dell&#039;UE e quindi ha ricevuto l&#039;aggiunta DIN EN.<\/p><p>Ma cosa significa il numero? Cosa regola esattamente la DIN EN 795? Il numero di una norma DIN descrive l&#039;area esatta a cui si riferisce una norma. \u00c8 inoltre regolato quali prodotti rientrano nel rispettivo numero della norma DIN. Ci\u00f2 garantisce che sia possibile una determinazione accurata e che tipo di prodotti sono coperti.<\/p><\/div>\n\t\t\t\t<\/div>\n\t\t\t\t\t\t\t<div class=\"elementor-accordion-item\">\n\t\t\t\t\t<h3 id=\"elementor-tab-title-2712\" class=\"elementor-tab-title\" data-tab=\"2\" role=\"button\" aria-controls=\"elementor-tab-content-2712\" aria-expanded=\"false\">\n\t\t\t\t\t\t\t\t\t\t\t\t\t<span class=\"elementor-accordion-icon elementor-accordion-icon-right\" aria-hidden=\"true\">\n\t\t\t\t\t\t\t\t\t\t\t\t\t\t\t<span class=\"elementor-accordion-icon-closed\"><svg class=\"e-font-icon-svg e-fas-plus\" viewbox=\"0 0 448 512\" xmlns=\"http:\/\/www.w3.org\/2000\/svg\"><path d=\"M416 208H272V64c0-17.67-14.33-32-32-32h-32c-17.67 0-32 14.33-32 32v144H32c-17.67 0-32 14.33-32 32v32c0 17.67 14.33 32 32 32h144v144c0 17.67 14.33 32 32 32h32c17.67 0 32-14.33 32-32V304h144c17.67 0 32-14.33 32-32v-32c0-17.67-14.33-32-32-32z\"><\/path><\/svg><\/span>\n\t\t\t\t\t\t\t\t<span class=\"elementor-accordion-icon-opened\"><svg class=\"e-font-icon-svg e-fas-minus\" viewbox=\"0 0 448 512\" xmlns=\"http:\/\/www.w3.org\/2000\/svg\"><path d=\"M416 208H32c-17.67 0-32 14.33-32 32v32c0 17.67 14.33 32 32 32h384c17.67 0 32-14.33 32-32v-32c0-17.67-14.33-32-32-32z\"><\/path><\/svg><\/span>\n\t\t\t\t\t\t\t\t\t\t\t\t\t\t<\/span>\n\t\t\t\t\t\t\t\t\t\t\t\t<a class=\"elementor-accordion-title\" tabindex=\"0\">Quali specifiche sono regolate dalla DIN EN 795?<\/a>\n\t\t\t\t\t<\/h3>\n\t\t\t\t\t<div id=\"elementor-tab-content-2712\" class=\"elementor-tab-content elementor-clearfix\" data-tab=\"2\" role=\"region\" aria-labelledby=\"elementor-tab-title-2712\"><p>La DIN EN 795 regola quindi i requisiti che devono essere tecnicamente soddisfatti per tutti i dispositivi di arresto caduta personali e dispositivi di ancoraggio. La DIN EN 795 definisce i vari standard che devono soddisfare i dispositivi di protezione individuale anticaduta o di ancoraggio. Ci\u00f2 include soprattutto i carichi che devono essere sopportati e quanto elevate devono essere le forze che devono essere trasferite alla struttura per garantire un elevato livello di sicurezza.<\/p><p>Ma anche le soluzioni tecniche che possono e devono essere utilizzate sono regolamentate dalla norma DIN EN 795. In questo modo vengono specificati gli standard che sono tecnicamente sicuri e offrono le migliori soluzioni.<\/p><p>Inoltre, viene determinato come vengono verificati questi requisiti e cosa \u00e8 necessario per ottenere la certificazione secondo DIN EN 795.<\/p><p>La protezione individuale anticaduta o un dispositivo di ancoraggio possono essere certificati secondo la norma DIN EN 795 solo dopo che tutti questi criteri standardizzati sono stati soddisfatti.<\/p><p>La DIN EN 795 distingue tra 5 diversi tipi di protezione anticaduta:<\/p><ul><li>Tipo A: punti di attacco individuali saldamente collegati al suolo, punti di attacco individuali permanenti.<\/li><li>Tipo B: Punti di ancoraggio temporanei che possono essere completamente rimossi dopo l&#039;uso, ovvero punti di ancoraggio mobili.<\/li><li>Tipo C: sistemi Lifeline.<\/li><li>Tipo D: Sistemi di sicurezza su rotaia.<\/li><li>Tipo E: dispositivi di ancoraggio tenuti dal proprio peso.<\/li><\/ul><p>A causa dell&#039;esatto esame delle norme EN, \u00e8 necessaria un&#039;ulteriore classificazione dei tipi A, C e D. Perch\u00e9 questi non fanno solo parte della protezione individuale anticaduta, ma sono anche saldamente collegati a un edificio, una costruzione. Per questo motivo, la norma DIN EN 795 non pu\u00f2 essere utilizzata come standard sufficiente per queste costruzioni e richiede ulteriori prove. Pertanto, per questi tipi, \u00e8 necessaria un&#039;approvazione dell&#039;autorit\u00e0 edile generale dell&#039;Istituto tedesco per la tecnologia edile o l&#039;approvazione dell&#039;autorit\u00e0 edile statale.<\/p><\/div>\n\t\t\t\t<\/div>\n\t\t\t\t\t\t\t<div class=\"elementor-accordion-item\">\n\t\t\t\t\t<h3 id=\"elementor-tab-title-2713\" class=\"elementor-tab-title\" data-tab=\"3\" role=\"button\" aria-controls=\"elementor-tab-content-2713\" aria-expanded=\"false\">\n\t\t\t\t\t\t\t\t\t\t\t\t\t<span class=\"elementor-accordion-icon elementor-accordion-icon-right\" aria-hidden=\"true\">\n\t\t\t\t\t\t\t\t\t\t\t\t\t\t\t<span class=\"elementor-accordion-icon-closed\"><svg class=\"e-font-icon-svg e-fas-plus\" viewbox=\"0 0 448 512\" xmlns=\"http:\/\/www.w3.org\/2000\/svg\"><path d=\"M416 208H272V64c0-17.67-14.33-32-32-32h-32c-17.67 0-32 14.33-32 32v144H32c-17.67 0-32 14.33-32 32v32c0 17.67 14.33 32 32 32h144v144c0 17.67 14.33 32 32 32h32c17.67 0 32-14.33 32-32V304h144c17.67 0 32-14.33 32-32v-32c0-17.67-14.33-32-32-32z\"><\/path><\/svg><\/span>\n\t\t\t\t\t\t\t\t<span class=\"elementor-accordion-icon-opened\"><svg class=\"e-font-icon-svg e-fas-minus\" viewbox=\"0 0 448 512\" xmlns=\"http:\/\/www.w3.org\/2000\/svg\"><path d=\"M416 208H32c-17.67 0-32 14.33-32 32v32c0 17.67 14.33 32 32 32h384c17.67 0 32-14.33 32-32v-32c0-17.67-14.33-32-32-32z\"><\/path><\/svg><\/span>\n\t\t\t\t\t\t\t\t\t\t\t\t\t\t<\/span>\n\t\t\t\t\t\t\t\t\t\t\t\t<a class=\"elementor-accordion-title\" tabindex=\"0\">Quali sono i vantaggi della DIN EN 795?<\/a>\n\t\t\t\t\t<\/h3>\n\t\t\t\t\t<div id=\"elementor-tab-content-2713\" class=\"elementor-tab-content elementor-clearfix\" data-tab=\"3\" role=\"region\" aria-labelledby=\"elementor-tab-title-2713\"><p>Le norme DIN EN offrono il grande vantaggio di creare una norma uniforme all&#039;interno dell&#039;UE. Ci\u00f2 garantisce qualit\u00e0 e sicurezza e i prodotti certificati con questi standard sono standardizzati. Ci\u00f2 significa che, come consumatore, hai il vantaggio di sapere che stai acquistando un prodotto o un servizio di alta qualit\u00e0 fabbricato secondo gli standard tecnici e tutti gli aspetti scientifici. Una caratteristica di alta qualit\u00e0 e sicurezza che ispira fiducia.<\/p><p>Questo \u00e8 esattamente ci\u00f2 di cui beneficiano i produttori o i fornitori di servizi, perch\u00e9 la certificazione secondo lo standard DIN EN ispira proprio questo, la fiducia nei clienti, che poi investono e continuano a tornare. Sebbene la certificazione inizialmente costi denaro, \u00e8 comunque convincente, perch\u00e9 consente ai clienti di creare sicurezza e pubblicizzare l&#039;azienda.<\/p><\/div>\n\t\t\t\t<\/div>\n\t\t\t\t\t\t\t<div class=\"elementor-accordion-item\">\n\t\t\t\t\t<h3 id=\"elementor-tab-title-2714\" class=\"elementor-tab-title\" data-tab=\"4\" role=\"button\" aria-controls=\"elementor-tab-content-2714\" aria-expanded=\"false\">\n\t\t\t\t\t\t\t\t\t\t\t\t\t<span class=\"elementor-accordion-icon elementor-accordion-icon-right\" aria-hidden=\"true\">\n\t\t\t\t\t\t\t\t\t\t\t\t\t\t\t<span class=\"elementor-accordion-icon-closed\"><svg class=\"e-font-icon-svg e-fas-plus\" viewbox=\"0 0 448 512\" xmlns=\"http:\/\/www.w3.org\/2000\/svg\"><path d=\"M416 208H272V64c0-17.67-14.33-32-32-32h-32c-17.67 0-32 14.33-32 32v144H32c-17.67 0-32 14.33-32 32v32c0 17.67 14.33 32 32 32h144v144c0 17.67 14.33 32 32 32h32c17.67 0 32-14.33 32-32V304h144c17.67 0 32-14.33 32-32v-32c0-17.67-14.33-32-32-32z\"><\/path><\/svg><\/span>\n\t\t\t\t\t\t\t\t<span class=\"elementor-accordion-icon-opened\"><svg class=\"e-font-icon-svg e-fas-minus\" viewbox=\"0 0 448 512\" xmlns=\"http:\/\/www.w3.org\/2000\/svg\"><path d=\"M416 208H32c-17.67 0-32 14.33-32 32v32c0 17.67 14.33 32 32 32h384c17.67 0 32-14.33 32-32v-32c0-17.67-14.33-32-32-32z\"><\/path><\/svg><\/span>\n\t\t\t\t\t\t\t\t\t\t\t\t\t\t<\/span>\n\t\t\t\t\t\t\t\t\t\t\t\t<a class=\"elementor-accordion-title\" tabindex=\"0\">Perch\u00e9 la DIN EN 795 \u00e8 cos\u00ec importante?<\/a>\n\t\t\t\t\t<\/h3>\n\t\t\t\t\t<div id=\"elementor-tab-content-2714\" class=\"elementor-tab-content elementor-clearfix\" data-tab=\"4\" role=\"region\" aria-labelledby=\"elementor-tab-title-2714\"><p>La norma DIN EN 795 \u00e8 di grande importanza in termini di sicurezza, tratta di elementi di protezione anticaduta, che sono estremamente importanti per garantire la sicurezza sul lavoro e quindi per garantire la sicurezza durante il lavoro in quota. Questo \u00e8 l&#039;unico modo per garantire una buona protezione anticaduta.<\/p><\/div>\n\t\t\t\t<\/div>\n\t\t\t\t\t\t\t\t<\/div>\n\t\t\t\t\t\t<\/div>\n\t\t\t\t<\/div>\n\t\t\t\t\t<\/div>\n\t\t<\/div>\n\t\t\t\t\t<\/div>\n\t\t<\/section>\n\t\t\t\t<\/div>","protected":false},"excerpt":{"rendered":"<p>Regeln und Normen DIN EN 795 DIN EN 795 Die europ\u00e4ische Norm EN 795 f\u00fcr \u201ePers\u00f6nliche Schutzausr\u00fcstung \u2013 Anschlageinrichtungen\u201c bestimmt die Anforderungen und Pr\u00fcfkriterien f\u00fcr Anschlageinrichtungen. Was ist die DIN EN 795? Wenn es um DIN-Normen geht, ist es zun\u00e4chst einmal wichtig zu wissen, was die DIN-Normen sind und wof\u00fcr diese eingesetzt werden. Da in [&hellip;]<\/p>\n","protected":false},"author":1,"featured_media":3683,"parent":1797,"menu_order":0,"comment_status":"closed","ping_status":"closed","template":"","meta":{"footnotes":""},"seiten_kategorie":[133],"class_list":["post-4058","page","type-page","status-publish","has-post-thumbnail","hentry","seiten_kategorie-wissen"],"_links":{"self":[{"href":"https:\/\/secupohl.com\/it\/wp-json\/wp\/v2\/pages\/4058","targetHints":{"allow":["GET"]}}],"collection":[{"href":"https:\/\/secupohl.com\/it\/wp-json\/wp\/v2\/pages"}],"about":[{"href":"https:\/\/secupohl.com\/it\/wp-json\/wp\/v2\/types\/page"}],"author":[{"embeddable":true,"href":"https:\/\/secupohl.com\/it\/wp-json\/wp\/v2\/users\/1"}],"replies":[{"embeddable":true,"href":"https:\/\/secupohl.com\/it\/wp-json\/wp\/v2\/comments?post=4058"}],"version-history":[{"count":26,"href":"https:\/\/secupohl.com\/it\/wp-json\/wp\/v2\/pages\/4058\/revisions"}],"predecessor-version":[{"id":5426,"href":"https:\/\/secupohl.com\/it\/wp-json\/wp\/v2\/pages\/4058\/revisions\/5426"}],"up":[{"embeddable":true,"href":"https:\/\/secupohl.com\/it\/wp-json\/wp\/v2\/pages\/1797"}],"wp:featuredmedia":[{"embeddable":true,"href":"https:\/\/secupohl.com\/it\/wp-json\/wp\/v2\/media\/3683"}],"wp:attachment":[{"href":"https:\/\/secupohl.com\/it\/wp-json\/wp\/v2\/media?parent=4058"}],"wp:term":[{"taxonomy":"seiten_kategorie","embeddable":true,"href":"https:\/\/secupohl.com\/it\/wp-json\/wp\/v2\/seiten_kategorie?post=4058"}],"curies":[{"name":"wp","href":"https:\/\/api.w.org\/{rel}","templated":true}]}}