{"id":1833,"date":"2021-08-30T03:58:24","date_gmt":"2021-08-30T03:58:24","guid":{"rendered":"https:\/\/secupohl.com\/?page_id=1833"},"modified":"2024-10-29T16:00:23","modified_gmt":"2024-10-29T14:00:23","slug":"sekurant","status":"publish","type":"page","link":"https:\/\/secupohl.com\/it\/wissen\/sekurant\/","title":{"rendered":"Dispositivi di sicurezza \u300bcertificati e originali del 1973"},"content":{"rendered":"<p><a tabindex=\"0\">Cos&#039;\u00e8 un Securant?<\/a><\/p>\n<p>Un&#039;imbracatura \u00e8 un punto di ancoraggio utilizzato per lavori in quota come punto di fissaggio per i sistemi di sicurezza personale. Questi sono prodotti che sono saldamente collegati all&#039;edificio. Di solito ci si aggancia usando un occhiello, lacci e sistemi di sicurezza. Nascono cos\u00ec i sistemi di sicurezza personale per i lavoratori che devono svolgere lavori speciali in quota sui tetti.<\/p>\n<p><a href=\"https:\/\/www.skylotec.com\/eu_de\/glossar\/sekurant\/\" target=\"_blank\" rel=\"noopener\">garanti<\/a> sono punti di ancoraggio che, a seconda del materiale e del tipo del sistema di sicurezza collegato, fungono da punti di ancoraggio e collegano la protezione anticaduta con l&#039;edificio e la struttura. Un dispositivo di sicurezza deve essere realizzato con prodotti di alta qualit\u00e0, cio\u00e8 con materiali particolarmente stabili, e deve essere installato a regola d&#039;arte. Questo \u00e8 l&#039;unico modo in cui la forza necessaria pu\u00f2 essere mantenuta e trasferita alla struttura.<\/p>\n<p>Al fine di garantire la necessaria sicurezza, ogni titolo \u00e8 sottoposto a speciali test di sicurezza. Solo linee vita certificate possono essere utilizzate per la protezione anticaduta in quota. Un&#039;imbracatura deve essere scelta in modo ottimale per il rispettivo materiale ed essere anche in grado di trasmettere almeno 6 kilonewton di forza alla struttura portante.<\/p>\n<p><a tabindex=\"0\">A cosa servono i securants?<\/a><\/p>\n<p>I pali servono come punti di attacco per la protezione personale contro le cadute. Soprattutto, proteggono dalla caduta gruppi professionali come vigili del fuoco, conciatetti, arrampicatori industriali o tutti gli altri lavoratori in quota. Perch\u00e9 la protezione anticaduta \u00e8 obbligatoria per legge per lavorare da un&#039;altezza di 1 metro nelle varie aree.<\/p>\n<ul>\n<li>La protezione anticaduta deve essere sempre utilizzata per i lavori sopra e al di sopra dell&#039;acqua. L&#039;altezza non ha importanza qui.<\/li>\n<li>Per i lavori sulle vie di circolazione, la protezione anticaduta \u00e8 obbligatoria a partire da un&#039;altezza di lavoro di 1 metro.<\/li>\n<li>Per tutti gli altri lavori, la protezione anticaduta deve essere utilizzata da un&#039;altezza di 2 metri.<\/li>\n<\/ul>\n<p><a tabindex=\"0\">Dove viene utilizzato un securant?<\/a><\/p>\n<p>Il lavoro a diverse altezze pu\u00f2 essere trovato in molte aree. I dispositivi di fissaggio vengono utilizzati principalmente su tetti, tetti piani o varie macchine e costruzioni. Ci\u00f2 consente l&#039;installazione di vari tipi di protezione individuale anticaduta, garantendo la sicurezza durante i lavori in quota.<\/p>\n<p>Dopotutto, la sicurezza gioca un ruolo importante, soprattutto in alta quota. I dispositivi di sicurezza offrono diverse opzioni e varianti per la protezione anticaduta su tetti, tetti piani, macchine, in vani scala aperti o in altre aperture delle pareti.<\/p>\n<p><a tabindex=\"0\">Quali sono i diversi tipi di Sekurant?<\/a><\/p>\n<p>A seconda del tipo di costruzione, dell&#039;edificio e del tipo di sistema di sicurezza utilizzato, esistono diversi punti di ancoraggio, detti anche punti di ancoraggio.<\/p>\n<p>Gli ancoraggi possono essere utilizzati come punti di ancoraggio individuali, nel qual caso i singoli ancoraggi hanno un occhiello che funge poi da cordino per il sistema di sicurezza personale e gli ancoraggi.<\/p>\n<p>Tuttavia, gli ancoraggi possono essere utilizzati anche come punti di fissaggio per sistemi di cavi o binari. Una fune metallica \u00e8 posata sui vari dispositivi di sicurezza. I lavoratori collegano il sistema di sicurezza personale e possono cos\u00ec agire in modo pi\u00f9 flessibile e avere un raggio di movimento pi\u00f9 ampio. Questo vale anche per i sistemi ferroviari, in cui \u00e8 installato un cosiddetto aliante, che fornisce un raggio di movimento pi\u00f9 ampio. I montanti e il relativo sistema possono essere installati anche sopratesta, offrendo cos\u00ec ancora pi\u00f9 libert\u00e0 di movimento.<\/p>\n<p>A seconda del sottosuolo e del materiale dell&#039;edificio, della costruzione, degli ancoraggi devono essere selezionati, perch\u00e9 solo se abbinati al rispettivo materiale del sottosuolo si pu\u00f2 intercettare la forza necessaria.<\/p>\n<p><a tabindex=\"0\">Quali securants sono pi\u00f9 adatti dove?<\/a><\/p>\n<p>Le protezioni di sicurezza sono sempre utilizzate quando si devono installare sistemi di protezione individuale contro le cadute. I sistemi di protezione individuale anticaduta sono sistemi di sicurezza progettati per proteggere le persone dalla caduta o per arrestare una caduta.<\/p>\n<p>A seconda del lavoro e della natura e struttura del piano di lavoro, sono adatti i vari dispositivi di sicurezza. Soprattutto qui va fatta la distinzione tra garanti permanenti e temporanei.<\/p>\n<ul>\n<li>Le protezioni permanenti sono installate principalmente su tetti e macchine che necessitano di manutenzione o pulizia regolari. In questo modo la sicurezza \u00e8 garantita a lungo termine e il costo della messa in sicurezza in quota \u00e8 notevolmente inferiore.<\/li>\n<li>I dispositivi di sicurezza temporanei possono essere reinstallati pi\u00f9 e pi\u00f9 volte e ripiantati dopo l&#039;uso. Anche qui ci sono diverse varianti, treppiedi, morsetti e ancoraggi che funzionano con il proprio peso appartengono agli ancoraggi temporanei. Questi sono utilizzati principalmente dai vigili del fuoco o dai conciatetti. Ci\u00f2 garantisce una buona protezione anticaduta anche ad altezze dove nessun altro lavora.<\/li>\n<\/ul>\n<p>In caso contrario, i tasselli devono essere adattati al supporto e al materiale su cui vengono applicati. Inoltre, sono disponibili vari ancoraggi per i rispettivi sistemi di cavi e binari, ideali per offrire maggiore libert\u00e0 di movimento durante il lavoro.<\/p>\n<p><a tabindex=\"0\">Quali sono i requisiti legali per i garanti?<\/a><\/p>\n<p>Le protezioni di sicurezza sono sempre obbligatorie quando \u00e8 necessario proteggere le singole persone dalla caduta all&#039;altezza prescritta.<\/p>\n<p>Gli stessi fissanti devono essere conformi alle norme DIN per poter garantire la necessaria resilienza e quindi sicurezza.<\/p>\n<p>I sistemi di sicurezza come i sistemi di sicurezza su fune e su rotaia, nonch\u00e9 i singoli punti di fissaggio permanenti sono saldamente collegati all&#039;edificio e sono quindi soggetti alle autorizzazioni generali dell&#039;autorit\u00e0 edile. Questi devono essere controllati e approvati.<\/p>\n<p>I provvisori, invece, rientrano nella norma DIN EN 795 e devono essere testati e certificati secondo i requisiti della norma. Ci\u00f2 garantisce la sicurezza.<\/p>\n<p><a tabindex=\"0\">Con quale frequenza \u00e8 necessario ispezionare un securant?<\/a><\/p>\n<p>Ma non solo la certificazione della sicurezza \u00e8 importante, perch\u00e9 una volta installata, molte influenze hanno un effetto sulla sicurezza che pu\u00f2 influire sulla sicurezza a lungo termine. Ci\u00f2 include i carichi, le forze durante l&#039;uso, l&#039;usura del materiale, l&#039;usura del supporto e del materiale di fissaggio e le condizioni atmosferiche esterne.<\/p>\n<p>Affinch\u00e9 la sicurezza possa essere comunque garantita in ogni momento, si applicano norme speciali che determinano gli intervalli tra i controlli del personale addetto alla sicurezza.<\/p>\n<ul>\n<li>I dispositivi di sicurezza devono essere controllati una volta all&#039;anno. Anche tutti gli altri sistemi di protezione individuale anticaduta devono essere controllati una volta all&#039;anno.<\/li>\n<li>L&#039;ispezione pu\u00f2 essere eseguita solo da un esperto appositamente formato dell&#039;assicurazione contro gli infortuni legale tedesca.<\/li>\n<\/ul>\n<p>La piena funzionalit\u00e0 e sicurezza possono essere garantite solo attraverso l&#039;ispezione annuale. Inoltre, in caso di caduta, il datore di lavoro \u00e8 tenuto a provare che tutti i controlli siano stati eseguiti correttamente. In caso di sinistro assicurativo, questo viene meticolosamente verificato. Questo \u00e8 l&#039;unico modo per garantire che il lavoro in altezza sia assicurato in modo affidabile.<\/p>","protected":false},"excerpt":{"rendered":"<p>Was ist ein Sekurant? Ein Sekurant ist ein Anschlagspunkt, der f\u00fcr die Arbeiten in H\u00f6hen als Sicherungspunkt f\u00fcr pers\u00f6nliche Sicherungssysteme eingesetzt wird. Es handelt sich um Produkte, die fest mit dem Geb\u00e4ude verbunden sind. Meist hakt man sich mittels einer \u00d6se, Haltegurte und Sicherungssysteme ein. So entstehen pers\u00f6nliche Sicherungssysteme f\u00fcr Arbeiter, die in H\u00f6hen auf [&hellip;]<\/p>\n","protected":false},"author":1,"featured_media":2360,"parent":1797,"menu_order":0,"comment_status":"closed","ping_status":"closed","template":"","meta":{"footnotes":""},"seiten_kategorie":[133],"class_list":["post-1833","page","type-page","status-publish","has-post-thumbnail","hentry","seiten_kategorie-wissen"],"_links":{"self":[{"href":"https:\/\/secupohl.com\/it\/wp-json\/wp\/v2\/pages\/1833","targetHints":{"allow":["GET"]}}],"collection":[{"href":"https:\/\/secupohl.com\/it\/wp-json\/wp\/v2\/pages"}],"about":[{"href":"https:\/\/secupohl.com\/it\/wp-json\/wp\/v2\/types\/page"}],"author":[{"embeddable":true,"href":"https:\/\/secupohl.com\/it\/wp-json\/wp\/v2\/users\/1"}],"replies":[{"embeddable":true,"href":"https:\/\/secupohl.com\/it\/wp-json\/wp\/v2\/comments?post=1833"}],"version-history":[{"count":35,"href":"https:\/\/secupohl.com\/it\/wp-json\/wp\/v2\/pages\/1833\/revisions"}],"predecessor-version":[{"id":5490,"href":"https:\/\/secupohl.com\/it\/wp-json\/wp\/v2\/pages\/1833\/revisions\/5490"}],"up":[{"embeddable":true,"href":"https:\/\/secupohl.com\/it\/wp-json\/wp\/v2\/pages\/1797"}],"wp:featuredmedia":[{"embeddable":true,"href":"https:\/\/secupohl.com\/it\/wp-json\/wp\/v2\/media\/2360"}],"wp:attachment":[{"href":"https:\/\/secupohl.com\/it\/wp-json\/wp\/v2\/media?parent=1833"}],"wp:term":[{"taxonomy":"seiten_kategorie","embeddable":true,"href":"https:\/\/secupohl.com\/it\/wp-json\/wp\/v2\/seiten_kategorie?post=1833"}],"curies":[{"name":"wp","href":"https:\/\/api.w.org\/{rel}","templated":true}]}}