{"id":1818,"date":"2021-08-30T03:28:03","date_gmt":"2021-08-30T03:28:03","guid":{"rendered":"https:\/\/secupohl.com\/?page_id=1818"},"modified":"2024-10-29T16:02:58","modified_gmt":"2024-10-29T14:02:58","slug":"flachdach-absturzsicherungen","status":"publish","type":"page","link":"https:\/\/secupohl.com\/it\/wissen\/flachdach-absturzsicherungen\/","title":{"rendered":"Protezione anticaduta per tetto piano"},"content":{"rendered":"<div data-elementor-type=\"wp-page\" data-elementor-id=\"1818\" class=\"elementor elementor-1818\" data-elementor-settings=\"{&quot;element_pack_global_tooltip_width&quot;:{&quot;unit&quot;:&quot;px&quot;,&quot;size&quot;:&quot;&quot;,&quot;sizes&quot;:[]},&quot;element_pack_global_tooltip_width_tablet&quot;:{&quot;unit&quot;:&quot;px&quot;,&quot;size&quot;:&quot;&quot;,&quot;sizes&quot;:[]},&quot;element_pack_global_tooltip_width_mobile&quot;:{&quot;unit&quot;:&quot;px&quot;,&quot;size&quot;:&quot;&quot;,&quot;sizes&quot;:[]},&quot;element_pack_global_tooltip_padding&quot;:{&quot;unit&quot;:&quot;px&quot;,&quot;top&quot;:&quot;&quot;,&quot;right&quot;:&quot;&quot;,&quot;bottom&quot;:&quot;&quot;,&quot;left&quot;:&quot;&quot;,&quot;isLinked&quot;:true},&quot;element_pack_global_tooltip_padding_tablet&quot;:{&quot;unit&quot;:&quot;px&quot;,&quot;top&quot;:&quot;&quot;,&quot;right&quot;:&quot;&quot;,&quot;bottom&quot;:&quot;&quot;,&quot;left&quot;:&quot;&quot;,&quot;isLinked&quot;:true},&quot;element_pack_global_tooltip_padding_mobile&quot;:{&quot;unit&quot;:&quot;px&quot;,&quot;top&quot;:&quot;&quot;,&quot;right&quot;:&quot;&quot;,&quot;bottom&quot;:&quot;&quot;,&quot;left&quot;:&quot;&quot;,&quot;isLinked&quot;:true},&quot;element_pack_global_tooltip_border_radius&quot;:{&quot;unit&quot;:&quot;px&quot;,&quot;top&quot;:&quot;&quot;,&quot;right&quot;:&quot;&quot;,&quot;bottom&quot;:&quot;&quot;,&quot;left&quot;:&quot;&quot;,&quot;isLinked&quot;:true},&quot;element_pack_global_tooltip_border_radius_tablet&quot;:{&quot;unit&quot;:&quot;px&quot;,&quot;top&quot;:&quot;&quot;,&quot;right&quot;:&quot;&quot;,&quot;bottom&quot;:&quot;&quot;,&quot;left&quot;:&quot;&quot;,&quot;isLinked&quot;:true},&quot;element_pack_global_tooltip_border_radius_mobile&quot;:{&quot;unit&quot;:&quot;px&quot;,&quot;top&quot;:&quot;&quot;,&quot;right&quot;:&quot;&quot;,&quot;bottom&quot;:&quot;&quot;,&quot;left&quot;:&quot;&quot;,&quot;isLinked&quot;:true}}\" data-elementor-post-type=\"page\">\n\t\t\t\t<div class=\"aux-parallax-section elementor-element elementor-element-4a9800f e-flex e-con-boxed e-con e-parent\" data-id=\"4a9800f\" data-element_type=\"container\" data-e-type=\"container\">\n\t\t\t\t\t<div class=\"e-con-inner\">\n\t\t\t\t<div class=\"elementor-element elementor-element-e053295 elementor-widget elementor-widget-heading\" data-id=\"e053295\" data-element_type=\"widget\" data-e-type=\"widget\" data-widget_type=\"heading.default\">\n\t\t\t\t<div class=\"elementor-widget-container\">\n\t\t\t\t\t<h2 class=\"elementor-heading-title elementor-size-default\"> tutto quello che c&#039;\u00e8 da sapere<\/h2>\t\t\t\t<\/div>\n\t\t\t\t<\/div>\n\t\t\t\t<div class=\"elementor-element elementor-element-e95e488 elementor-widget elementor-widget-heading\" data-id=\"e95e488\" data-element_type=\"widget\" data-e-type=\"widget\" data-widget_type=\"heading.default\">\n\t\t\t\t<div class=\"elementor-widget-container\">\n\t\t\t\t\t<h1 class=\"elementor-heading-title elementor-size-default\">Protezione anticaduta per tetto piano<\/h1>\t\t\t\t<\/div>\n\t\t\t\t<\/div>\n\t\t\t\t<div class=\"elementor-element elementor-element-af4856d elementor-widget__width-initial elementor-widget elementor-widget-text-editor\" data-id=\"af4856d\" data-element_type=\"widget\" data-e-type=\"widget\" data-widget_type=\"text-editor.default\">\n\t\t\t\t<div class=\"elementor-widget-container\">\n\t\t\t\t\t\t\t\t\t<p>La protezione anticaduta per tetti piani fa parte della sicurezza sul lavoro, che \u00e8 soggetta a requisiti di legge e pu\u00f2 essere implementata in molti modi diversi. Cosa c&#039;\u00e8 dietro e cosa \u00e8 importante sapere, lo chiariremo qui.<\/p>\t\t\t\t\t\t\t\t<\/div>\n\t\t\t\t<\/div>\n\t\t\t\t\t<\/div>\n\t\t\t\t<\/div>\n\t\t\t\t<section class=\"elementor-section elementor-top-section elementor-element elementor-element-3ac144e4 elementor-reverse-mobile elementor-section-boxed elementor-section-height-default elementor-section-height-default\" data-id=\"3ac144e4\" data-element_type=\"section\" data-e-type=\"section\" id=\"first\" data-settings=\"{&quot;background_background&quot;:&quot;classic&quot;}\">\n\t\t\t\t\t\t<div class=\"elementor-container elementor-column-gap-default\">\n\t\t\t\t\t<div class=\"aux-parallax-section elementor-column elementor-col-100 elementor-top-column elementor-element elementor-element-9f96f52\" data-id=\"9f96f52\" data-element_type=\"column\" data-e-type=\"column\">\n\t\t\t<div class=\"elementor-widget-wrap elementor-element-populated\">\n\t\t\t\t\t\t<div class=\"elementor-element elementor-element-73a8921f aux-appear-watch-animation aux-fade-in-up elementor-widget elementor-widget-accordion\" data-id=\"73a8921f\" data-element_type=\"widget\" data-e-type=\"widget\" data-widget_type=\"accordion.default\">\n\t\t\t\t<div class=\"elementor-widget-container\">\n\t\t\t\t\t\t\t<div class=\"elementor-accordion\">\n\t\t\t\t\t\t\t<div class=\"elementor-accordion-item\">\n\t\t\t\t\t<h3 id=\"elementor-tab-title-1941\" class=\"elementor-tab-title\" data-tab=\"1\" role=\"button\" aria-controls=\"elementor-tab-content-1941\" aria-expanded=\"false\">\n\t\t\t\t\t\t\t\t\t\t\t\t\t<span class=\"elementor-accordion-icon elementor-accordion-icon-right\" aria-hidden=\"true\">\n\t\t\t\t\t\t\t\t\t\t\t\t\t\t\t<span class=\"elementor-accordion-icon-closed\"><svg class=\"e-font-icon-svg e-fas-plus\" viewbox=\"0 0 448 512\" xmlns=\"http:\/\/www.w3.org\/2000\/svg\"><path d=\"M416 208H272V64c0-17.67-14.33-32-32-32h-32c-17.67 0-32 14.33-32 32v144H32c-17.67 0-32 14.33-32 32v32c0 17.67 14.33 32 32 32h144v144c0 17.67 14.33 32 32 32h32c17.67 0 32-14.33 32-32V304h144c17.67 0 32-14.33 32-32v-32c0-17.67-14.33-32-32-32z\"><\/path><\/svg><\/span>\n\t\t\t\t\t\t\t\t<span class=\"elementor-accordion-icon-opened\"><svg class=\"e-font-icon-svg e-fas-minus\" viewbox=\"0 0 448 512\" xmlns=\"http:\/\/www.w3.org\/2000\/svg\"><path d=\"M416 208H32c-17.67 0-32 14.33-32 32v32c0 17.67 14.33 32 32 32h384c17.67 0 32-14.33 32-32v-32c0-17.67-14.33-32-32-32z\"><\/path><\/svg><\/span>\n\t\t\t\t\t\t\t\t\t\t\t\t\t\t<\/span>\n\t\t\t\t\t\t\t\t\t\t\t\t<a class=\"elementor-accordion-title\" tabindex=\"0\">Cosa sono i sistemi anticaduta per tetti piani?<\/a>\n\t\t\t\t\t<\/h3>\n\t\t\t\t\t<div id=\"elementor-tab-content-1941\" class=\"elementor-tab-content elementor-clearfix\" data-tab=\"1\" role=\"region\" aria-labelledby=\"elementor-tab-title-1941\"><p>I vigili del fuoco, gli addetti alla manutenzione o all&#039;edilizia, gli idraulici o i conciatetti lavorano spesso in aree di un tetto dove il rischio di caduta \u00e8 particolarmente elevato. \u00c8 proprio in queste aree che vengono installati dispositivi che hanno lo scopo di prevenire o intercettare una caduta. Ci\u00f2 aumenta notevolmente la sicurezza sul lavoro.<\/p><p>La protezione anticaduta per tetti piani prevede solitamente vari tipi di protezione, che vengono installati come ringhiere davanti alle aree pericolose o sistemi di sicurezza individuali che le persone trasportano e che sono collegati al tetto piano.<\/p><p>I sistemi di protezione anticaduta per tetti piani sono divisi in questi due gruppi. La protezione anticaduta primaria, come le ringhiere, e la protezione anticaduta secondaria, come i sistemi di sicurezza personale.<\/p><\/div>\n\t\t\t\t<\/div>\n\t\t\t\t\t\t\t<div class=\"elementor-accordion-item\">\n\t\t\t\t\t<h3 id=\"elementor-tab-title-1942\" class=\"elementor-tab-title\" data-tab=\"2\" role=\"button\" aria-controls=\"elementor-tab-content-1942\" aria-expanded=\"false\">\n\t\t\t\t\t\t\t\t\t\t\t\t\t<span class=\"elementor-accordion-icon elementor-accordion-icon-right\" aria-hidden=\"true\">\n\t\t\t\t\t\t\t\t\t\t\t\t\t\t\t<span class=\"elementor-accordion-icon-closed\"><svg class=\"e-font-icon-svg e-fas-plus\" viewbox=\"0 0 448 512\" xmlns=\"http:\/\/www.w3.org\/2000\/svg\"><path d=\"M416 208H272V64c0-17.67-14.33-32-32-32h-32c-17.67 0-32 14.33-32 32v144H32c-17.67 0-32 14.33-32 32v32c0 17.67 14.33 32 32 32h144v144c0 17.67 14.33 32 32 32h32c17.67 0 32-14.33 32-32V304h144c17.67 0 32-14.33 32-32v-32c0-17.67-14.33-32-32-32z\"><\/path><\/svg><\/span>\n\t\t\t\t\t\t\t\t<span class=\"elementor-accordion-icon-opened\"><svg class=\"e-font-icon-svg e-fas-minus\" viewbox=\"0 0 448 512\" xmlns=\"http:\/\/www.w3.org\/2000\/svg\"><path d=\"M416 208H32c-17.67 0-32 14.33-32 32v32c0 17.67 14.33 32 32 32h384c17.67 0 32-14.33 32-32v-32c0-17.67-14.33-32-32-32z\"><\/path><\/svg><\/span>\n\t\t\t\t\t\t\t\t\t\t\t\t\t\t<\/span>\n\t\t\t\t\t\t\t\t\t\t\t\t<a class=\"elementor-accordion-title\" tabindex=\"0\">Da quale altezza sono necessarie le protezioni anticaduta per tetti piani?<\/a>\n\t\t\t\t\t<\/h3>\n\t\t\t\t\t<div id=\"elementor-tab-content-1942\" class=\"elementor-tab-content elementor-clearfix\" data-tab=\"2\" role=\"region\" aria-labelledby=\"elementor-tab-title-1942\"><p>Ci sono specifiche che determinano l&#039;altezza da cui \u00e8 richiesta la protezione del tetto piano. \u00c8 importante considerare le varie aree e fattori. I requisiti legali dipendono anche dalle condizioni locali.<\/p><ul><li>I lavori che si svolgono su un tetto piano sopra o vicino all&#039;acqua devono essere sempre eseguiti con un dispositivo anticaduta per tetto piano. In questo lavoro, l&#039;altezza non ha importanza. Anche altre sostanze liquide in cui si pu\u00f2 sprofondare rientrano in queste specifiche.<\/li><li>Se i lavori vengono eseguiti su un vano scala aperto o altre aperture nel muro, \u00e8 necessario utilizzare una protezione anticaduta da un&#039;altezza di 1 metro.<\/li><li>Per tutti gli altri lavori nelle vie di circolazione sui tetti vale l&#039;altezza di 3 metri, da questa altezza deve essere utilizzata una protezione anticaduta per tetto piano. Questa regola si applica alla maggior parte dei lavori su tetti piani.<\/li><li>La protezione anticaduta deve essere utilizzata per tutti gli altri lavori da un&#039;altezza di 2 metri.<\/li><\/ul><\/div>\n\t\t\t\t<\/div>\n\t\t\t\t\t\t\t<div class=\"elementor-accordion-item\">\n\t\t\t\t\t<h3 id=\"elementor-tab-title-1943\" class=\"elementor-tab-title\" data-tab=\"3\" role=\"button\" aria-controls=\"elementor-tab-content-1943\" aria-expanded=\"false\">\n\t\t\t\t\t\t\t\t\t\t\t\t\t<span class=\"elementor-accordion-icon elementor-accordion-icon-right\" aria-hidden=\"true\">\n\t\t\t\t\t\t\t\t\t\t\t\t\t\t\t<span class=\"elementor-accordion-icon-closed\"><svg class=\"e-font-icon-svg e-fas-plus\" viewbox=\"0 0 448 512\" xmlns=\"http:\/\/www.w3.org\/2000\/svg\"><path d=\"M416 208H272V64c0-17.67-14.33-32-32-32h-32c-17.67 0-32 14.33-32 32v144H32c-17.67 0-32 14.33-32 32v32c0 17.67 14.33 32 32 32h144v144c0 17.67 14.33 32 32 32h32c17.67 0 32-14.33 32-32V304h144c17.67 0 32-14.33 32-32v-32c0-17.67-14.33-32-32-32z\"><\/path><\/svg><\/span>\n\t\t\t\t\t\t\t\t<span class=\"elementor-accordion-icon-opened\"><svg class=\"e-font-icon-svg e-fas-minus\" viewbox=\"0 0 448 512\" xmlns=\"http:\/\/www.w3.org\/2000\/svg\"><path d=\"M416 208H32c-17.67 0-32 14.33-32 32v32c0 17.67 14.33 32 32 32h384c17.67 0 32-14.33 32-32v-32c0-17.67-14.33-32-32-32z\"><\/path><\/svg><\/span>\n\t\t\t\t\t\t\t\t\t\t\t\t\t\t<\/span>\n\t\t\t\t\t\t\t\t\t\t\t\t<a class=\"elementor-accordion-title\" tabindex=\"0\">Quali tipi di protezione anticaduta per tetti piani esistono?<\/a>\n\t\t\t\t\t<\/h3>\n\t\t\t\t\t<div id=\"elementor-tab-content-1943\" class=\"elementor-tab-content elementor-clearfix\" data-tab=\"3\" role=\"region\" aria-labelledby=\"elementor-tab-title-1943\"><p>Sono disponibili vari sistemi per la protezione anticaduta del tetto piano. Quale sia la miccia giusta di solito dipende dalle condizioni del tetto e dal tipo di lavoro. In generale, i vari sistemi di protezione anticaduta per tetti piani si possono distinguere come segue:<\/p><ul><li><strong> Punti di ancoraggio e sicurezze<\/strong><\/li><\/ul><p>Si tratta di staffe installate in modo permanente in cui \u00e8 possibile agganciare una fune di sicurezza. Di conseguenza, il lavoratore \u00e8 assicurato e pu\u00f2 essere assicurato in caso di caduta. Con questa variante, invece, la mobilit\u00e0 dell&#039;opera \u00e8 orientata verso i punti di attacco. L&#039;intero tetto pu\u00f2 essere coperto in questo modo e pi\u00f9 persone possono lavorare contemporaneamente.<\/p><ul><li><strong> sistemi di cavi<\/strong><\/li><\/ul><p>In questa variante \u00e8 installato un sistema di funi sopra il tetto, gli operatori possono attaccarsi con le singole cinture di sicurezza e sono cos\u00ec assicurati. A seconda di come \u00e8 fissato il sistema di cavi, ci\u00f2 pu\u00f2 avvenire anche sopra la testa, il che consente anche di lavorare orizzontalmente.<\/p><ul><li><strong> sistemi del terreno<\/strong><\/li><\/ul><p>Le ringhiere progettate per impedire alle persone di avvicinarsi ad aree pericolose sono pi\u00f9 adatte per proteggere dai bordi di caduta.<\/p><\/div>\n\t\t\t\t<\/div>\n\t\t\t\t\t\t\t<div class=\"elementor-accordion-item\">\n\t\t\t\t\t<h3 id=\"elementor-tab-title-1944\" class=\"elementor-tab-title\" data-tab=\"4\" role=\"button\" aria-controls=\"elementor-tab-content-1944\" aria-expanded=\"false\">\n\t\t\t\t\t\t\t\t\t\t\t\t\t<span class=\"elementor-accordion-icon elementor-accordion-icon-right\" aria-hidden=\"true\">\n\t\t\t\t\t\t\t\t\t\t\t\t\t\t\t<span class=\"elementor-accordion-icon-closed\"><svg class=\"e-font-icon-svg e-fas-plus\" viewbox=\"0 0 448 512\" xmlns=\"http:\/\/www.w3.org\/2000\/svg\"><path d=\"M416 208H272V64c0-17.67-14.33-32-32-32h-32c-17.67 0-32 14.33-32 32v144H32c-17.67 0-32 14.33-32 32v32c0 17.67 14.33 32 32 32h144v144c0 17.67 14.33 32 32 32h32c17.67 0 32-14.33 32-32V304h144c17.67 0 32-14.33 32-32v-32c0-17.67-14.33-32-32-32z\"><\/path><\/svg><\/span>\n\t\t\t\t\t\t\t\t<span class=\"elementor-accordion-icon-opened\"><svg class=\"e-font-icon-svg e-fas-minus\" viewbox=\"0 0 448 512\" xmlns=\"http:\/\/www.w3.org\/2000\/svg\"><path d=\"M416 208H32c-17.67 0-32 14.33-32 32v32c0 17.67 14.33 32 32 32h384c17.67 0 32-14.33 32-32v-32c0-17.67-14.33-32-32-32z\"><\/path><\/svg><\/span>\n\t\t\t\t\t\t\t\t\t\t\t\t\t\t<\/span>\n\t\t\t\t\t\t\t\t\t\t\t\t<a class=\"elementor-accordion-title\" tabindex=\"0\">Quanto \u00e8 facile installare a posteriori una protezione anticaduta per tetti piani?<\/a>\n\t\t\t\t\t<\/h3>\n\t\t\t\t\t<div id=\"elementor-tab-content-1944\" class=\"elementor-tab-content elementor-clearfix\" data-tab=\"4\" role=\"region\" aria-labelledby=\"elementor-tab-title-1944\"><p>Il retrofitting della protezione anticaduta per tetti piani \u00e8 sempre possibile. La quantit\u00e0 di sforzo necessaria dipende dalle circostanze e dalle condizioni del tetto piano.<\/p><p>In generale, la protezione anticaduta deve essere presente, indipendentemente dall&#039;altezza, se:<\/p><ul><li>Il lavoro si svolge sopra e sopra l&#039;acqua.<\/li><li>Il lavoro si svolge sopra e sopra altre sostanze liquide.<\/li><\/ul><p>Inoltre, i regolamenti prescrivono informazioni sull&#039;altezza come:<\/p><ul><li>In corrispondenza di aperture di pareti o vani scala aperti, da un&#039;altezza di 1 metro.<\/li><li>In tutte le altre aree da un&#039;altezza di lavoro di 2 metri.<\/li><\/ul><p>Come gi\u00e0 accennato, i regolamenti di altezza non sono fissi, ma possono essere influenzati anche da altri fattori. I fattori che possono influenzare la necessit\u00e0 di protezione anticaduta includono:<\/p><ul><li>il dislivello<\/li><li>la distanza dal bordo dell&#039;incidente<\/li><li>la natura del sottosuolo<\/li><li>quante persone devono essere protette<\/li><li>il terreno sotto il bordo<\/li><\/ul><\/div>\n\t\t\t\t<\/div>\n\t\t\t\t\t\t\t\t<\/div>\n\t\t\t\t\t\t<\/div>\n\t\t\t\t<\/div>\n\t\t\t\t\t<\/div>\n\t\t<\/div>\n\t\t\t\t\t<\/div>\n\t\t<\/section>\n\t\t\t\t<\/div>","protected":false},"excerpt":{"rendered":"<p>alles, was es zu wissen gibt Flachdach Absturzsicherungen Flachdach Absturzsicherungen geh\u00f6ren zum Arbeitsschutz, der gesetzlichen Vorgaben unterliegt und auf viele verschiedene Weisen umsetzbar ist. Was steckt dahinter und was gilt es zu wissen, das kl\u00e4ren wir hier. Was sind Flachdach Absturzsicherungen? Feuerwehrleute, Mitarbeiter der Wartung oder der Bauindustrie, Installateure oder Dachdecker arbeiten oft in Bereichen [&hellip;]<\/p>\n","protected":false},"author":1,"featured_media":3683,"parent":1797,"menu_order":0,"comment_status":"closed","ping_status":"closed","template":"","meta":{"footnotes":""},"seiten_kategorie":[133],"class_list":["post-1818","page","type-page","status-publish","has-post-thumbnail","hentry","seiten_kategorie-wissen"],"_links":{"self":[{"href":"https:\/\/secupohl.com\/it\/wp-json\/wp\/v2\/pages\/1818","targetHints":{"allow":["GET"]}}],"collection":[{"href":"https:\/\/secupohl.com\/it\/wp-json\/wp\/v2\/pages"}],"about":[{"href":"https:\/\/secupohl.com\/it\/wp-json\/wp\/v2\/types\/page"}],"author":[{"embeddable":true,"href":"https:\/\/secupohl.com\/it\/wp-json\/wp\/v2\/users\/1"}],"replies":[{"embeddable":true,"href":"https:\/\/secupohl.com\/it\/wp-json\/wp\/v2\/comments?post=1818"}],"version-history":[{"count":36,"href":"https:\/\/secupohl.com\/it\/wp-json\/wp\/v2\/pages\/1818\/revisions"}],"predecessor-version":[{"id":5497,"href":"https:\/\/secupohl.com\/it\/wp-json\/wp\/v2\/pages\/1818\/revisions\/5497"}],"up":[{"embeddable":true,"href":"https:\/\/secupohl.com\/it\/wp-json\/wp\/v2\/pages\/1797"}],"wp:featuredmedia":[{"embeddable":true,"href":"https:\/\/secupohl.com\/it\/wp-json\/wp\/v2\/media\/3683"}],"wp:attachment":[{"href":"https:\/\/secupohl.com\/it\/wp-json\/wp\/v2\/media?parent=1818"}],"wp:term":[{"taxonomy":"seiten_kategorie","embeddable":true,"href":"https:\/\/secupohl.com\/it\/wp-json\/wp\/v2\/seiten_kategorie?post=1818"}],"curies":[{"name":"wp","href":"https:\/\/api.w.org\/{rel}","templated":true}]}}