{"id":4058,"date":"2021-11-01T05:05:15","date_gmt":"2021-11-01T05:05:15","guid":{"rendered":"https:\/\/secupohl.com\/?page_id=4058"},"modified":"2024-03-01T17:50:03","modified_gmt":"2024-03-01T15:50:03","slug":"din-en-795","status":"publish","type":"page","link":"https:\/\/secupohl.com\/fr\/wissen\/din-en-795\/","title":{"rendered":"DIN EN 795 \u300bExigences expliqu\u00e9es simplement"},"content":{"rendered":"<div data-elementor-type=\"wp-page\" data-elementor-id=\"4058\" class=\"elementor elementor-4058\" data-elementor-settings=\"{&quot;element_pack_global_tooltip_width&quot;:{&quot;unit&quot;:&quot;px&quot;,&quot;size&quot;:&quot;&quot;,&quot;sizes&quot;:[]},&quot;element_pack_global_tooltip_width_tablet&quot;:{&quot;unit&quot;:&quot;px&quot;,&quot;size&quot;:&quot;&quot;,&quot;sizes&quot;:[]},&quot;element_pack_global_tooltip_width_mobile&quot;:{&quot;unit&quot;:&quot;px&quot;,&quot;size&quot;:&quot;&quot;,&quot;sizes&quot;:[]},&quot;element_pack_global_tooltip_padding&quot;:{&quot;unit&quot;:&quot;px&quot;,&quot;top&quot;:&quot;&quot;,&quot;right&quot;:&quot;&quot;,&quot;bottom&quot;:&quot;&quot;,&quot;left&quot;:&quot;&quot;,&quot;isLinked&quot;:true},&quot;element_pack_global_tooltip_padding_tablet&quot;:{&quot;unit&quot;:&quot;px&quot;,&quot;top&quot;:&quot;&quot;,&quot;right&quot;:&quot;&quot;,&quot;bottom&quot;:&quot;&quot;,&quot;left&quot;:&quot;&quot;,&quot;isLinked&quot;:true},&quot;element_pack_global_tooltip_padding_mobile&quot;:{&quot;unit&quot;:&quot;px&quot;,&quot;top&quot;:&quot;&quot;,&quot;right&quot;:&quot;&quot;,&quot;bottom&quot;:&quot;&quot;,&quot;left&quot;:&quot;&quot;,&quot;isLinked&quot;:true},&quot;element_pack_global_tooltip_border_radius&quot;:{&quot;unit&quot;:&quot;px&quot;,&quot;top&quot;:&quot;&quot;,&quot;right&quot;:&quot;&quot;,&quot;bottom&quot;:&quot;&quot;,&quot;left&quot;:&quot;&quot;,&quot;isLinked&quot;:true},&quot;element_pack_global_tooltip_border_radius_tablet&quot;:{&quot;unit&quot;:&quot;px&quot;,&quot;top&quot;:&quot;&quot;,&quot;right&quot;:&quot;&quot;,&quot;bottom&quot;:&quot;&quot;,&quot;left&quot;:&quot;&quot;,&quot;isLinked&quot;:true},&quot;element_pack_global_tooltip_border_radius_mobile&quot;:{&quot;unit&quot;:&quot;px&quot;,&quot;top&quot;:&quot;&quot;,&quot;right&quot;:&quot;&quot;,&quot;bottom&quot;:&quot;&quot;,&quot;left&quot;:&quot;&quot;,&quot;isLinked&quot;:true}}\" data-elementor-post-type=\"page\">\n\t\t\t\t<div class=\"aux-parallax-section elementor-element elementor-element-2192d88 e-flex e-con-boxed e-con e-parent\" data-id=\"2192d88\" data-element_type=\"container\" data-e-type=\"container\">\n\t\t\t\t\t<div class=\"e-con-inner\">\n\t\t\t\t<div class=\"elementor-element elementor-element-c493b84 elementor-widget elementor-widget-heading\" data-id=\"c493b84\" data-element_type=\"widget\" data-e-type=\"widget\" data-widget_type=\"heading.default\">\n\t\t\t\t<div class=\"elementor-widget-container\">\n\t\t\t\t\t<h2 class=\"elementor-heading-title elementor-size-default\">R\u00e8gles et normes<\/h2>\t\t\t\t<\/div>\n\t\t\t\t<\/div>\n\t\t\t\t<div class=\"elementor-element elementor-element-b566d6a elementor-widget elementor-widget-heading\" data-id=\"b566d6a\" data-element_type=\"widget\" data-e-type=\"widget\" data-widget_type=\"heading.default\">\n\t\t\t\t<div class=\"elementor-widget-container\">\n\t\t\t\t\t<h1 class=\"elementor-heading-title elementor-size-default\">DIN EN 795<\/h1>\t\t\t\t<\/div>\n\t\t\t\t<\/div>\n\t\t\t\t<div class=\"elementor-element elementor-element-a8f371b elementor-widget__width-initial elementor-widget elementor-widget-text-editor\" data-id=\"a8f371b\" data-element_type=\"widget\" data-e-type=\"widget\" data-widget_type=\"text-editor.default\">\n\t\t\t\t<div class=\"elementor-widget-container\">\n\t\t\t\t\t\t\t\t\t<p>DIN EN 795 La norme europ\u00e9enne EN 795 pour \u00ab\u00a0Equipement de protection individuelle - Dispositifs d&#039;ancrage\u00a0\u00bb d\u00e9finit les exigences et les crit\u00e8res d&#039;essai pour les dispositifs d&#039;ancrage.<\/p>\t\t\t\t\t\t\t\t<\/div>\n\t\t\t\t<\/div>\n\t\t\t\t\t<\/div>\n\t\t\t\t<\/div>\n\t\t\t\t<section class=\"elementor-section elementor-top-section elementor-element elementor-element-6fa45897 elementor-reverse-mobile elementor-section-boxed elementor-section-height-default elementor-section-height-default\" data-id=\"6fa45897\" data-element_type=\"section\" data-e-type=\"section\" id=\"first\" data-settings=\"{&quot;background_background&quot;:&quot;classic&quot;}\">\n\t\t\t\t\t\t<div class=\"elementor-container elementor-column-gap-default\">\n\t\t\t\t\t<div class=\"aux-parallax-section elementor-column elementor-col-100 elementor-top-column elementor-element elementor-element-76a396df\" data-id=\"76a396df\" data-element_type=\"column\" data-e-type=\"column\">\n\t\t\t<div class=\"elementor-widget-wrap elementor-element-populated\">\n\t\t\t\t\t\t<div class=\"elementor-element elementor-element-102dd3de aux-appear-watch-animation aux-fade-in-up elementor-widget elementor-widget-accordion\" data-id=\"102dd3de\" data-element_type=\"widget\" data-e-type=\"widget\" data-widget_type=\"accordion.default\">\n\t\t\t\t<div class=\"elementor-widget-container\">\n\t\t\t\t\t\t\t<div class=\"elementor-accordion\">\n\t\t\t\t\t\t\t<div class=\"elementor-accordion-item\">\n\t\t\t\t\t<h3 id=\"elementor-tab-title-2711\" class=\"elementor-tab-title\" data-tab=\"1\" role=\"button\" aria-controls=\"elementor-tab-content-2711\" aria-expanded=\"false\">\n\t\t\t\t\t\t\t\t\t\t\t\t\t<span class=\"elementor-accordion-icon elementor-accordion-icon-right\" aria-hidden=\"true\">\n\t\t\t\t\t\t\t\t\t\t\t\t\t\t\t<span class=\"elementor-accordion-icon-closed\"><svg class=\"e-font-icon-svg e-fas-plus\" viewbox=\"0 0 448 512\" xmlns=\"http:\/\/www.w3.org\/2000\/svg\"><path d=\"M416 208H272V64c0-17.67-14.33-32-32-32h-32c-17.67 0-32 14.33-32 32v144H32c-17.67 0-32 14.33-32 32v32c0 17.67 14.33 32 32 32h144v144c0 17.67 14.33 32 32 32h32c17.67 0 32-14.33 32-32V304h144c17.67 0 32-14.33 32-32v-32c0-17.67-14.33-32-32-32z\"><\/path><\/svg><\/span>\n\t\t\t\t\t\t\t\t<span class=\"elementor-accordion-icon-opened\"><svg class=\"e-font-icon-svg e-fas-minus\" viewbox=\"0 0 448 512\" xmlns=\"http:\/\/www.w3.org\/2000\/svg\"><path d=\"M416 208H32c-17.67 0-32 14.33-32 32v32c0 17.67 14.33 32 32 32h384c17.67 0 32-14.33 32-32v-32c0-17.67-14.33-32-32-32z\"><\/path><\/svg><\/span>\n\t\t\t\t\t\t\t\t\t\t\t\t\t\t<\/span>\n\t\t\t\t\t\t\t\t\t\t\t\t<a class=\"elementor-accordion-title\" tabindex=\"0\">Qu&#039;est-ce que la norme DIN EN 795 ?<\/a>\n\t\t\t\t\t<\/h3>\n\t\t\t\t\t<div id=\"elementor-tab-content-2711\" class=\"elementor-tab-content elementor-clearfix\" data-tab=\"1\" role=\"region\" aria-labelledby=\"elementor-tab-title-2711\"><p>Lorsqu&#039;il s&#039;agit de normes DIN, il est tout d&#039;abord important de savoir ce que sont les normes DIN et \u00e0 quoi elles servent. Les nouvelles normes \u00e9tant adopt\u00e9es imm\u00e9diatement au niveau europ\u00e9en, l&#039;abr\u00e9viation EN est ajout\u00e9e \u00e0 toutes les nouvelles normes.<\/p><ul><li>Le DIN signifie &quot;Institut allemand de normalisation&quot;. L&#039;institut d\u00e9finit les crit\u00e8res selon lesquels sont fix\u00e9es les normes de fabrication des diff\u00e9rents produits. Ici, des experts des diff\u00e9rents domaines travaillent \u00e0 la d\u00e9finition de ces crit\u00e8res, en tenant compte de l&#039;\u00e9tat de l&#039;art actuel et des aspects scientifiques dans les d\u00e9cisions. C&#039;est ainsi que sont \u00e9labor\u00e9es les r\u00e8gles qui devraient id\u00e9alement s&#039;appliquer \u00e0 tous les produits de la zone concern\u00e9e.<\/li><\/ul><p>Mais il est \u00e9galement important de savoir que les diff\u00e9rents fabricants n&#039;ont pas \u00e0 adh\u00e9rer aux normes DIN. Cela ne s&#039;applique que si cela est convenu contractuellement. Cependant, si vous utilisez des produits dans des domaines l\u00e9galement tenus d&#039;utiliser des produits fabriqu\u00e9s selon la norme DIN, une \u00e9valuation selon la norme DIN vaut vraiment la peine pour tous les fabricants.<\/p><ul><li>L&#039;EN signifie la norme europ\u00e9enne. \u00c9tant donn\u00e9 que la coop\u00e9ration au sein de l&#039;Europe se rapproche de plus en plus, les normes se sont \u00e9galement adapt\u00e9es \u00e0 cela. L&#039;UE s&#039;efforce de garantir une norme uniforme, c&#039;est pr\u00e9cis\u00e9ment la raison pour laquelle les normes sont publi\u00e9es de mani\u00e8re uniforme. Les normes EN sont donc normalis\u00e9es pour tous les organismes de normalisation de l&#039;UE. Mais toutes les nouvelles normes ne peuvent pas seulement recevoir la d\u00e9signation EN. Toutes les normes DIN existantes peuvent \u00e9galement \u00eatre sugg\u00e9r\u00e9es puis transf\u00e9r\u00e9es dans le catalogue de normalisation de l&#039;UE. Les normes incluses sont adopt\u00e9es par 3 organismes europ\u00e9ens.<\/li><\/ul><p>Ainsi, si des normes DIN EN apparaissent, ces normes sont d&#039;anciennes normes DIN qui ont \u00e9t\u00e9 normalis\u00e9es par un processus au niveau de l&#039;UE et apparaissent d\u00e9sormais comme telles dans le catalogue de normalisation de l&#039;UE. En g\u00e9n\u00e9ral, tous les organismes de normalisation peuvent proposer une norme pour la norme EN puis la faire v\u00e9rifier par les 3 comit\u00e9s avant qu&#039;elle ne soit incluse dans le catalogue de normalisation.<\/p><p>\u00c9tant donn\u00e9 que la demande augmente et que la production selon les normes DIN EN est si importante, il existe maintenant 24 000 normes DIN. Les tests selon la norme DIN garantissent une norme de qualit\u00e9 qui est importante pour la plupart des consommateurs. C&#039;est pourquoi la plupart des fabricants travaillent selon les exigences de la norme DIN et s&#039;assurent ainsi que leurs produits sont certifi\u00e9s.<\/p><p>La norme DIN DIN EN 795 est donc une norme DIN qui a \u00e9t\u00e9 incluse dans le catalogue de normalisation de l&#039;UE et a re\u00e7u l&#039;ajout DIN EN.<\/p><p>Mais qu&#039;en est-il du nombre ? Que r\u00e9glemente exactement la norme DIN EN 795 ? Le num\u00e9ro d&#039;une norme DIN d\u00e9crit le domaine exact auquel se rapporte une norme. Il est \u00e9galement r\u00e9glement\u00e9 quels produits rel\u00e8vent du num\u00e9ro respectif de la norme DIN. Cela garantit qu&#039;une d\u00e9termination exacte est possible et quel type de produits elle comprend.<\/p><\/div>\n\t\t\t\t<\/div>\n\t\t\t\t\t\t\t<div class=\"elementor-accordion-item\">\n\t\t\t\t\t<h3 id=\"elementor-tab-title-2712\" class=\"elementor-tab-title\" data-tab=\"2\" role=\"button\" aria-controls=\"elementor-tab-content-2712\" aria-expanded=\"false\">\n\t\t\t\t\t\t\t\t\t\t\t\t\t<span class=\"elementor-accordion-icon elementor-accordion-icon-right\" aria-hidden=\"true\">\n\t\t\t\t\t\t\t\t\t\t\t\t\t\t\t<span class=\"elementor-accordion-icon-closed\"><svg class=\"e-font-icon-svg e-fas-plus\" viewbox=\"0 0 448 512\" xmlns=\"http:\/\/www.w3.org\/2000\/svg\"><path d=\"M416 208H272V64c0-17.67-14.33-32-32-32h-32c-17.67 0-32 14.33-32 32v144H32c-17.67 0-32 14.33-32 32v32c0 17.67 14.33 32 32 32h144v144c0 17.67 14.33 32 32 32h32c17.67 0 32-14.33 32-32V304h144c17.67 0 32-14.33 32-32v-32c0-17.67-14.33-32-32-32z\"><\/path><\/svg><\/span>\n\t\t\t\t\t\t\t\t<span class=\"elementor-accordion-icon-opened\"><svg class=\"e-font-icon-svg e-fas-minus\" viewbox=\"0 0 448 512\" xmlns=\"http:\/\/www.w3.org\/2000\/svg\"><path d=\"M416 208H32c-17.67 0-32 14.33-32 32v32c0 17.67 14.33 32 32 32h384c17.67 0 32-14.33 32-32v-32c0-17.67-14.33-32-32-32z\"><\/path><\/svg><\/span>\n\t\t\t\t\t\t\t\t\t\t\t\t\t\t<\/span>\n\t\t\t\t\t\t\t\t\t\t\t\t<a class=\"elementor-accordion-title\" tabindex=\"0\">Quelles exigences sont r\u00e9gies par la norme DIN EN 795 ?<\/a>\n\t\t\t\t\t<\/h3>\n\t\t\t\t\t<div id=\"elementor-tab-content-2712\" class=\"elementor-tab-content elementor-clearfix\" data-tab=\"2\" role=\"region\" aria-labelledby=\"elementor-tab-title-2712\"><p>La norme DIN EN 795 r\u00e9glemente donc les exigences qui doivent \u00eatre techniquement remplies pour tous les \u00e9quipements de chute individuelle et les dispositifs d&#039;ancrage. Les diff\u00e9rentes normes auxquelles doit r\u00e9pondre une protection individuelle contre les chutes ou un dispositif d&#039;ancrage sont donc d\u00e9finies dans la norme DIN EN 795. Cela inclut avant tout les charges qui doivent \u00eatre support\u00e9es et la hauteur des forces qui doivent \u00eatre transf\u00e9r\u00e9es \u00e0 la structure afin d&#039;assurer un niveau de s\u00e9curit\u00e9 \u00e9lev\u00e9.<\/p><p>Mais aussi les solutions techniques qui peuvent et doivent \u00eatre utilis\u00e9es sont r\u00e9glement\u00e9es dans la norme DIN EN 795. De cette fa\u00e7on, les normes sont sp\u00e9cifi\u00e9es qui sont techniquement s\u00fbres et offrent les meilleures solutions.<\/p><p>Il pr\u00e9cise \u00e9galement comment ces pr\u00e9requis sont v\u00e9rifi\u00e9s et ce qui est n\u00e9cessaire pour obtenir la certification selon DIN EN 795.<\/p><p>Ce n&#039;est que lorsque tous ces crit\u00e8res normalis\u00e9s sont remplis qu&#039;un dispositif de protection individuelle contre les chutes ou un dispositif d&#039;ancrage peut \u00eatre certifi\u00e9 selon la norme DIN EN 795.<\/p><p>La norme DIN EN 795 distingue 5 types diff\u00e9rents de protection antichute :<\/p><ul><li>Type A : points d&#039;ancrage individuels fermement connect\u00e9s au sous-sol, points d&#039;ancrage individuels permanents.<\/li><li>Type B : Points d&#039;attache temporaires qui peuvent \u00eatre compl\u00e8tement retir\u00e9s apr\u00e8s utilisation, c&#039;est-\u00e0-dire des points d&#039;attache mobiles.<\/li><li>Type C : syst\u00e8mes de ligne de vie.<\/li><li>Type D : syst\u00e8mes de s\u00e9curit\u00e9 ferroviaire.<\/li><li>Type E : dispositifs d&#039;ancrage maintenus par leur propre poids.<\/li><\/ul><p>En raison de l&#039;examen pr\u00e9cis des normes EN, une classification suppl\u00e9mentaire des types A, C et D est n\u00e9cessaire. Parce que ceux-ci ne font pas seulement partie de la protection individuelle contre les chutes, mais aussi fermement li\u00e9s \u00e0 un b\u00e2timent, une construction. Pour cette raison, la norme DIN EN 795 ne peut pas \u00eatre utilis\u00e9e comme norme suffisante pour ces constructions et n\u00e9cessite des tests suppl\u00e9mentaires. Pour cette raison, soit un permis de construire g\u00e9n\u00e9ral de l&#039;Institut allemand de la technologie du b\u00e2timent, soit un permis de l&#039;autorit\u00e9 nationale du b\u00e2timent est requis pour ces types.<\/p><\/div>\n\t\t\t\t<\/div>\n\t\t\t\t\t\t\t<div class=\"elementor-accordion-item\">\n\t\t\t\t\t<h3 id=\"elementor-tab-title-2713\" class=\"elementor-tab-title\" data-tab=\"3\" role=\"button\" aria-controls=\"elementor-tab-content-2713\" aria-expanded=\"false\">\n\t\t\t\t\t\t\t\t\t\t\t\t\t<span class=\"elementor-accordion-icon elementor-accordion-icon-right\" aria-hidden=\"true\">\n\t\t\t\t\t\t\t\t\t\t\t\t\t\t\t<span class=\"elementor-accordion-icon-closed\"><svg class=\"e-font-icon-svg e-fas-plus\" viewbox=\"0 0 448 512\" xmlns=\"http:\/\/www.w3.org\/2000\/svg\"><path d=\"M416 208H272V64c0-17.67-14.33-32-32-32h-32c-17.67 0-32 14.33-32 32v144H32c-17.67 0-32 14.33-32 32v32c0 17.67 14.33 32 32 32h144v144c0 17.67 14.33 32 32 32h32c17.67 0 32-14.33 32-32V304h144c17.67 0 32-14.33 32-32v-32c0-17.67-14.33-32-32-32z\"><\/path><\/svg><\/span>\n\t\t\t\t\t\t\t\t<span class=\"elementor-accordion-icon-opened\"><svg class=\"e-font-icon-svg e-fas-minus\" viewbox=\"0 0 448 512\" xmlns=\"http:\/\/www.w3.org\/2000\/svg\"><path d=\"M416 208H32c-17.67 0-32 14.33-32 32v32c0 17.67 14.33 32 32 32h384c17.67 0 32-14.33 32-32v-32c0-17.67-14.33-32-32-32z\"><\/path><\/svg><\/span>\n\t\t\t\t\t\t\t\t\t\t\t\t\t\t<\/span>\n\t\t\t\t\t\t\t\t\t\t\t\t<a class=\"elementor-accordion-title\" tabindex=\"0\">Quels sont les avantages de la norme DIN EN 795 ?<\/a>\n\t\t\t\t\t<\/h3>\n\t\t\t\t\t<div id=\"elementor-tab-content-2713\" class=\"elementor-tab-content elementor-clearfix\" data-tab=\"3\" role=\"region\" aria-labelledby=\"elementor-tab-title-2713\"><p>Les normes DIN EN offrent le grand avantage de cr\u00e9er une norme uniforme au sein de l&#039;UE. La qualit\u00e9 et la s\u00e9curit\u00e9 sont ainsi garanties et les produits certifi\u00e9s selon ces normes sont identifi\u00e9s comme standardis\u00e9s. Cela signifie qu&#039;en tant que consommateur, vous avez l&#039;avantage de savoir que vous achetez un produit de haute qualit\u00e9 ou que vous recevez un service produit conform\u00e9ment aux normes techniques et \u00e0 tous les aspects scientifiques. Une caract\u00e9ristique de haute qualit\u00e9 et de s\u00e9curit\u00e9 qui garantit la confiance.<\/p><p>Les fabricants ou les prestataires de services en profitent \u00e9galement, car la certification selon la norme DIN EN suscite exactement cela, la confiance envers les clients, qui investissent ensuite et reviennent sans cesse. Bien que la certification co\u00fbte initialement de l&#039;argent, elle est convaincante car elle permet aux clients de renforcer la s\u00e9curit\u00e9 et de promouvoir l&#039;entreprise.<\/p><\/div>\n\t\t\t\t<\/div>\n\t\t\t\t\t\t\t<div class=\"elementor-accordion-item\">\n\t\t\t\t\t<h3 id=\"elementor-tab-title-2714\" class=\"elementor-tab-title\" data-tab=\"4\" role=\"button\" aria-controls=\"elementor-tab-content-2714\" aria-expanded=\"false\">\n\t\t\t\t\t\t\t\t\t\t\t\t\t<span class=\"elementor-accordion-icon elementor-accordion-icon-right\" aria-hidden=\"true\">\n\t\t\t\t\t\t\t\t\t\t\t\t\t\t\t<span class=\"elementor-accordion-icon-closed\"><svg class=\"e-font-icon-svg e-fas-plus\" viewbox=\"0 0 448 512\" xmlns=\"http:\/\/www.w3.org\/2000\/svg\"><path d=\"M416 208H272V64c0-17.67-14.33-32-32-32h-32c-17.67 0-32 14.33-32 32v144H32c-17.67 0-32 14.33-32 32v32c0 17.67 14.33 32 32 32h144v144c0 17.67 14.33 32 32 32h32c17.67 0 32-14.33 32-32V304h144c17.67 0 32-14.33 32-32v-32c0-17.67-14.33-32-32-32z\"><\/path><\/svg><\/span>\n\t\t\t\t\t\t\t\t<span class=\"elementor-accordion-icon-opened\"><svg class=\"e-font-icon-svg e-fas-minus\" viewbox=\"0 0 448 512\" xmlns=\"http:\/\/www.w3.org\/2000\/svg\"><path d=\"M416 208H32c-17.67 0-32 14.33-32 32v32c0 17.67 14.33 32 32 32h384c17.67 0 32-14.33 32-32v-32c0-17.67-14.33-32-32-32z\"><\/path><\/svg><\/span>\n\t\t\t\t\t\t\t\t\t\t\t\t\t\t<\/span>\n\t\t\t\t\t\t\t\t\t\t\t\t<a class=\"elementor-accordion-title\" tabindex=\"0\">Pourquoi la norme DIN EN 795 est-elle si importante ?<\/a>\n\t\t\t\t\t<\/h3>\n\t\t\t\t\t<div id=\"elementor-tab-content-2714\" class=\"elementor-tab-content elementor-clearfix\" data-tab=\"4\" role=\"region\" aria-labelledby=\"elementor-tab-title-2714\"><p>La norme DIN EN 795 est tr\u00e8s importante en mati\u00e8re de s\u00e9curit\u00e9, car elle traite des \u00e9l\u00e9ments de protection contre les chutes, qui sont extr\u00eamement importants pour assurer la s\u00e9curit\u00e9 du travail et ainsi garantir la s\u00e9curit\u00e9 lors des travaux en hauteur. C&#039;est le seul moyen d&#039;assurer une bonne protection contre les chutes.<\/p><\/div>\n\t\t\t\t<\/div>\n\t\t\t\t\t\t\t\t<\/div>\n\t\t\t\t\t\t<\/div>\n\t\t\t\t<\/div>\n\t\t\t\t\t<\/div>\n\t\t<\/div>\n\t\t\t\t\t<\/div>\n\t\t<\/section>\n\t\t\t\t<\/div>","protected":false},"excerpt":{"rendered":"<p>Regeln und Normen DIN EN 795 DIN EN 795 Die europ\u00e4ische Norm EN 795 f\u00fcr \u201ePers\u00f6nliche Schutzausr\u00fcstung \u2013 Anschlageinrichtungen\u201c bestimmt die Anforderungen und Pr\u00fcfkriterien f\u00fcr Anschlageinrichtungen. Was ist die DIN EN 795? Wenn es um DIN-Normen geht, ist es zun\u00e4chst einmal wichtig zu wissen, was die DIN-Normen sind und wof\u00fcr diese eingesetzt werden. Da in [&hellip;]<\/p>\n","protected":false},"author":1,"featured_media":3683,"parent":1797,"menu_order":0,"comment_status":"closed","ping_status":"closed","template":"","meta":{"footnotes":""},"seiten_kategorie":[133],"class_list":["post-4058","page","type-page","status-publish","has-post-thumbnail","hentry","seiten_kategorie-wissen"],"_links":{"self":[{"href":"https:\/\/secupohl.com\/fr\/wp-json\/wp\/v2\/pages\/4058","targetHints":{"allow":["GET"]}}],"collection":[{"href":"https:\/\/secupohl.com\/fr\/wp-json\/wp\/v2\/pages"}],"about":[{"href":"https:\/\/secupohl.com\/fr\/wp-json\/wp\/v2\/types\/page"}],"author":[{"embeddable":true,"href":"https:\/\/secupohl.com\/fr\/wp-json\/wp\/v2\/users\/1"}],"replies":[{"embeddable":true,"href":"https:\/\/secupohl.com\/fr\/wp-json\/wp\/v2\/comments?post=4058"}],"version-history":[{"count":26,"href":"https:\/\/secupohl.com\/fr\/wp-json\/wp\/v2\/pages\/4058\/revisions"}],"predecessor-version":[{"id":5426,"href":"https:\/\/secupohl.com\/fr\/wp-json\/wp\/v2\/pages\/4058\/revisions\/5426"}],"up":[{"embeddable":true,"href":"https:\/\/secupohl.com\/fr\/wp-json\/wp\/v2\/pages\/1797"}],"wp:featuredmedia":[{"embeddable":true,"href":"https:\/\/secupohl.com\/fr\/wp-json\/wp\/v2\/media\/3683"}],"wp:attachment":[{"href":"https:\/\/secupohl.com\/fr\/wp-json\/wp\/v2\/media?parent=4058"}],"wp:term":[{"taxonomy":"seiten_kategorie","embeddable":true,"href":"https:\/\/secupohl.com\/fr\/wp-json\/wp\/v2\/seiten_kategorie?post=4058"}],"curies":[{"name":"wp","href":"https:\/\/api.w.org\/{rel}","templated":true}]}}