{"id":1833,"date":"2021-08-30T03:58:24","date_gmt":"2021-08-30T03:58:24","guid":{"rendered":"https:\/\/secupohl.com\/?page_id=1833"},"modified":"2024-10-29T16:00:23","modified_gmt":"2024-10-29T14:00:23","slug":"sekurant","status":"publish","type":"page","link":"https:\/\/secupohl.com\/fr\/wissen\/sekurant\/","title":{"rendered":"Securers \u300bcertifi\u00e9s et l&#039;original 1973"},"content":{"rendered":"<p><a tabindex=\"0\">Qu&#039;est-ce qu&#039;un gage ?<\/a><\/p>\n<p>Un ancrage est un point d&#039;attache utilis\u00e9 comme point de s\u00e9curit\u00e9 pour les syst\u00e8mes de s\u00e9curit\u00e9 personnelle lors de travaux en hauteur. Ce sont des produits qui sont fermement connect\u00e9s au b\u00e2timent. La plupart du temps, vous vous accrochez avec un \u0153illet, des sangles et des syst\u00e8mes de s\u00e9curit\u00e9. C&#039;est ainsi que les syst\u00e8mes de s\u00e9curit\u00e9 personnelle sont cr\u00e9\u00e9s pour les travailleurs qui doivent effectuer des travaux sp\u00e9ciaux en hauteur sur les toits.<\/p>\n<p><a href=\"https:\/\/www.skylotec.com\/eu_de\/glossar\/sekurant\/\" target=\"_blank\" rel=\"noopener\">Titulaires<\/a> sont des points d&#039;ancrage qui, en fonction du mat\u00e9riau et du type du syst\u00e8me de s\u00e9curit\u00e9 connect\u00e9, servent de points d&#039;ancrage et relient la protection antichute au b\u00e2timent et \u00e0 la structure. Un dispositif de s\u00e9curit\u00e9 doit \u00eatre compos\u00e9 de produits de haute qualit\u00e9, c&#039;est-\u00e0-dire de mat\u00e9riaux particuli\u00e8rement stables, et doit \u00eatre install\u00e9 de mani\u00e8re professionnelle. C\u2019est la seule fa\u00e7on de maintenir et de transf\u00e9rer la force n\u00e9cessaire \u00e0 la construction.<\/p>\n<p>Afin d&#039;assurer la s\u00e9curit\u00e9 n\u00e9cessaire, chaque ancrage est soumis \u00e0 des tests de s\u00e9curit\u00e9 sp\u00e9ciaux. Seuls des ancrages test\u00e9s peuvent \u00eatre utilis\u00e9s pour la protection contre les chutes en hauteur. Un agent de fixation doit \u00eatre s\u00e9lectionn\u00e9 de mani\u00e8re optimale pour le mat\u00e9riau respectif et \u00eatre \u00e9galement capable de transf\u00e9rer au moins 6 kilonewtons de force \u00e0 la structure.<\/p>\n<p><a tabindex=\"0\">A quoi servent les s\u00e9curisants ?<\/a><\/p>\n<p>Les ancrages servent de points d&#039;attache pour la protection individuelle contre les chutes. Surtout, ceux-ci prot\u00e8gent les groupes professionnels tels que les pompiers, les couvreurs, les grimpeurs industriels ou tous les autres travailleurs en hauteur des chutes. En effet, une protection antichute est impos\u00e9e par la loi pour les travaux d&#039;une hauteur de 1 m\u00e8tre dans les diff\u00e9rentes zones.<\/p>\n<ul>\n<li>Une protection antichute doit toujours \u00eatre utilis\u00e9e pour les travaux sur et au-dessus de l&#039;eau. La hauteur n&#039;a pas d&#039;importance ici.<\/li>\n<li>Pour les travaux sur voies de circulation, une protection antichute est prescrite \u00e0 partir d&#039;une hauteur de travail de 1 m\u00e8tre.<\/li>\n<li>Pour tous les autres travaux, une protection antichute doit \u00eatre utilis\u00e9e \u00e0 partir d&#039;une hauteur de 2 m\u00e8tres.<\/li>\n<\/ul>\n<p><a tabindex=\"0\">O\u00f9 est employ\u00e9 un s\u00e9culier ?<\/a><\/p>\n<p>Il existe de nombreux domaines de travail \u00e0 diff\u00e9rentes hauteurs. Les s\u00e9curisants sont principalement utilis\u00e9s sur les toits, les toits plats ou diverses machines et constructions. Cela signifie que diff\u00e9rents types de protection individuelle contre les chutes peuvent \u00eatre install\u00e9s et ainsi assurer la s\u00e9curit\u00e9 lors des travaux en hauteur.<\/p>\n<p>Parce que la s\u00e9curit\u00e9 joue un r\u00f4le important, surtout en hauteur. Les ancrages offrent diff\u00e9rentes options et variantes pour la protection contre les chutes sur les toits, les toits plats, les machines, dans les cages d&#039;escalier ouvertes ou \u00e0 d&#039;autres ouvertures murales.<\/p>\n<p><a tabindex=\"0\">Quels sont les diff\u00e9rents types d&#039;ancrage ?<\/a><\/p>\n<p>Selon le type de structure, le b\u00e2timent et le type de syst\u00e8me de s\u00e9curit\u00e9 utilis\u00e9, il existe diff\u00e9rents ancrages, \u00e9galement appel\u00e9s points d&#039;attache.<\/p>\n<p>Les ancres peuvent \u00eatre utilis\u00e9es comme points d&#039;ancrage individuels ; dans ce cas, les ancres individuelles ont un \u0153illet, qui sert alors de connexion avec le syst\u00e8me de s\u00e9curit\u00e9 personnelle et les sangles.<\/p>\n<p>Les ancrages peuvent \u00e9galement \u00eatre utilis\u00e9s comme points de fixation pour les syst\u00e8mes de c\u00e2bles ou de rails. Un c\u00e2ble m\u00e9tallique est plac\u00e9 sur les diff\u00e9rents ancrages. Les travailleurs connectent le syst\u00e8me de s\u00e9curit\u00e9 personnelle et peuvent ainsi agir de mani\u00e8re plus flexible et avoir une plus grande amplitude de mouvement. Cela s&#039;applique \u00e9galement aux syst\u00e8mes de rails dans lesquels un soi-disant curseur est install\u00e9, ce qui offre une plus grande amplitude de mouvement. Les ancrages et le syst\u00e8me respectif peuvent \u00e9galement \u00eatre install\u00e9s en hauteur et offrent ainsi encore plus de libert\u00e9 de mouvement.<\/p>\n<p>Les ancrages doivent \u00eatre choisis en fonction du sous-sol et du mat\u00e9riau du b\u00e2timent, de la construction, car la force n\u00e9cessaire ne peut \u00eatre absorb\u00e9e que si elles sont adapt\u00e9es au mat\u00e9riau respectif du sous-sol.<\/p>\n<p><a tabindex=\"0\">Quels sont les s\u00e9curisants les mieux adapt\u00e9s o\u00f9 ?<\/a><\/p>\n<p>Les s\u00e9curisants sont toujours utilis\u00e9s lorsqu&#039;une protection individuelle contre les chutes doit \u00eatre install\u00e9e. Les syst\u00e8mes de protection individuelle contre les chutes sont des syst\u00e8mes de s\u00e9curit\u00e9 con\u00e7us pour prot\u00e9ger les personnes contre les chutes ou pour les attraper.<\/p>\n<p>Les diff\u00e9rents ancrages sont adapt\u00e9s en fonction de l&#039;ouvrage et de la nature et de la structure du plan de travail. Surtout, il faut distinguer les ancrages permanents des ancrages temporaires.<\/p>\n<ul>\n<li>Les ancrages permanents sont principalement install\u00e9s sur les toits et les machines qui doivent \u00eatre entretenues ou nettoy\u00e9es maintes et maintes fois. De cette mani\u00e8re, la s\u00e9curit\u00e9 est garantie sur le long terme et l&#039;effort de s\u00e9curisation du montant est nettement moindre.<\/li>\n<li>Les ancrages temporaires peuvent toujours \u00eatre r\u00e9install\u00e9s et fix\u00e9s \u00e0 nouveau apr\u00e8s utilisation. Ici aussi, il existe diff\u00e9rentes variantes, des tr\u00e9pieds, des pinces et des ancrages qui fonctionnent avec leur propre poids font partie des ancrages temporaires. Ceux-ci sont principalement utilis\u00e9s par les pompiers ou les couvreurs. De cette fa\u00e7on, une bonne protection contre les chutes est assur\u00e9e m\u00eame \u00e0 des hauteurs auxquelles aucun travail n&#039;est effectu\u00e9 par ailleurs.<\/li>\n<\/ul>\n<p>Dans le cas contraire, les ancrages doivent \u00eatre adapt\u00e9s au sous-sol, au mat\u00e9riau sur lequel ils sont appliqu\u00e9s. Il existe \u00e9galement divers ancrages pour les syst\u00e8mes de corde et de rail respectifs, qui sont parfaitement adapt\u00e9s pour offrir plus de libert\u00e9 de mouvement pendant le travail.<\/p>\n<p><a tabindex=\"0\">Quelles sont les exigences l\u00e9gales pour s\u00e9curiser le personnel?<\/a><\/p>\n<p>Des s\u00e9curisants sont toujours n\u00e9cessaires lorsque des personnes doivent \u00eatre prot\u00e9g\u00e9es contre les chutes \u00e0 la hauteur prescrite.<\/p>\n<p>Les ancrages eux-m\u00eames doivent \u00eatre conformes aux normes DIN afin de pouvoir garantir la capacit\u00e9 de charge n\u00e9cessaire et donc la s\u00e9curit\u00e9.<\/p>\n<p>Les syst\u00e8mes de s\u00e9curit\u00e9 tels que les syst\u00e8mes de s\u00e9curit\u00e9 \u00e0 c\u00e2ble et les syst\u00e8mes de s\u00e9curit\u00e9 ferroviaire ainsi que les points de fixation individuels permanents sont solidement connect\u00e9s au b\u00e2timent et rel\u00e8vent donc des approbations g\u00e9n\u00e9rales de l&#039;inspection des b\u00e2timents. Ceux-ci doivent \u00eatre examin\u00e9s et approuv\u00e9s.<\/p>\n<p>Les ancrages temporaires, en revanche, rel\u00e8vent de la norme DIN EN 795 et doivent \u00eatre test\u00e9s et certifi\u00e9s conform\u00e9ment aux exigences de la norme. C&#039;est ainsi que la s\u00e9curit\u00e9 est garantie.<\/p>\n<p><a tabindex=\"0\">\u00c0 quelle fr\u00e9quence un gage doit-il \u00eatre contr\u00f4l\u00e9 ?<\/a><\/p>\n<p>Mais non seulement la certification du personnel de s\u00e9curit\u00e9 est importante, car une fois install\u00e9e, de nombreuses influences agissent sur le personnel de s\u00e9curit\u00e9, ce qui peut influencer la s\u00e9curit\u00e9 \u00e0 long terme. Cela comprend les charges, les forces pendant l&#039;utilisation, l&#039;usure, l&#039;usure du mat\u00e9riau, l&#039;usure du support et du mat\u00e9riau de fixation et les conditions m\u00e9t\u00e9orologiques de l&#039;espace ext\u00e9rieur.<\/p>\n<p>Afin que la s\u00e9curit\u00e9 puisse toujours \u00eatre garantie, des dispositions particuli\u00e8res s&#039;appliquent qui d\u00e9finissent les intervalles entre les contr\u00f4les du personnel de s\u00e9curit\u00e9.<\/p>\n<ul>\n<li>Les cautions doivent \u00eatre contr\u00f4l\u00e9es une fois par an. Tous les autres dispositifs de protection individuelle contre les chutes doivent \u00e9galement \u00eatre v\u00e9rifi\u00e9s une fois par an.<\/li>\n<li>Le contr\u00f4le ne peut \u00eatre effectu\u00e9 que par un expert sp\u00e9cialement form\u00e9 de l&#039;assurance-accidents l\u00e9gale allemande.<\/li>\n<\/ul>\n<p>La fonctionnalit\u00e9 et la s\u00e9curit\u00e9 compl\u00e8tes ne peuvent \u00eatre garanties que par l&#039;inspection annuelle. De plus, en cas de chute, l&#039;employeur a la responsabilit\u00e9 de prouver que tous les contr\u00f4les sont effectu\u00e9s correctement. Ceci est v\u00e9rifi\u00e9 m\u00e9ticuleusement dans un \u00e9v\u00e9nement assur\u00e9. C&#039;est le seul moyen de garantir une s\u00e9curit\u00e9 fiable des travaux en hauteur.<\/p>","protected":false},"excerpt":{"rendered":"<p>Was ist ein Sekurant? Ein Sekurant ist ein Anschlagspunkt, der f\u00fcr die Arbeiten in H\u00f6hen als Sicherungspunkt f\u00fcr pers\u00f6nliche Sicherungssysteme eingesetzt wird. Es handelt sich um Produkte, die fest mit dem Geb\u00e4ude verbunden sind. Meist hakt man sich mittels einer \u00d6se, Haltegurte und Sicherungssysteme ein. So entstehen pers\u00f6nliche Sicherungssysteme f\u00fcr Arbeiter, die in H\u00f6hen auf [&hellip;]<\/p>\n","protected":false},"author":1,"featured_media":2360,"parent":1797,"menu_order":0,"comment_status":"closed","ping_status":"closed","template":"","meta":{"footnotes":""},"seiten_kategorie":[133],"class_list":["post-1833","page","type-page","status-publish","has-post-thumbnail","hentry","seiten_kategorie-wissen"],"_links":{"self":[{"href":"https:\/\/secupohl.com\/fr\/wp-json\/wp\/v2\/pages\/1833","targetHints":{"allow":["GET"]}}],"collection":[{"href":"https:\/\/secupohl.com\/fr\/wp-json\/wp\/v2\/pages"}],"about":[{"href":"https:\/\/secupohl.com\/fr\/wp-json\/wp\/v2\/types\/page"}],"author":[{"embeddable":true,"href":"https:\/\/secupohl.com\/fr\/wp-json\/wp\/v2\/users\/1"}],"replies":[{"embeddable":true,"href":"https:\/\/secupohl.com\/fr\/wp-json\/wp\/v2\/comments?post=1833"}],"version-history":[{"count":35,"href":"https:\/\/secupohl.com\/fr\/wp-json\/wp\/v2\/pages\/1833\/revisions"}],"predecessor-version":[{"id":5490,"href":"https:\/\/secupohl.com\/fr\/wp-json\/wp\/v2\/pages\/1833\/revisions\/5490"}],"up":[{"embeddable":true,"href":"https:\/\/secupohl.com\/fr\/wp-json\/wp\/v2\/pages\/1797"}],"wp:featuredmedia":[{"embeddable":true,"href":"https:\/\/secupohl.com\/fr\/wp-json\/wp\/v2\/media\/2360"}],"wp:attachment":[{"href":"https:\/\/secupohl.com\/fr\/wp-json\/wp\/v2\/media?parent=1833"}],"wp:term":[{"taxonomy":"seiten_kategorie","embeddable":true,"href":"https:\/\/secupohl.com\/fr\/wp-json\/wp\/v2\/seiten_kategorie?post=1833"}],"curies":[{"name":"wp","href":"https:\/\/api.w.org\/{rel}","templated":true}]}}