{"id":1818,"date":"2021-08-30T03:28:03","date_gmt":"2021-08-30T03:28:03","guid":{"rendered":"https:\/\/secupohl.com\/?page_id=1818"},"modified":"2024-10-29T16:02:58","modified_gmt":"2024-10-29T14:02:58","slug":"flachdach-absturzsicherungen","status":"publish","type":"page","link":"https:\/\/secupohl.com\/fr\/wissen\/flachdach-absturzsicherungen\/","title":{"rendered":"Protection antichute pour toit plat"},"content":{"rendered":"<div data-elementor-type=\"wp-page\" data-elementor-id=\"1818\" class=\"elementor elementor-1818\" data-elementor-settings=\"{&quot;element_pack_global_tooltip_width&quot;:{&quot;unit&quot;:&quot;px&quot;,&quot;size&quot;:&quot;&quot;,&quot;sizes&quot;:[]},&quot;element_pack_global_tooltip_width_tablet&quot;:{&quot;unit&quot;:&quot;px&quot;,&quot;size&quot;:&quot;&quot;,&quot;sizes&quot;:[]},&quot;element_pack_global_tooltip_width_mobile&quot;:{&quot;unit&quot;:&quot;px&quot;,&quot;size&quot;:&quot;&quot;,&quot;sizes&quot;:[]},&quot;element_pack_global_tooltip_padding&quot;:{&quot;unit&quot;:&quot;px&quot;,&quot;top&quot;:&quot;&quot;,&quot;right&quot;:&quot;&quot;,&quot;bottom&quot;:&quot;&quot;,&quot;left&quot;:&quot;&quot;,&quot;isLinked&quot;:true},&quot;element_pack_global_tooltip_padding_tablet&quot;:{&quot;unit&quot;:&quot;px&quot;,&quot;top&quot;:&quot;&quot;,&quot;right&quot;:&quot;&quot;,&quot;bottom&quot;:&quot;&quot;,&quot;left&quot;:&quot;&quot;,&quot;isLinked&quot;:true},&quot;element_pack_global_tooltip_padding_mobile&quot;:{&quot;unit&quot;:&quot;px&quot;,&quot;top&quot;:&quot;&quot;,&quot;right&quot;:&quot;&quot;,&quot;bottom&quot;:&quot;&quot;,&quot;left&quot;:&quot;&quot;,&quot;isLinked&quot;:true},&quot;element_pack_global_tooltip_border_radius&quot;:{&quot;unit&quot;:&quot;px&quot;,&quot;top&quot;:&quot;&quot;,&quot;right&quot;:&quot;&quot;,&quot;bottom&quot;:&quot;&quot;,&quot;left&quot;:&quot;&quot;,&quot;isLinked&quot;:true},&quot;element_pack_global_tooltip_border_radius_tablet&quot;:{&quot;unit&quot;:&quot;px&quot;,&quot;top&quot;:&quot;&quot;,&quot;right&quot;:&quot;&quot;,&quot;bottom&quot;:&quot;&quot;,&quot;left&quot;:&quot;&quot;,&quot;isLinked&quot;:true},&quot;element_pack_global_tooltip_border_radius_mobile&quot;:{&quot;unit&quot;:&quot;px&quot;,&quot;top&quot;:&quot;&quot;,&quot;right&quot;:&quot;&quot;,&quot;bottom&quot;:&quot;&quot;,&quot;left&quot;:&quot;&quot;,&quot;isLinked&quot;:true}}\" data-elementor-post-type=\"page\">\n\t\t\t\t<div class=\"aux-parallax-section elementor-element elementor-element-4a9800f e-flex e-con-boxed e-con e-parent\" data-id=\"4a9800f\" data-element_type=\"container\" data-e-type=\"container\">\n\t\t\t\t\t<div class=\"e-con-inner\">\n\t\t\t\t<div class=\"elementor-element elementor-element-e053295 elementor-widget elementor-widget-heading\" data-id=\"e053295\" data-element_type=\"widget\" data-e-type=\"widget\" data-widget_type=\"heading.default\">\n\t\t\t\t<div class=\"elementor-widget-container\">\n\t\t\t\t\t<h2 class=\"elementor-heading-title elementor-size-default\"> tout ce qu&#039;il y a \u00e0 savoir<\/h2>\t\t\t\t<\/div>\n\t\t\t\t<\/div>\n\t\t\t\t<div class=\"elementor-element elementor-element-e95e488 elementor-widget elementor-widget-heading\" data-id=\"e95e488\" data-element_type=\"widget\" data-e-type=\"widget\" data-widget_type=\"heading.default\">\n\t\t\t\t<div class=\"elementor-widget-container\">\n\t\t\t\t\t<h1 class=\"elementor-heading-title elementor-size-default\">Protection antichute pour toit plat<\/h1>\t\t\t\t<\/div>\n\t\t\t\t<\/div>\n\t\t\t\t<div class=\"elementor-element elementor-element-af4856d elementor-widget__width-initial elementor-widget elementor-widget-text-editor\" data-id=\"af4856d\" data-element_type=\"widget\" data-e-type=\"widget\" data-widget_type=\"text-editor.default\">\n\t\t\t\t<div class=\"elementor-widget-container\">\n\t\t\t\t\t\t\t\t\t<p>La protection antichute pour toit plat fait partie de la s\u00e9curit\u00e9 au travail, qui est soumise \u00e0 des exigences l\u00e9gales et peut \u00eatre mise en \u0153uvre de diff\u00e9rentes mani\u00e8res. Ce qu&#039;il y a derri\u00e8re et ce qu&#039;il est important de savoir, nous allons le pr\u00e9ciser ici.<\/p>\t\t\t\t\t\t\t\t<\/div>\n\t\t\t\t<\/div>\n\t\t\t\t\t<\/div>\n\t\t\t\t<\/div>\n\t\t\t\t<section class=\"elementor-section elementor-top-section elementor-element elementor-element-3ac144e4 elementor-reverse-mobile elementor-section-boxed elementor-section-height-default elementor-section-height-default\" data-id=\"3ac144e4\" data-element_type=\"section\" data-e-type=\"section\" id=\"first\" data-settings=\"{&quot;background_background&quot;:&quot;classic&quot;}\">\n\t\t\t\t\t\t<div class=\"elementor-container elementor-column-gap-default\">\n\t\t\t\t\t<div class=\"aux-parallax-section elementor-column elementor-col-100 elementor-top-column elementor-element elementor-element-9f96f52\" data-id=\"9f96f52\" data-element_type=\"column\" data-e-type=\"column\">\n\t\t\t<div class=\"elementor-widget-wrap elementor-element-populated\">\n\t\t\t\t\t\t<div class=\"elementor-element elementor-element-73a8921f aux-appear-watch-animation aux-fade-in-up elementor-widget elementor-widget-accordion\" data-id=\"73a8921f\" data-element_type=\"widget\" data-e-type=\"widget\" data-widget_type=\"accordion.default\">\n\t\t\t\t<div class=\"elementor-widget-container\">\n\t\t\t\t\t\t\t<div class=\"elementor-accordion\">\n\t\t\t\t\t\t\t<div class=\"elementor-accordion-item\">\n\t\t\t\t\t<h3 id=\"elementor-tab-title-1941\" class=\"elementor-tab-title\" data-tab=\"1\" role=\"button\" aria-controls=\"elementor-tab-content-1941\" aria-expanded=\"false\">\n\t\t\t\t\t\t\t\t\t\t\t\t\t<span class=\"elementor-accordion-icon elementor-accordion-icon-right\" aria-hidden=\"true\">\n\t\t\t\t\t\t\t\t\t\t\t\t\t\t\t<span class=\"elementor-accordion-icon-closed\"><svg class=\"e-font-icon-svg e-fas-plus\" viewbox=\"0 0 448 512\" xmlns=\"http:\/\/www.w3.org\/2000\/svg\"><path d=\"M416 208H272V64c0-17.67-14.33-32-32-32h-32c-17.67 0-32 14.33-32 32v144H32c-17.67 0-32 14.33-32 32v32c0 17.67 14.33 32 32 32h144v144c0 17.67 14.33 32 32 32h32c17.67 0 32-14.33 32-32V304h144c17.67 0 32-14.33 32-32v-32c0-17.67-14.33-32-32-32z\"><\/path><\/svg><\/span>\n\t\t\t\t\t\t\t\t<span class=\"elementor-accordion-icon-opened\"><svg class=\"e-font-icon-svg e-fas-minus\" viewbox=\"0 0 448 512\" xmlns=\"http:\/\/www.w3.org\/2000\/svg\"><path d=\"M416 208H32c-17.67 0-32 14.33-32 32v32c0 17.67 14.33 32 32 32h384c17.67 0 32-14.33 32-32v-32c0-17.67-14.33-32-32-32z\"><\/path><\/svg><\/span>\n\t\t\t\t\t\t\t\t\t\t\t\t\t\t<\/span>\n\t\t\t\t\t\t\t\t\t\t\t\t<a class=\"elementor-accordion-title\" tabindex=\"0\">Que sont les syst\u00e8mes de protection contre les chutes pour toits plats ?<\/a>\n\t\t\t\t\t<\/h3>\n\t\t\t\t\t<div id=\"elementor-tab-content-1941\" class=\"elementor-tab-content elementor-clearfix\" data-tab=\"1\" role=\"region\" aria-labelledby=\"elementor-tab-title-1941\"><p>Les pompiers, les pr\u00e9pos\u00e9s \u00e0 l&#039;entretien ou l&#039;industrie de la construction, les plombiers ou les couvreurs travaillent souvent dans des zones sur un toit o\u00f9 le risque de chute est particuli\u00e8rement \u00e9lev\u00e9. C&#039;est pr\u00e9cis\u00e9ment dans ces zones que des dispositifs sont fix\u00e9s pour emp\u00eacher ou intercepter une chute. Cela augmente consid\u00e9rablement la s\u00e9curit\u00e9 au travail.<\/p><p>La protection antichute pour toit plat est g\u00e9n\u00e9ralement une vari\u00e9t\u00e9 de formes de protection qui sont soit fix\u00e9es sous forme de garde-corps devant les zones dangereuses, soit des syst\u00e8mes de s\u00e9curit\u00e9 individuels qui sont port\u00e9s par les personnes elles-m\u00eames et qui sont connect\u00e9s au toit plat.<\/p><p>Les syst\u00e8mes de protection contre les chutes pour toits plats sont divis\u00e9s en ces deux groupes. La protection antichute primaire, comme les garde-corps, et la protection antichute secondaire, comme les syst\u00e8mes de protection individuelle individuelle.<\/p><\/div>\n\t\t\t\t<\/div>\n\t\t\t\t\t\t\t<div class=\"elementor-accordion-item\">\n\t\t\t\t\t<h3 id=\"elementor-tab-title-1942\" class=\"elementor-tab-title\" data-tab=\"2\" role=\"button\" aria-controls=\"elementor-tab-content-1942\" aria-expanded=\"false\">\n\t\t\t\t\t\t\t\t\t\t\t\t\t<span class=\"elementor-accordion-icon elementor-accordion-icon-right\" aria-hidden=\"true\">\n\t\t\t\t\t\t\t\t\t\t\t\t\t\t\t<span class=\"elementor-accordion-icon-closed\"><svg class=\"e-font-icon-svg e-fas-plus\" viewbox=\"0 0 448 512\" xmlns=\"http:\/\/www.w3.org\/2000\/svg\"><path d=\"M416 208H272V64c0-17.67-14.33-32-32-32h-32c-17.67 0-32 14.33-32 32v144H32c-17.67 0-32 14.33-32 32v32c0 17.67 14.33 32 32 32h144v144c0 17.67 14.33 32 32 32h32c17.67 0 32-14.33 32-32V304h144c17.67 0 32-14.33 32-32v-32c0-17.67-14.33-32-32-32z\"><\/path><\/svg><\/span>\n\t\t\t\t\t\t\t\t<span class=\"elementor-accordion-icon-opened\"><svg class=\"e-font-icon-svg e-fas-minus\" viewbox=\"0 0 448 512\" xmlns=\"http:\/\/www.w3.org\/2000\/svg\"><path d=\"M416 208H32c-17.67 0-32 14.33-32 32v32c0 17.67 14.33 32 32 32h384c17.67 0 32-14.33 32-32v-32c0-17.67-14.33-32-32-32z\"><\/path><\/svg><\/span>\n\t\t\t\t\t\t\t\t\t\t\t\t\t\t<\/span>\n\t\t\t\t\t\t\t\t\t\t\t\t<a class=\"elementor-accordion-title\" tabindex=\"0\">A partir de quelle hauteur une protection antichute pour toit plat est-elle n\u00e9cessaire ?<\/a>\n\t\t\t\t\t<\/h3>\n\t\t\t\t\t<div id=\"elementor-tab-content-1942\" class=\"elementor-tab-content elementor-clearfix\" data-tab=\"2\" role=\"region\" aria-labelledby=\"elementor-tab-title-1942\"><p>Il existe des directives qui stipulent la hauteur \u00e0 partir de laquelle une protection de toit plat est fix\u00e9e. Il est important de consid\u00e9rer les diff\u00e9rents domaines et facteurs. Les exigences l\u00e9gales d\u00e9pendent \u00e9galement des conditions locales.<\/p><ul><li>Les travaux effectu\u00e9s sur un toit plat au-dessus ou \u00e0 proximit\u00e9 de l&#039;eau doivent toujours \u00eatre effectu\u00e9s avec un dispositif antichute pour toit plat. La hauteur ne joue aucun r\u00f4le dans ce travail. D&#039;autres substances liquides dans lesquelles on peut couler sont \u00e9galement soumises \u00e0 ces exigences.<\/li><li>Si des travaux sont effectu\u00e9s sur une cage d&#039;escalier ouverte ou d&#039;autres ouvertures murales, une protection contre les chutes doit \u00eatre utilis\u00e9e \u00e0 partir d&#039;une hauteur de 1 m\u00e8tre.<\/li><li>Pour tous les autres travaux dans les voies de circulation sur les toits, la hauteur de 3 m\u00e8tres s&#039;applique, \u00e0 partir de cette hauteur une protection antichute pour toit plat doit \u00eatre utilis\u00e9e. Cette r\u00e8gle s&#039;applique \u00e0 la plupart des travaux sur les toits plats.<\/li><li>Une protection antichute doit \u00eatre utilis\u00e9e pour tous les autres travaux \u00e0 partir d&#039;une hauteur de 2 m\u00e8tres.<\/li><\/ul><\/div>\n\t\t\t\t<\/div>\n\t\t\t\t\t\t\t<div class=\"elementor-accordion-item\">\n\t\t\t\t\t<h3 id=\"elementor-tab-title-1943\" class=\"elementor-tab-title\" data-tab=\"3\" role=\"button\" aria-controls=\"elementor-tab-content-1943\" aria-expanded=\"false\">\n\t\t\t\t\t\t\t\t\t\t\t\t\t<span class=\"elementor-accordion-icon elementor-accordion-icon-right\" aria-hidden=\"true\">\n\t\t\t\t\t\t\t\t\t\t\t\t\t\t\t<span class=\"elementor-accordion-icon-closed\"><svg class=\"e-font-icon-svg e-fas-plus\" viewbox=\"0 0 448 512\" xmlns=\"http:\/\/www.w3.org\/2000\/svg\"><path d=\"M416 208H272V64c0-17.67-14.33-32-32-32h-32c-17.67 0-32 14.33-32 32v144H32c-17.67 0-32 14.33-32 32v32c0 17.67 14.33 32 32 32h144v144c0 17.67 14.33 32 32 32h32c17.67 0 32-14.33 32-32V304h144c17.67 0 32-14.33 32-32v-32c0-17.67-14.33-32-32-32z\"><\/path><\/svg><\/span>\n\t\t\t\t\t\t\t\t<span class=\"elementor-accordion-icon-opened\"><svg class=\"e-font-icon-svg e-fas-minus\" viewbox=\"0 0 448 512\" xmlns=\"http:\/\/www.w3.org\/2000\/svg\"><path d=\"M416 208H32c-17.67 0-32 14.33-32 32v32c0 17.67 14.33 32 32 32h384c17.67 0 32-14.33 32-32v-32c0-17.67-14.33-32-32-32z\"><\/path><\/svg><\/span>\n\t\t\t\t\t\t\t\t\t\t\t\t\t\t<\/span>\n\t\t\t\t\t\t\t\t\t\t\t\t<a class=\"elementor-accordion-title\" tabindex=\"0\">Quels types de syst\u00e8mes de protection contre les chutes pour toits plats existe-t-il ?<\/a>\n\t\t\t\t\t<\/h3>\n\t\t\t\t\t<div id=\"elementor-tab-content-1943\" class=\"elementor-tab-content elementor-clearfix\" data-tab=\"3\" role=\"region\" aria-labelledby=\"elementor-tab-title-1943\"><p>Diff\u00e9rents syst\u00e8mes sont disponibles pour la protection contre les chutes des toits plats. En r\u00e8gle g\u00e9n\u00e9rale, le type de s\u00e9curit\u00e9 appropri\u00e9 d\u00e9pend de la nature du toit et du type de travail. D&#039;une mani\u00e8re g\u00e9n\u00e9rale, les diff\u00e9rents syst\u00e8mes de protection contre les chutes pour toits plats peuvent \u00eatre distingu\u00e9s comme suit :<\/p><ul><li><strong> Points d&#039;attache et ancrages<\/strong><\/li><\/ul><p>Ce sont des supports install\u00e9s en permanence dans lesquels une corde de s\u00e9curit\u00e9 peut \u00eatre verrouill\u00e9e. Cela signifie que le travailleur est s\u00e9curis\u00e9 et peut \u00eatre s\u00e9curis\u00e9 en cas de chute. Dans cette variante, cependant, la mobilit\u00e9 de l&#039;ouvrage est orient\u00e9e vers les points d&#039;attache. Tout le toit peut \u00eatre couvert et plusieurs personnes peuvent travailler en m\u00eame temps.<\/p><ul><li><strong> Syst\u00e8mes de corde<\/strong><\/li><\/ul><p>Avec cette variante, un syst\u00e8me de corde est install\u00e9 sur le toit, les ouvriers peuvent se pendre avec les ceintures de s\u00e9curit\u00e9 individuelles et sont ainsi s\u00e9curis\u00e9s. Selon la mani\u00e8re dont le syst\u00e8me de c\u00e2bles est fix\u00e9, cela peut \u00e9galement avoir lieu en hauteur, ce qui permet \u00e9galement un travail horizontal.<\/p><ul><li><strong> Syst\u00e8mes de terrain<\/strong><\/li><\/ul><p>Les garde-corps sont le meilleur moyen de s\u00e9curiser les bords de la chute.<\/p><\/div>\n\t\t\t\t<\/div>\n\t\t\t\t\t\t\t<div class=\"elementor-accordion-item\">\n\t\t\t\t\t<h3 id=\"elementor-tab-title-1944\" class=\"elementor-tab-title\" data-tab=\"4\" role=\"button\" aria-controls=\"elementor-tab-content-1944\" aria-expanded=\"false\">\n\t\t\t\t\t\t\t\t\t\t\t\t\t<span class=\"elementor-accordion-icon elementor-accordion-icon-right\" aria-hidden=\"true\">\n\t\t\t\t\t\t\t\t\t\t\t\t\t\t\t<span class=\"elementor-accordion-icon-closed\"><svg class=\"e-font-icon-svg e-fas-plus\" viewbox=\"0 0 448 512\" xmlns=\"http:\/\/www.w3.org\/2000\/svg\"><path d=\"M416 208H272V64c0-17.67-14.33-32-32-32h-32c-17.67 0-32 14.33-32 32v144H32c-17.67 0-32 14.33-32 32v32c0 17.67 14.33 32 32 32h144v144c0 17.67 14.33 32 32 32h32c17.67 0 32-14.33 32-32V304h144c17.67 0 32-14.33 32-32v-32c0-17.67-14.33-32-32-32z\"><\/path><\/svg><\/span>\n\t\t\t\t\t\t\t\t<span class=\"elementor-accordion-icon-opened\"><svg class=\"e-font-icon-svg e-fas-minus\" viewbox=\"0 0 448 512\" xmlns=\"http:\/\/www.w3.org\/2000\/svg\"><path d=\"M416 208H32c-17.67 0-32 14.33-32 32v32c0 17.67 14.33 32 32 32h384c17.67 0 32-14.33 32-32v-32c0-17.67-14.33-32-32-32z\"><\/path><\/svg><\/span>\n\t\t\t\t\t\t\t\t\t\t\t\t\t\t<\/span>\n\t\t\t\t\t\t\t\t\t\t\t\t<a class=\"elementor-accordion-title\" tabindex=\"0\">Est-il facile de moderniser les syst\u00e8mes de protection contre les chutes sur les toits plats ?<\/a>\n\t\t\t\t\t<\/h3>\n\t\t\t\t\t<div id=\"elementor-tab-content-1944\" class=\"elementor-tab-content elementor-clearfix\" data-tab=\"4\" role=\"region\" aria-labelledby=\"elementor-tab-title-1944\"><p>La mise \u00e0 niveau des dispositifs de protection contre les chutes pour toits plats est toujours possible. L&#039;importance de l&#039;effort d\u00e9pend des circonstances et de l&#039;\u00e9tat du toit plat.<\/p><p>En g\u00e9n\u00e9ral, une protection antichute doit \u00eatre disponible quelle que soit la hauteur si :<\/p><ul><li>Des travaux sur et au-dessus de l&#039;eau ont lieu.<\/li><li>Des travaux sur et sur d&#039;autres substances liquides ont lieu.<\/li><\/ul><p>De plus, la r\u00e9glementation prescrit des informations sur la hauteur telles que :<\/p><ul><li>Dans les ouvertures murales ou les cages d&#039;escalier ouvertes, \u00e0 partir d&#039;une hauteur de 1 m\u00e8tre.<\/li><li>Dans toutes les autres zones \u00e0 partir d&#039;une hauteur de travail de 2 m\u00e8tres.<\/li><\/ul><p>Comme d\u00e9j\u00e0 mentionn\u00e9, les r\u00e8gles de hauteur ne sont pas stipul\u00e9es, mais peuvent \u00e9galement \u00eatre influenc\u00e9es par d&#039;autres facteurs. Les facteurs qui peuvent affecter le besoin de protection contre les chutes comprennent\u00a0:<\/p><ul><li>la diff\u00e9rence d&#039;altitude<\/li><li>la distance jusqu&#039;au bord de la chute<\/li><li>la nature du sous-sol<\/li><li>combien de personnes doivent \u00eatre prot\u00e9g\u00e9es<\/li><li>le sol sous le bord de la chute<\/li><\/ul><\/div>\n\t\t\t\t<\/div>\n\t\t\t\t\t\t\t\t<\/div>\n\t\t\t\t\t\t<\/div>\n\t\t\t\t<\/div>\n\t\t\t\t\t<\/div>\n\t\t<\/div>\n\t\t\t\t\t<\/div>\n\t\t<\/section>\n\t\t\t\t<\/div>","protected":false},"excerpt":{"rendered":"<p>alles, was es zu wissen gibt Flachdach Absturzsicherungen Flachdach Absturzsicherungen geh\u00f6ren zum Arbeitsschutz, der gesetzlichen Vorgaben unterliegt und auf viele verschiedene Weisen umsetzbar ist. Was steckt dahinter und was gilt es zu wissen, das kl\u00e4ren wir hier. Was sind Flachdach Absturzsicherungen? Feuerwehrleute, Mitarbeiter der Wartung oder der Bauindustrie, Installateure oder Dachdecker arbeiten oft in Bereichen [&hellip;]<\/p>\n","protected":false},"author":1,"featured_media":3683,"parent":1797,"menu_order":0,"comment_status":"closed","ping_status":"closed","template":"","meta":{"footnotes":""},"seiten_kategorie":[133],"class_list":["post-1818","page","type-page","status-publish","has-post-thumbnail","hentry","seiten_kategorie-wissen"],"_links":{"self":[{"href":"https:\/\/secupohl.com\/fr\/wp-json\/wp\/v2\/pages\/1818","targetHints":{"allow":["GET"]}}],"collection":[{"href":"https:\/\/secupohl.com\/fr\/wp-json\/wp\/v2\/pages"}],"about":[{"href":"https:\/\/secupohl.com\/fr\/wp-json\/wp\/v2\/types\/page"}],"author":[{"embeddable":true,"href":"https:\/\/secupohl.com\/fr\/wp-json\/wp\/v2\/users\/1"}],"replies":[{"embeddable":true,"href":"https:\/\/secupohl.com\/fr\/wp-json\/wp\/v2\/comments?post=1818"}],"version-history":[{"count":36,"href":"https:\/\/secupohl.com\/fr\/wp-json\/wp\/v2\/pages\/1818\/revisions"}],"predecessor-version":[{"id":5497,"href":"https:\/\/secupohl.com\/fr\/wp-json\/wp\/v2\/pages\/1818\/revisions\/5497"}],"up":[{"embeddable":true,"href":"https:\/\/secupohl.com\/fr\/wp-json\/wp\/v2\/pages\/1797"}],"wp:featuredmedia":[{"embeddable":true,"href":"https:\/\/secupohl.com\/fr\/wp-json\/wp\/v2\/media\/3683"}],"wp:attachment":[{"href":"https:\/\/secupohl.com\/fr\/wp-json\/wp\/v2\/media?parent=1818"}],"wp:term":[{"taxonomy":"seiten_kategorie","embeddable":true,"href":"https:\/\/secupohl.com\/fr\/wp-json\/wp\/v2\/seiten_kategorie?post=1818"}],"curies":[{"name":"wp","href":"https:\/\/api.w.org\/{rel}","templated":true}]}}