{"id":1797,"date":"2021-08-30T02:56:31","date_gmt":"2021-08-30T02:56:31","guid":{"rendered":"https:\/\/secupohl.com\/?page_id=1797"},"modified":"2024-02-16T03:35:05","modified_gmt":"2024-02-16T01:35:05","slug":"wissen","status":"publish","type":"page","link":"https:\/\/secupohl.com\/fr\/wissen\/","title":{"rendered":"connaissance"},"content":{"rendered":"<div data-elementor-type=\"wp-page\" data-elementor-id=\"1797\" class=\"elementor elementor-1797\" data-elementor-settings=\"{&quot;element_pack_global_tooltip_width&quot;:{&quot;unit&quot;:&quot;px&quot;,&quot;size&quot;:&quot;&quot;,&quot;sizes&quot;:[]},&quot;element_pack_global_tooltip_width_tablet&quot;:{&quot;unit&quot;:&quot;px&quot;,&quot;size&quot;:&quot;&quot;,&quot;sizes&quot;:[]},&quot;element_pack_global_tooltip_width_mobile&quot;:{&quot;unit&quot;:&quot;px&quot;,&quot;size&quot;:&quot;&quot;,&quot;sizes&quot;:[]},&quot;element_pack_global_tooltip_padding&quot;:{&quot;unit&quot;:&quot;px&quot;,&quot;top&quot;:&quot;&quot;,&quot;right&quot;:&quot;&quot;,&quot;bottom&quot;:&quot;&quot;,&quot;left&quot;:&quot;&quot;,&quot;isLinked&quot;:true},&quot;element_pack_global_tooltip_padding_tablet&quot;:{&quot;unit&quot;:&quot;px&quot;,&quot;top&quot;:&quot;&quot;,&quot;right&quot;:&quot;&quot;,&quot;bottom&quot;:&quot;&quot;,&quot;left&quot;:&quot;&quot;,&quot;isLinked&quot;:true},&quot;element_pack_global_tooltip_padding_mobile&quot;:{&quot;unit&quot;:&quot;px&quot;,&quot;top&quot;:&quot;&quot;,&quot;right&quot;:&quot;&quot;,&quot;bottom&quot;:&quot;&quot;,&quot;left&quot;:&quot;&quot;,&quot;isLinked&quot;:true},&quot;element_pack_global_tooltip_border_radius&quot;:{&quot;unit&quot;:&quot;px&quot;,&quot;top&quot;:&quot;&quot;,&quot;right&quot;:&quot;&quot;,&quot;bottom&quot;:&quot;&quot;,&quot;left&quot;:&quot;&quot;,&quot;isLinked&quot;:true},&quot;element_pack_global_tooltip_border_radius_tablet&quot;:{&quot;unit&quot;:&quot;px&quot;,&quot;top&quot;:&quot;&quot;,&quot;right&quot;:&quot;&quot;,&quot;bottom&quot;:&quot;&quot;,&quot;left&quot;:&quot;&quot;,&quot;isLinked&quot;:true},&quot;element_pack_global_tooltip_border_radius_mobile&quot;:{&quot;unit&quot;:&quot;px&quot;,&quot;top&quot;:&quot;&quot;,&quot;right&quot;:&quot;&quot;,&quot;bottom&quot;:&quot;&quot;,&quot;left&quot;:&quot;&quot;,&quot;isLinked&quot;:true}}\" data-elementor-post-type=\"page\">\n\t\t\t\t<div class=\"aux-parallax-section elementor-element elementor-element-dc79453 e-flex e-con-boxed e-con e-parent\" data-id=\"dc79453\" data-element_type=\"container\" data-e-type=\"container\">\n\t\t\t\t\t<div class=\"e-con-inner\">\n\t\t\t\t<div class=\"elementor-element elementor-element-94318e1 elementor-widget elementor-widget-heading\" data-id=\"94318e1\" data-element_type=\"widget\" data-e-type=\"widget\" data-widget_type=\"heading.default\">\n\t\t\t\t<div class=\"elementor-widget-container\">\n\t\t\t\t\t<h2 class=\"elementor-heading-title elementor-size-default\">Tu n&#039;arr\u00eates jamais d&#039;apprendre<\/h2>\t\t\t\t<\/div>\n\t\t\t\t<\/div>\n\t\t\t\t<div class=\"elementor-element elementor-element-cd2cab0 elementor-widget elementor-widget-heading\" data-id=\"cd2cab0\" data-element_type=\"widget\" data-e-type=\"widget\" data-widget_type=\"heading.default\">\n\t\t\t\t<div class=\"elementor-widget-container\">\n\t\t\t\t\t<h1 class=\"elementor-heading-title elementor-size-default\">Tout sur la protection contre les chutes<\/h1>\t\t\t\t<\/div>\n\t\t\t\t<\/div>\n\t\t\t\t<div class=\"elementor-element elementor-element-14bc589 elementor-widget__width-initial elementor-widget elementor-widget-text-editor\" data-id=\"14bc589\" data-element_type=\"widget\" data-e-type=\"widget\" data-widget_type=\"text-editor.default\">\n\t\t\t\t<div class=\"elementor-widget-container\">\n\t\t\t\t\t\t\t\t\t<p>Termes et faits relatifs \u00e0 la protection contre les chutes simplement expliqu\u00e9s par des professionnels. Les exemples sont les connaissances g\u00e9n\u00e9rales sur les EPI, la protection en hauteur, les syst\u00e8mes de garde-corps et bien plus encore.<\/p>\t\t\t\t\t\t\t\t<\/div>\n\t\t\t\t<\/div>\n\t\t\t\t\t<\/div>\n\t\t\t\t<\/div>\n\t\t<div class=\"aux-parallax-section elementor-element elementor-element-0cf8f5e e-flex e-con-boxed e-con e-parent\" data-id=\"0cf8f5e\" data-element_type=\"container\" data-e-type=\"container\">\n\t\t\t\t\t<div class=\"e-con-inner\">\n\t\t\t\t<div class=\"elementor-element elementor-element-218d6ab elementor-widget elementor-widget-bdt-post-grid\" data-id=\"218d6ab\" data-element_type=\"widget\" data-e-type=\"widget\" data-widget_type=\"bdt-post-grid.bdt-paddle\">\n\t\t\t\t<div class=\"elementor-widget-container\">\n\t\t\t\t\t \n\t\t<div id=\"bdt-post-grid-218d6ab\" class=\"bdt-post-grid bdt-post-grid-skin-default\">\n\t  \t\t<div class=\"bdt-grid bdt-grid-small\" data-bdt-grid>\n\n\t\t\t\t\t\t  \t\t\t<div class=\"bdt-width-1-2@m bdt-primary\">\n\t\t\t\t\t\t\t\t<div class=\"bdt-post-grid-item bdt-transition-toggle bdt-position-relative\">\n\n\t\t\t<div class=\"bdt-post-grid-img-wrap bdt-overflow-hidden\">\n\t\t\t\t<a href=\"https:\/\/secupohl.com\/fr\/wissen\/absturzsicherung\/\" class=\"bdt-transition-scale-up bdt-background-cover bdt-transition-opaque bdt-flex\" title=\"\u300bCertifi\u00e9 antichute et assemblage facile\" style=\"background-image: url(https:\/\/secupohl.com\/wp-content\/uploads\/2021\/09\/Kloubert_Secupohl_135_verlangert-300x300.jpg)\">\n  \t\t\t\t<\/a>\n\t\t\t<\/div>\n\t\t\t<div class=\"bdt-custom-overlay bdt-position-cover\"><\/div>\n\n\t\t\t<div class=\"bdt-post-grid-desc bdt-position-medium bdt-position-bottom-left\">\n\n\t\t\t\t<h3 class=\"bdt-post-grid-title\">\n\t\t\t\t<a href=\"https:\/\/secupohl.com\/fr\/wissen\/absturzsicherung\/\" class=\"bdt-post-grid-link\" title=\"\u300bCertifi\u00e9 antichute et assemblage facile\">\n\t\t\t\t\t\u300bCertifi\u00e9 antichute et assemblage facile\n\t\t\t\t<\/a>\n\t\t\t<\/h3>\n\t\t\t\t\n\t\t\t\t\t\t\t\t\n\t\t\t<\/div>\n\n\t\t\t\n\t\t<\/div>\n\t\t\t\t\t\t\t<\/div>\n\n\t\t\t\t\t\t  \t\t\t<div class=\"bdt-width-1-2@m bdt-primary\">\n\t\t\t\t\t\t\t\t<div class=\"bdt-post-grid-item bdt-transition-toggle bdt-position-relative\">\n\n\t\t\t<div class=\"bdt-post-grid-img-wrap bdt-overflow-hidden\">\n\t\t\t\t<a href=\"https:\/\/secupohl.com\/fr\/wissen\/absturzsicherungen-dach\/\" class=\"bdt-transition-scale-up bdt-background-cover bdt-transition-opaque bdt-flex\" title=\"Toit antichute s\u00e9curis\u00e9\" style=\"background-image: url(https:\/\/secupohl.com\/wp-content\/uploads\/2021\/10\/DWSPohl-Produktion-2016-07_109_Secupoint-300x300.jpg)\">\n  \t\t\t\t<\/a>\n\t\t\t<\/div>\n\t\t\t<div class=\"bdt-custom-overlay bdt-position-cover\"><\/div>\n\n\t\t\t<div class=\"bdt-post-grid-desc bdt-position-medium bdt-position-bottom-left\">\n\n\t\t\t\t<h3 class=\"bdt-post-grid-title\">\n\t\t\t\t<a href=\"https:\/\/secupohl.com\/fr\/wissen\/absturzsicherungen-dach\/\" class=\"bdt-post-grid-link\" title=\"Toit antichute s\u00e9curis\u00e9\">\n\t\t\t\t\tToit antichute s\u00e9curis\u00e9\n\t\t\t\t<\/a>\n\t\t\t<\/h3>\n\t\t\t\t\n\t\t\t\t\t\t\t\t\n\t\t\t<\/div>\n\n\t\t\t\n\t\t<\/div>\n\t\t\t\t\t\t\t<\/div>\n\n\t\t\t\t\t\t  \t\t\t<div class=\"bdt-width-1-3@m bdt-secondary\">\n\t\t\t\t\t\t\t\t<div class=\"bdt-post-grid-item bdt-transition-toggle bdt-position-relative\">\n\n\t\t\t<div class=\"bdt-post-grid-img-wrap bdt-overflow-hidden\">\n\t\t\t\t<a href=\"https:\/\/secupohl.com\/fr\/wissen\/flachdach-absturzsicherungen\/\" class=\"bdt-transition-scale-up bdt-background-cover bdt-transition-opaque bdt-flex\" title=\"Protection antichute pour toit plat\" style=\"background-image: url(https:\/\/secupohl.com\/wp-content\/uploads\/2021\/10\/DWSPohl-Produktion-2016-07_109_Secupoint-300x300.jpg)\">\n  \t\t\t\t<\/a>\n\t\t\t<\/div>\n\t\t\t<div class=\"bdt-custom-overlay bdt-position-cover\"><\/div>\n\n\t\t\t<div class=\"bdt-post-grid-desc bdt-position-medium bdt-position-bottom-left\">\n\n\t\t\t\t<h3 class=\"bdt-post-grid-title\">\n\t\t\t\t<a href=\"https:\/\/secupohl.com\/fr\/wissen\/flachdach-absturzsicherungen\/\" class=\"bdt-post-grid-link\" title=\"Protection antichute pour toit plat\">\n\t\t\t\t\tProtection antichute pour toit plat\n\t\t\t\t<\/a>\n\t\t\t<\/h3>\n\t\t\t\t\n\t\t\t\t\t\t\t\t\n\t\t\t<\/div>\n\n\t\t\t\n\t\t<\/div>\n\t\t\t\t\t\t\t<\/div>\n\n\t\t\t\t\t\t  \t\t\t<div class=\"bdt-width-1-3@m bdt-secondary\">\n\t\t\t\t\t\t\t\t<div class=\"bdt-post-grid-item bdt-transition-toggle bdt-position-relative\">\n\n\t\t\t<div class=\"bdt-post-grid-img-wrap bdt-overflow-hidden\">\n\t\t\t\t<a href=\"https:\/\/secupohl.com\/fr\/wissen\/hoehensicherungsgeraete\/\" class=\"bdt-transition-scale-up bdt-background-cover bdt-transition-opaque bdt-flex\" title=\"S\u00e9curit\u00e9s sp\u00e9ciales hauteur\" style=\"background-image: url(https:\/\/secupohl.com\/wp-content\/uploads\/2021\/08\/HWS_6_front_DE_08052017_754-X-503-300x300.png)\">\n  \t\t\t\t<\/a>\n\t\t\t<\/div>\n\t\t\t<div class=\"bdt-custom-overlay bdt-position-cover\"><\/div>\n\n\t\t\t<div class=\"bdt-post-grid-desc bdt-position-medium bdt-position-bottom-left\">\n\n\t\t\t\t<h3 class=\"bdt-post-grid-title\">\n\t\t\t\t<a href=\"https:\/\/secupohl.com\/fr\/wissen\/hoehensicherungsgeraete\/\" class=\"bdt-post-grid-link\" title=\"S\u00e9curit\u00e9s sp\u00e9ciales hauteur\">\n\t\t\t\t\tS\u00e9curit\u00e9s sp\u00e9ciales hauteur\n\t\t\t\t<\/a>\n\t\t\t<\/h3>\n\t\t\t\t\n\t\t\t\t\t\t\t\t\n\t\t\t<\/div>\n\n\t\t\t\n\t\t<\/div>\n\t\t\t\t\t\t\t<\/div>\n\n\t\t\t\t\t\t  \t\t\t<div class=\"bdt-width-1-3@m bdt-secondary\">\n\t\t\t\t\t\t\t\t<div class=\"bdt-post-grid-item bdt-transition-toggle bdt-position-relative\">\n\n\t\t\t<div class=\"bdt-post-grid-img-wrap bdt-overflow-hidden\">\n\t\t\t\t<a href=\"https:\/\/secupohl.com\/fr\/wissen\/sekurant\/\" class=\"bdt-transition-scale-up bdt-background-cover bdt-transition-opaque bdt-flex\" title=\"Securers \u300bcertifi\u00e9s et l&#039;original 1973\" style=\"background-image: url(https:\/\/secupohl.com\/wp-content\/uploads\/2021\/09\/DWSPohl-Produktion-2016-07_137_bearbeitet_oManschette-300x300.jpg)\">\n  \t\t\t\t<\/a>\n\t\t\t<\/div>\n\t\t\t<div class=\"bdt-custom-overlay bdt-position-cover\"><\/div>\n\n\t\t\t<div class=\"bdt-post-grid-desc bdt-position-medium bdt-position-bottom-left\">\n\n\t\t\t\t<h3 class=\"bdt-post-grid-title\">\n\t\t\t\t<a href=\"https:\/\/secupohl.com\/fr\/wissen\/sekurant\/\" class=\"bdt-post-grid-link\" title=\"Securers \u300bcertifi\u00e9s et l&#039;original 1973\">\n\t\t\t\t\tSecurers \u300bcertifi\u00e9s et l&#039;original 1973\n\t\t\t\t<\/a>\n\t\t\t<\/h3>\n\t\t\t\t\n\t\t\t\t\t\t\t\t\n\t\t\t<\/div>\n\n\t\t\t\n\t\t<\/div>\n\t\t\t\t\t\t\t<\/div>\n\n\t\t\t\t\t\t  \t\t\t<div class=\"bdt-width-1-2@m bdt-primary\">\n\t\t\t\t\t\t\t\t<div class=\"bdt-post-grid-item bdt-transition-toggle bdt-position-relative\">\n\n\t\t\t<div class=\"bdt-post-grid-img-wrap bdt-overflow-hidden\">\n\t\t\t\t<a href=\"https:\/\/secupohl.com\/fr\/wissen\/gelaendersysteme\/\" class=\"bdt-transition-scale-up bdt-background-cover bdt-transition-opaque bdt-flex\" title=\"Syst\u00e8mes de garde-corps \u300bAssemblage certifi\u00e9 et facile\" style=\"background-image: url(https:\/\/secupohl.com\/wp-content\/uploads\/2021\/09\/IMGP0364_bearb-300x300.jpg)\">\n  \t\t\t\t<\/a>\n\t\t\t<\/div>\n\t\t\t<div class=\"bdt-custom-overlay bdt-position-cover\"><\/div>\n\n\t\t\t<div class=\"bdt-post-grid-desc bdt-position-medium bdt-position-bottom-left\">\n\n\t\t\t\t<h3 class=\"bdt-post-grid-title\">\n\t\t\t\t<a href=\"https:\/\/secupohl.com\/fr\/wissen\/gelaendersysteme\/\" class=\"bdt-post-grid-link\" title=\"Syst\u00e8mes de garde-corps \u300bAssemblage certifi\u00e9 et facile\">\n\t\t\t\t\tSyst\u00e8mes de garde-corps \u300bAssemblage certifi\u00e9 et facile\n\t\t\t\t<\/a>\n\t\t\t<\/h3>\n\t\t\t\t\n\t\t\t\t\t\t\t\t\n\t\t\t<\/div>\n\n\t\t\t\n\t\t<\/div>\n\t\t\t\t\t\t\t<\/div>\n\n\t\t\t\t\t\t  \t\t\t<div class=\"bdt-width-1-2@m bdt-primary\">\n\t\t\t\t\t\t\t\t<div class=\"bdt-post-grid-item bdt-transition-toggle bdt-position-relative\">\n\n\t\t\t<div class=\"bdt-post-grid-img-wrap bdt-overflow-hidden\">\n\t\t\t\t<a href=\"https:\/\/secupohl.com\/fr\/wissen\/din-en-795\/\" class=\"bdt-transition-scale-up bdt-background-cover bdt-transition-opaque bdt-flex\" title=\"DIN EN 795 \u300bExigences expliqu\u00e9es simplement\" style=\"background-image: url(https:\/\/secupohl.com\/wp-content\/uploads\/2021\/10\/DWSPohl-Produktion-2016-07_109_Secupoint-300x300.jpg)\">\n  \t\t\t\t<\/a>\n\t\t\t<\/div>\n\t\t\t<div class=\"bdt-custom-overlay bdt-position-cover\"><\/div>\n\n\t\t\t<div class=\"bdt-post-grid-desc bdt-position-medium bdt-position-bottom-left\">\n\n\t\t\t\t<h3 class=\"bdt-post-grid-title\">\n\t\t\t\t<a href=\"https:\/\/secupohl.com\/fr\/wissen\/din-en-795\/\" class=\"bdt-post-grid-link\" title=\"DIN EN 795 \u300bExigences expliqu\u00e9es simplement\">\n\t\t\t\t\tDIN EN 795 \u300bExigences expliqu\u00e9es simplement\n\t\t\t\t<\/a>\n\t\t\t<\/h3>\n\t\t\t\t\n\t\t\t\t\t\t\t\t\n\t\t\t<\/div>\n\n\t\t\t\n\t\t<\/div>\n\t\t\t\t\t\t\t<\/div>\n\n\t\t\t\t\t\t  \t\t\t<div class=\"bdt-width-1-3@m bdt-secondary\">\n\t\t\t\t\t\t\t\t<div class=\"bdt-post-grid-item bdt-transition-toggle bdt-position-relative\">\n\n\t\t\t<div class=\"bdt-post-grid-img-wrap bdt-overflow-hidden\">\n\t\t\t\t<a href=\"https:\/\/secupohl.com\/fr\/wissen\/seilsicherungssystem\/\" class=\"bdt-transition-scale-up bdt-background-cover bdt-transition-opaque bdt-flex\" title=\"Syst\u00e8mes de ligne de vie \u300bCertifi\u00e9s et traversables\" style=\"background-image: url(https:\/\/secupohl.com\/wp-content\/uploads\/2021\/10\/DWSPohl-Produktion-2016-07_160_secupohl-300x300.jpg)\">\n  \t\t\t\t<\/a>\n\t\t\t<\/div>\n\t\t\t<div class=\"bdt-custom-overlay bdt-position-cover\"><\/div>\n\n\t\t\t<div class=\"bdt-post-grid-desc bdt-position-medium bdt-position-bottom-left\">\n\n\t\t\t\t<h3 class=\"bdt-post-grid-title\">\n\t\t\t\t<a href=\"https:\/\/secupohl.com\/fr\/wissen\/seilsicherungssystem\/\" class=\"bdt-post-grid-link\" title=\"Syst\u00e8mes de ligne de vie \u300bCertifi\u00e9s et traversables\">\n\t\t\t\t\tSyst\u00e8mes de ligne de vie \u300bCertifi\u00e9s et traversables\n\t\t\t\t<\/a>\n\t\t\t<\/h3>\n\t\t\t\t\n\t\t\t\t\t\t\t\t\n\t\t\t<\/div>\n\n\t\t\t\n\t\t<\/div>\n\t\t\t\t\t\t\t<\/div>\n\n\t\t\t\t\t\t  \t\t\t<div class=\"bdt-width-1-3@m bdt-secondary\">\n\t\t\t\t\t\t\t\t<div class=\"bdt-post-grid-item bdt-transition-toggle bdt-position-relative\">\n\n\t\t\t<div class=\"bdt-post-grid-img-wrap bdt-overflow-hidden\">\n\t\t\t\t<a href=\"https:\/\/secupohl.com\/fr\/wissen\/psaga\/\" class=\"bdt-transition-scale-up bdt-background-cover bdt-transition-opaque bdt-flex\" title=\"PSAgA \u300bSimple et s\u00fbr contre les chutes\" style=\"background-image: url(https:\/\/secupohl.com\/wp-content\/uploads\/2021\/10\/DWSPohl-Produktion-2016-07_078_bearbeitet_oManschette-300x300.jpg)\">\n  \t\t\t\t<\/a>\n\t\t\t<\/div>\n\t\t\t<div class=\"bdt-custom-overlay bdt-position-cover\"><\/div>\n\n\t\t\t<div class=\"bdt-post-grid-desc bdt-position-medium bdt-position-bottom-left\">\n\n\t\t\t\t<h3 class=\"bdt-post-grid-title\">\n\t\t\t\t<a href=\"https:\/\/secupohl.com\/fr\/wissen\/psaga\/\" class=\"bdt-post-grid-link\" title=\"PSAgA \u300bSimple et s\u00fbr contre les chutes\">\n\t\t\t\t\tPSAgA \u300bSimple et s\u00fbr contre les chutes\n\t\t\t\t<\/a>\n\t\t\t<\/h3>\n\t\t\t\t\n\t\t\t\t\t\t\t\t\n\t\t\t<\/div>\n\n\t\t\t\n\t\t<\/div>\n\t\t\t\t\t\t\t<\/div>\n\n\t\t\t\t\t\t  \t\t\t<div class=\"bdt-width-1-3@m bdt-secondary\">\n\t\t\t\t\t\t\t\t<div class=\"bdt-post-grid-item bdt-transition-toggle bdt-position-relative\">\n\n\t\t\t<div class=\"bdt-post-grid-img-wrap bdt-overflow-hidden\">\n\t\t\t\t<a href=\"https:\/\/secupohl.com\/fr\/wissen\/anschlagpunkte\/\" class=\"bdt-transition-scale-up bdt-background-cover bdt-transition-opaque bdt-flex\" title=\"Points d&#039;ancrage \u300bMontage certifi\u00e9 et optimis\u00e9\" style=\"background-image: url(https:\/\/secupohl.com\/wp-content\/uploads\/2021\/10\/Kloubert_Secupohl_194_bearbeitet-300x300.jpg)\">\n  \t\t\t\t<\/a>\n\t\t\t<\/div>\n\t\t\t<div class=\"bdt-custom-overlay bdt-position-cover\"><\/div>\n\n\t\t\t<div class=\"bdt-post-grid-desc bdt-position-medium bdt-position-bottom-left\">\n\n\t\t\t\t<h3 class=\"bdt-post-grid-title\">\n\t\t\t\t<a href=\"https:\/\/secupohl.com\/fr\/wissen\/anschlagpunkte\/\" class=\"bdt-post-grid-link\" title=\"Points d&#039;ancrage \u300bMontage certifi\u00e9 et optimis\u00e9\">\n\t\t\t\t\tPoints d&#039;ancrage \u300bMontage certifi\u00e9 et optimis\u00e9\n\t\t\t\t<\/a>\n\t\t\t<\/h3>\n\t\t\t\t\n\t\t\t\t\t\t\t\t\n\t\t\t<\/div>\n\n\t\t\t\n\t\t<\/div>\n\t\t\t\t\t\t\t<\/div>\n\n\t\t\t\t\t\t\t<\/div>\n\t\t<\/div>\n\t\n \t\t\t\t\t\t<\/div>\n\t\t\t\t<\/div>\n\t\t\t\t\t<\/div>\n\t\t\t\t<\/div>\n\t\t\t\t<\/div>","protected":false},"excerpt":{"rendered":"<p>Man lernt nie aus Alles \u00fcber Absturzsicherung Begriffe und Fakten im Bezug auf Absturzsicherung einfach von Profis erkl\u00e4rt. Beispiele sind Allgemeines Wissen \u00fcber PSA, H\u00f6henschutz, Gel\u00e4ndersysteme uvm. Absturzsicherung \u300bzertifiziert &#038; einfache Montage Sichere Absturzsicherungen Dach Flachdach Absturzsicherungen Spezielle H\u00f6hensicherungsger\u00e4te Sekuranten \u300bzertifiziert &#038; das Original 1973 Gel\u00e4ndersysteme \u300bzertifiziert &#038; einfache Montage DIN EN 795 \u300bAnforderungen einfach [&hellip;]<\/p>\n","protected":false},"author":1,"featured_media":0,"parent":0,"menu_order":0,"comment_status":"closed","ping_status":"closed","template":"","meta":{"footnotes":""},"seiten_kategorie":[],"class_list":["post-1797","page","type-page","status-publish","hentry"],"_links":{"self":[{"href":"https:\/\/secupohl.com\/fr\/wp-json\/wp\/v2\/pages\/1797","targetHints":{"allow":["GET"]}}],"collection":[{"href":"https:\/\/secupohl.com\/fr\/wp-json\/wp\/v2\/pages"}],"about":[{"href":"https:\/\/secupohl.com\/fr\/wp-json\/wp\/v2\/types\/page"}],"author":[{"embeddable":true,"href":"https:\/\/secupohl.com\/fr\/wp-json\/wp\/v2\/users\/1"}],"replies":[{"embeddable":true,"href":"https:\/\/secupohl.com\/fr\/wp-json\/wp\/v2\/comments?post=1797"}],"version-history":[{"count":31,"href":"https:\/\/secupohl.com\/fr\/wp-json\/wp\/v2\/pages\/1797\/revisions"}],"predecessor-version":[{"id":5384,"href":"https:\/\/secupohl.com\/fr\/wp-json\/wp\/v2\/pages\/1797\/revisions\/5384"}],"wp:attachment":[{"href":"https:\/\/secupohl.com\/fr\/wp-json\/wp\/v2\/media?parent=1797"}],"wp:term":[{"taxonomy":"seiten_kategorie","embeddable":true,"href":"https:\/\/secupohl.com\/fr\/wp-json\/wp\/v2\/seiten_kategorie?post=1797"}],"curies":[{"name":"wp","href":"https:\/\/api.w.org\/{rel}","templated":true}]}}