{"id":1797,"date":"2021-08-30T02:56:31","date_gmt":"2021-08-30T02:56:31","guid":{"rendered":"https:\/\/secupohl.com\/?page_id=1797"},"modified":"2024-02-16T03:35:05","modified_gmt":"2024-02-16T01:35:05","slug":"wissen","status":"publish","type":"page","link":"https:\/\/secupohl.com\/en\/wissen\/","title":{"rendered":"knowledge"},"content":{"rendered":"<div data-elementor-type=\"wp-page\" data-elementor-id=\"1797\" class=\"elementor elementor-1797\" data-elementor-settings=\"{&quot;element_pack_global_tooltip_width&quot;:{&quot;unit&quot;:&quot;px&quot;,&quot;size&quot;:&quot;&quot;,&quot;sizes&quot;:[]},&quot;element_pack_global_tooltip_width_tablet&quot;:{&quot;unit&quot;:&quot;px&quot;,&quot;size&quot;:&quot;&quot;,&quot;sizes&quot;:[]},&quot;element_pack_global_tooltip_width_mobile&quot;:{&quot;unit&quot;:&quot;px&quot;,&quot;size&quot;:&quot;&quot;,&quot;sizes&quot;:[]},&quot;element_pack_global_tooltip_padding&quot;:{&quot;unit&quot;:&quot;px&quot;,&quot;top&quot;:&quot;&quot;,&quot;right&quot;:&quot;&quot;,&quot;bottom&quot;:&quot;&quot;,&quot;left&quot;:&quot;&quot;,&quot;isLinked&quot;:true},&quot;element_pack_global_tooltip_padding_tablet&quot;:{&quot;unit&quot;:&quot;px&quot;,&quot;top&quot;:&quot;&quot;,&quot;right&quot;:&quot;&quot;,&quot;bottom&quot;:&quot;&quot;,&quot;left&quot;:&quot;&quot;,&quot;isLinked&quot;:true},&quot;element_pack_global_tooltip_padding_mobile&quot;:{&quot;unit&quot;:&quot;px&quot;,&quot;top&quot;:&quot;&quot;,&quot;right&quot;:&quot;&quot;,&quot;bottom&quot;:&quot;&quot;,&quot;left&quot;:&quot;&quot;,&quot;isLinked&quot;:true},&quot;element_pack_global_tooltip_border_radius&quot;:{&quot;unit&quot;:&quot;px&quot;,&quot;top&quot;:&quot;&quot;,&quot;right&quot;:&quot;&quot;,&quot;bottom&quot;:&quot;&quot;,&quot;left&quot;:&quot;&quot;,&quot;isLinked&quot;:true},&quot;element_pack_global_tooltip_border_radius_tablet&quot;:{&quot;unit&quot;:&quot;px&quot;,&quot;top&quot;:&quot;&quot;,&quot;right&quot;:&quot;&quot;,&quot;bottom&quot;:&quot;&quot;,&quot;left&quot;:&quot;&quot;,&quot;isLinked&quot;:true},&quot;element_pack_global_tooltip_border_radius_mobile&quot;:{&quot;unit&quot;:&quot;px&quot;,&quot;top&quot;:&quot;&quot;,&quot;right&quot;:&quot;&quot;,&quot;bottom&quot;:&quot;&quot;,&quot;left&quot;:&quot;&quot;,&quot;isLinked&quot;:true}}\" data-elementor-post-type=\"page\">\n\t\t\t\t<div class=\"aux-parallax-section elementor-element elementor-element-dc79453 e-flex e-con-boxed e-con e-parent\" data-id=\"dc79453\" data-element_type=\"container\" data-e-type=\"container\">\n\t\t\t\t\t<div class=\"e-con-inner\">\n\t\t\t\t<div class=\"elementor-element elementor-element-94318e1 elementor-widget elementor-widget-heading\" data-id=\"94318e1\" data-element_type=\"widget\" data-e-type=\"widget\" data-widget_type=\"heading.default\">\n\t\t\t\t<div class=\"elementor-widget-container\">\n\t\t\t\t\t<h2 class=\"elementor-heading-title elementor-size-default\">You never stop learning<\/h2>\t\t\t\t<\/div>\n\t\t\t\t<\/div>\n\t\t\t\t<div class=\"elementor-element elementor-element-cd2cab0 elementor-widget elementor-widget-heading\" data-id=\"cd2cab0\" data-element_type=\"widget\" data-e-type=\"widget\" data-widget_type=\"heading.default\">\n\t\t\t\t<div class=\"elementor-widget-container\">\n\t\t\t\t\t<h1 class=\"elementor-heading-title elementor-size-default\">Everything about fall protection<\/h1>\t\t\t\t<\/div>\n\t\t\t\t<\/div>\n\t\t\t\t<div class=\"elementor-element elementor-element-14bc589 elementor-widget__width-initial elementor-widget elementor-widget-text-editor\" data-id=\"14bc589\" data-element_type=\"widget\" data-e-type=\"widget\" data-widget_type=\"text-editor.default\">\n\t\t\t\t<div class=\"elementor-widget-container\">\n\t\t\t\t\t\t\t\t\t<p>Terms and facts relating to fall protection simply explained by professionals. Examples are general knowledge about PPE, height protection, railing systems and much more.<\/p>\t\t\t\t\t\t\t\t<\/div>\n\t\t\t\t<\/div>\n\t\t\t\t\t<\/div>\n\t\t\t\t<\/div>\n\t\t<div class=\"aux-parallax-section elementor-element elementor-element-0cf8f5e e-flex e-con-boxed e-con e-parent\" data-id=\"0cf8f5e\" data-element_type=\"container\" data-e-type=\"container\">\n\t\t\t\t\t<div class=\"e-con-inner\">\n\t\t\t\t<div class=\"elementor-element elementor-element-218d6ab elementor-widget elementor-widget-bdt-post-grid\" data-id=\"218d6ab\" data-element_type=\"widget\" data-e-type=\"widget\" data-widget_type=\"bdt-post-grid.bdt-paddle\">\n\t\t\t\t<div class=\"elementor-widget-container\">\n\t\t\t\t\t \n\t\t<div id=\"bdt-post-grid-218d6ab\" class=\"bdt-post-grid bdt-post-grid-skin-default\">\n\t  \t\t<div class=\"bdt-grid bdt-grid-small\" data-bdt-grid>\n\n\t\t\t\t\t\t  \t\t\t<div class=\"bdt-width-1-2@m bdt-primary\">\n\t\t\t\t\t\t\t\t<div class=\"bdt-post-grid-item bdt-transition-toggle bdt-position-relative\">\n\n\t\t\t<div class=\"bdt-post-grid-img-wrap bdt-overflow-hidden\">\n\t\t\t\t<a href=\"https:\/\/secupohl.com\/en\/wissen\/absturzsicherung\/\" class=\"bdt-transition-scale-up bdt-background-cover bdt-transition-opaque bdt-flex\" title=\"\u300bFall Protection Certified &amp; Easy Assembly\" style=\"background-image: url(https:\/\/secupohl.com\/wp-content\/uploads\/2021\/09\/Kloubert_Secupohl_135_verlangert-300x300.jpg)\">\n  \t\t\t\t<\/a>\n\t\t\t<\/div>\n\t\t\t<div class=\"bdt-custom-overlay bdt-position-cover\"><\/div>\n\n\t\t\t<div class=\"bdt-post-grid-desc bdt-position-medium bdt-position-bottom-left\">\n\n\t\t\t\t<h3 class=\"bdt-post-grid-title\">\n\t\t\t\t<a href=\"https:\/\/secupohl.com\/en\/wissen\/absturzsicherung\/\" class=\"bdt-post-grid-link\" title=\"\u300bFall Protection Certified &amp; Easy Assembly\">\n\t\t\t\t\t\u300bFall Protection Certified &amp; Easy Assembly\n\t\t\t\t<\/a>\n\t\t\t<\/h3>\n\t\t\t\t\n\t\t\t\t\t\t\t\t\n\t\t\t<\/div>\n\n\t\t\t\n\t\t<\/div>\n\t\t\t\t\t\t\t<\/div>\n\n\t\t\t\t\t\t  \t\t\t<div class=\"bdt-width-1-2@m bdt-primary\">\n\t\t\t\t\t\t\t\t<div class=\"bdt-post-grid-item bdt-transition-toggle bdt-position-relative\">\n\n\t\t\t<div class=\"bdt-post-grid-img-wrap bdt-overflow-hidden\">\n\t\t\t\t<a href=\"https:\/\/secupohl.com\/en\/wissen\/absturzsicherungen-dach\/\" class=\"bdt-transition-scale-up bdt-background-cover bdt-transition-opaque bdt-flex\" title=\"Safe fall protection roof\" style=\"background-image: url(https:\/\/secupohl.com\/wp-content\/uploads\/2021\/10\/DWSPohl-Produktion-2016-07_109_Secupoint-300x300.jpg)\">\n  \t\t\t\t<\/a>\n\t\t\t<\/div>\n\t\t\t<div class=\"bdt-custom-overlay bdt-position-cover\"><\/div>\n\n\t\t\t<div class=\"bdt-post-grid-desc bdt-position-medium bdt-position-bottom-left\">\n\n\t\t\t\t<h3 class=\"bdt-post-grid-title\">\n\t\t\t\t<a href=\"https:\/\/secupohl.com\/en\/wissen\/absturzsicherungen-dach\/\" class=\"bdt-post-grid-link\" title=\"Safe fall protection roof\">\n\t\t\t\t\tSafe fall protection roof\n\t\t\t\t<\/a>\n\t\t\t<\/h3>\n\t\t\t\t\n\t\t\t\t\t\t\t\t\n\t\t\t<\/div>\n\n\t\t\t\n\t\t<\/div>\n\t\t\t\t\t\t\t<\/div>\n\n\t\t\t\t\t\t  \t\t\t<div class=\"bdt-width-1-3@m bdt-secondary\">\n\t\t\t\t\t\t\t\t<div class=\"bdt-post-grid-item bdt-transition-toggle bdt-position-relative\">\n\n\t\t\t<div class=\"bdt-post-grid-img-wrap bdt-overflow-hidden\">\n\t\t\t\t<a href=\"https:\/\/secupohl.com\/en\/wissen\/flachdach-absturzsicherungen\/\" class=\"bdt-transition-scale-up bdt-background-cover bdt-transition-opaque bdt-flex\" title=\"Flat roof fall protection\" style=\"background-image: url(https:\/\/secupohl.com\/wp-content\/uploads\/2021\/10\/DWSPohl-Produktion-2016-07_109_Secupoint-300x300.jpg)\">\n  \t\t\t\t<\/a>\n\t\t\t<\/div>\n\t\t\t<div class=\"bdt-custom-overlay bdt-position-cover\"><\/div>\n\n\t\t\t<div class=\"bdt-post-grid-desc bdt-position-medium bdt-position-bottom-left\">\n\n\t\t\t\t<h3 class=\"bdt-post-grid-title\">\n\t\t\t\t<a href=\"https:\/\/secupohl.com\/en\/wissen\/flachdach-absturzsicherungen\/\" class=\"bdt-post-grid-link\" title=\"Flat roof fall protection\">\n\t\t\t\t\tFlat roof fall protection\n\t\t\t\t<\/a>\n\t\t\t<\/h3>\n\t\t\t\t\n\t\t\t\t\t\t\t\t\n\t\t\t<\/div>\n\n\t\t\t\n\t\t<\/div>\n\t\t\t\t\t\t\t<\/div>\n\n\t\t\t\t\t\t  \t\t\t<div class=\"bdt-width-1-3@m bdt-secondary\">\n\t\t\t\t\t\t\t\t<div class=\"bdt-post-grid-item bdt-transition-toggle bdt-position-relative\">\n\n\t\t\t<div class=\"bdt-post-grid-img-wrap bdt-overflow-hidden\">\n\t\t\t\t<a href=\"https:\/\/secupohl.com\/en\/wissen\/hoehensicherungsgeraete\/\" class=\"bdt-transition-scale-up bdt-background-cover bdt-transition-opaque bdt-flex\" title=\"Special height safety devices\" style=\"background-image: url(https:\/\/secupohl.com\/wp-content\/uploads\/2021\/08\/HWS_6_front_DE_08052017_754-X-503-300x300.png)\">\n  \t\t\t\t<\/a>\n\t\t\t<\/div>\n\t\t\t<div class=\"bdt-custom-overlay bdt-position-cover\"><\/div>\n\n\t\t\t<div class=\"bdt-post-grid-desc bdt-position-medium bdt-position-bottom-left\">\n\n\t\t\t\t<h3 class=\"bdt-post-grid-title\">\n\t\t\t\t<a href=\"https:\/\/secupohl.com\/en\/wissen\/hoehensicherungsgeraete\/\" class=\"bdt-post-grid-link\" title=\"Special height safety devices\">\n\t\t\t\t\tSpecial height safety devices\n\t\t\t\t<\/a>\n\t\t\t<\/h3>\n\t\t\t\t\n\t\t\t\t\t\t\t\t\n\t\t\t<\/div>\n\n\t\t\t\n\t\t<\/div>\n\t\t\t\t\t\t\t<\/div>\n\n\t\t\t\t\t\t  \t\t\t<div class=\"bdt-width-1-3@m bdt-secondary\">\n\t\t\t\t\t\t\t\t<div class=\"bdt-post-grid-item bdt-transition-toggle bdt-position-relative\">\n\n\t\t\t<div class=\"bdt-post-grid-img-wrap bdt-overflow-hidden\">\n\t\t\t\t<a href=\"https:\/\/secupohl.com\/en\/wissen\/sekurant\/\" class=\"bdt-transition-scale-up bdt-background-cover bdt-transition-opaque bdt-flex\" title=\"Securers \u300bcertified &amp; the original 1973\" style=\"background-image: url(https:\/\/secupohl.com\/wp-content\/uploads\/2021\/09\/DWSPohl-Produktion-2016-07_137_bearbeitet_oManschette-300x300.jpg)\">\n  \t\t\t\t<\/a>\n\t\t\t<\/div>\n\t\t\t<div class=\"bdt-custom-overlay bdt-position-cover\"><\/div>\n\n\t\t\t<div class=\"bdt-post-grid-desc bdt-position-medium bdt-position-bottom-left\">\n\n\t\t\t\t<h3 class=\"bdt-post-grid-title\">\n\t\t\t\t<a href=\"https:\/\/secupohl.com\/en\/wissen\/sekurant\/\" class=\"bdt-post-grid-link\" title=\"Securers \u300bcertified &amp; the original 1973\">\n\t\t\t\t\tSecurers \u300bcertified &amp; the original 1973\n\t\t\t\t<\/a>\n\t\t\t<\/h3>\n\t\t\t\t\n\t\t\t\t\t\t\t\t\n\t\t\t<\/div>\n\n\t\t\t\n\t\t<\/div>\n\t\t\t\t\t\t\t<\/div>\n\n\t\t\t\t\t\t  \t\t\t<div class=\"bdt-width-1-2@m bdt-primary\">\n\t\t\t\t\t\t\t\t<div class=\"bdt-post-grid-item bdt-transition-toggle bdt-position-relative\">\n\n\t\t\t<div class=\"bdt-post-grid-img-wrap bdt-overflow-hidden\">\n\t\t\t\t<a href=\"https:\/\/secupohl.com\/en\/wissen\/gelaendersysteme\/\" class=\"bdt-transition-scale-up bdt-background-cover bdt-transition-opaque bdt-flex\" title=\"Railing Systems \u300bCertified &amp; Easy Assembly\" style=\"background-image: url(https:\/\/secupohl.com\/wp-content\/uploads\/2021\/09\/IMGP0364_bearb-300x300.jpg)\">\n  \t\t\t\t<\/a>\n\t\t\t<\/div>\n\t\t\t<div class=\"bdt-custom-overlay bdt-position-cover\"><\/div>\n\n\t\t\t<div class=\"bdt-post-grid-desc bdt-position-medium bdt-position-bottom-left\">\n\n\t\t\t\t<h3 class=\"bdt-post-grid-title\">\n\t\t\t\t<a href=\"https:\/\/secupohl.com\/en\/wissen\/gelaendersysteme\/\" class=\"bdt-post-grid-link\" title=\"Railing Systems \u300bCertified &amp; Easy Assembly\">\n\t\t\t\t\tRailing Systems \u300bCertified &amp; Easy Assembly\n\t\t\t\t<\/a>\n\t\t\t<\/h3>\n\t\t\t\t\n\t\t\t\t\t\t\t\t\n\t\t\t<\/div>\n\n\t\t\t\n\t\t<\/div>\n\t\t\t\t\t\t\t<\/div>\n\n\t\t\t\t\t\t  \t\t\t<div class=\"bdt-width-1-2@m bdt-primary\">\n\t\t\t\t\t\t\t\t<div class=\"bdt-post-grid-item bdt-transition-toggle bdt-position-relative\">\n\n\t\t\t<div class=\"bdt-post-grid-img-wrap bdt-overflow-hidden\">\n\t\t\t\t<a href=\"https:\/\/secupohl.com\/en\/wissen\/din-en-795\/\" class=\"bdt-transition-scale-up bdt-background-cover bdt-transition-opaque bdt-flex\" title=\"DIN EN 795 \u300bRequirements simply explained\" style=\"background-image: url(https:\/\/secupohl.com\/wp-content\/uploads\/2021\/10\/DWSPohl-Produktion-2016-07_109_Secupoint-300x300.jpg)\">\n  \t\t\t\t<\/a>\n\t\t\t<\/div>\n\t\t\t<div class=\"bdt-custom-overlay bdt-position-cover\"><\/div>\n\n\t\t\t<div class=\"bdt-post-grid-desc bdt-position-medium bdt-position-bottom-left\">\n\n\t\t\t\t<h3 class=\"bdt-post-grid-title\">\n\t\t\t\t<a href=\"https:\/\/secupohl.com\/en\/wissen\/din-en-795\/\" class=\"bdt-post-grid-link\" title=\"DIN EN 795 \u300bRequirements simply explained\">\n\t\t\t\t\tDIN EN 795 \u300bRequirements simply explained\n\t\t\t\t<\/a>\n\t\t\t<\/h3>\n\t\t\t\t\n\t\t\t\t\t\t\t\t\n\t\t\t<\/div>\n\n\t\t\t\n\t\t<\/div>\n\t\t\t\t\t\t\t<\/div>\n\n\t\t\t\t\t\t  \t\t\t<div class=\"bdt-width-1-3@m bdt-secondary\">\n\t\t\t\t\t\t\t\t<div class=\"bdt-post-grid-item bdt-transition-toggle bdt-position-relative\">\n\n\t\t\t<div class=\"bdt-post-grid-img-wrap bdt-overflow-hidden\">\n\t\t\t\t<a href=\"https:\/\/secupohl.com\/en\/wissen\/seilsicherungssystem\/\" class=\"bdt-transition-scale-up bdt-background-cover bdt-transition-opaque bdt-flex\" title=\"Lifeline Systems \u300bCertified &amp; Traversable\" style=\"background-image: url(https:\/\/secupohl.com\/wp-content\/uploads\/2021\/10\/DWSPohl-Produktion-2016-07_160_secupohl-300x300.jpg)\">\n  \t\t\t\t<\/a>\n\t\t\t<\/div>\n\t\t\t<div class=\"bdt-custom-overlay bdt-position-cover\"><\/div>\n\n\t\t\t<div class=\"bdt-post-grid-desc bdt-position-medium bdt-position-bottom-left\">\n\n\t\t\t\t<h3 class=\"bdt-post-grid-title\">\n\t\t\t\t<a href=\"https:\/\/secupohl.com\/en\/wissen\/seilsicherungssystem\/\" class=\"bdt-post-grid-link\" title=\"Lifeline Systems \u300bCertified &amp; Traversable\">\n\t\t\t\t\tLifeline Systems \u300bCertified &amp; Traversable\n\t\t\t\t<\/a>\n\t\t\t<\/h3>\n\t\t\t\t\n\t\t\t\t\t\t\t\t\n\t\t\t<\/div>\n\n\t\t\t\n\t\t<\/div>\n\t\t\t\t\t\t\t<\/div>\n\n\t\t\t\t\t\t  \t\t\t<div class=\"bdt-width-1-3@m bdt-secondary\">\n\t\t\t\t\t\t\t\t<div class=\"bdt-post-grid-item bdt-transition-toggle bdt-position-relative\">\n\n\t\t\t<div class=\"bdt-post-grid-img-wrap bdt-overflow-hidden\">\n\t\t\t\t<a href=\"https:\/\/secupohl.com\/en\/wissen\/psaga\/\" class=\"bdt-transition-scale-up bdt-background-cover bdt-transition-opaque bdt-flex\" title=\"PSAgA \u300bSimple &amp; Safe against falling\" style=\"background-image: url(https:\/\/secupohl.com\/wp-content\/uploads\/2021\/10\/DWSPohl-Produktion-2016-07_078_bearbeitet_oManschette-300x300.jpg)\">\n  \t\t\t\t<\/a>\n\t\t\t<\/div>\n\t\t\t<div class=\"bdt-custom-overlay bdt-position-cover\"><\/div>\n\n\t\t\t<div class=\"bdt-post-grid-desc bdt-position-medium bdt-position-bottom-left\">\n\n\t\t\t\t<h3 class=\"bdt-post-grid-title\">\n\t\t\t\t<a href=\"https:\/\/secupohl.com\/en\/wissen\/psaga\/\" class=\"bdt-post-grid-link\" title=\"PSAgA \u300bSimple &amp; Safe against falling\">\n\t\t\t\t\tPSAgA \u300bSimple &amp; Safe against falling\n\t\t\t\t<\/a>\n\t\t\t<\/h3>\n\t\t\t\t\n\t\t\t\t\t\t\t\t\n\t\t\t<\/div>\n\n\t\t\t\n\t\t<\/div>\n\t\t\t\t\t\t\t<\/div>\n\n\t\t\t\t\t\t  \t\t\t<div class=\"bdt-width-1-3@m bdt-secondary\">\n\t\t\t\t\t\t\t\t<div class=\"bdt-post-grid-item bdt-transition-toggle bdt-position-relative\">\n\n\t\t\t<div class=\"bdt-post-grid-img-wrap bdt-overflow-hidden\">\n\t\t\t\t<a href=\"https:\/\/secupohl.com\/en\/wissen\/anschlagpunkte\/\" class=\"bdt-transition-scale-up bdt-background-cover bdt-transition-opaque bdt-flex\" title=\"Anchor Points \u300bCertified &amp; Optimized Mounting\" style=\"background-image: url(https:\/\/secupohl.com\/wp-content\/uploads\/2021\/10\/Kloubert_Secupohl_194_bearbeitet-300x300.jpg)\">\n  \t\t\t\t<\/a>\n\t\t\t<\/div>\n\t\t\t<div class=\"bdt-custom-overlay bdt-position-cover\"><\/div>\n\n\t\t\t<div class=\"bdt-post-grid-desc bdt-position-medium bdt-position-bottom-left\">\n\n\t\t\t\t<h3 class=\"bdt-post-grid-title\">\n\t\t\t\t<a href=\"https:\/\/secupohl.com\/en\/wissen\/anschlagpunkte\/\" class=\"bdt-post-grid-link\" title=\"Anchor Points \u300bCertified &amp; Optimized Mounting\">\n\t\t\t\t\tAnchor Points \u300bCertified &amp; Optimized Mounting\n\t\t\t\t<\/a>\n\t\t\t<\/h3>\n\t\t\t\t\n\t\t\t\t\t\t\t\t\n\t\t\t<\/div>\n\n\t\t\t\n\t\t<\/div>\n\t\t\t\t\t\t\t<\/div>\n\n\t\t\t\t\t\t\t<\/div>\n\t\t<\/div>\n\t\n \t\t\t\t\t\t<\/div>\n\t\t\t\t<\/div>\n\t\t\t\t\t<\/div>\n\t\t\t\t<\/div>\n\t\t\t\t<\/div>","protected":false},"excerpt":{"rendered":"<p>Man lernt nie aus Alles \u00fcber Absturzsicherung Begriffe und Fakten im Bezug auf Absturzsicherung einfach von Profis erkl\u00e4rt. Beispiele sind Allgemeines Wissen \u00fcber PSA, H\u00f6henschutz, Gel\u00e4ndersysteme uvm. Absturzsicherung \u300bzertifiziert &#038; einfache Montage Sichere Absturzsicherungen Dach Flachdach Absturzsicherungen Spezielle H\u00f6hensicherungsger\u00e4te Sekuranten \u300bzertifiziert &#038; das Original 1973 Gel\u00e4ndersysteme \u300bzertifiziert &#038; einfache Montage DIN EN 795 \u300bAnforderungen einfach [&hellip;]<\/p>\n","protected":false},"author":1,"featured_media":0,"parent":0,"menu_order":0,"comment_status":"closed","ping_status":"closed","template":"","meta":{"footnotes":""},"seiten_kategorie":[],"class_list":["post-1797","page","type-page","status-publish","hentry"],"_links":{"self":[{"href":"https:\/\/secupohl.com\/en\/wp-json\/wp\/v2\/pages\/1797","targetHints":{"allow":["GET"]}}],"collection":[{"href":"https:\/\/secupohl.com\/en\/wp-json\/wp\/v2\/pages"}],"about":[{"href":"https:\/\/secupohl.com\/en\/wp-json\/wp\/v2\/types\/page"}],"author":[{"embeddable":true,"href":"https:\/\/secupohl.com\/en\/wp-json\/wp\/v2\/users\/1"}],"replies":[{"embeddable":true,"href":"https:\/\/secupohl.com\/en\/wp-json\/wp\/v2\/comments?post=1797"}],"version-history":[{"count":31,"href":"https:\/\/secupohl.com\/en\/wp-json\/wp\/v2\/pages\/1797\/revisions"}],"predecessor-version":[{"id":5384,"href":"https:\/\/secupohl.com\/en\/wp-json\/wp\/v2\/pages\/1797\/revisions\/5384"}],"wp:attachment":[{"href":"https:\/\/secupohl.com\/en\/wp-json\/wp\/v2\/media?parent=1797"}],"wp:term":[{"taxonomy":"seiten_kategorie","embeddable":true,"href":"https:\/\/secupohl.com\/en\/wp-json\/wp\/v2\/seiten_kategorie?post=1797"}],"curies":[{"name":"wp","href":"https:\/\/api.w.org\/{rel}","templated":true}]}}